{"id":1127,"date":"2024-01-30T18:00:48","date_gmt":"2024-01-30T18:00:48","guid":{"rendered":"https:\/\/amazingmarket.ee\/?post_type=product&#038;p=1127"},"modified":"2026-03-14T11:15:31","modified_gmt":"2026-03-14T09:15:31","slug":"ice-maker-h-koenig-kb-ice-cube-machine","status":"publish","type":"product","link":"https:\/\/amazingmarket.ee\/et\/toode\/ice-maker-h-koenig-kb-ice-cube-machine\/","title":{"rendered":"J\u00c4\u00c4MASIN H.Koenig KB j\u00e4\u00e4kuubikumasin"},"content":{"rendered":"<p>J\u00c4\u00c4MASIN H.Koenig KB j\u00e4\u00e4kuubikumasin on kompaktne ja t\u00f5hus seade, mis on loodud selleks, et pakkuda teile pidevat j\u00e4\u00e4kuubikute varu alati, kui neid vajate. Oma elegantse ja moodsa disainiga sobib see j\u00e4\u00e4masin ideaalselt kasutamiseks kodudes, kontorites v\u00f5i v\u00e4ikeettev\u00f5tetes. See suudab toota kuni 12 kilogrammi j\u00e4\u00e4kuubikuid p\u00e4evas, tagades, et teil ei saa pidudel ega koosviibimistel kunagi j\u00e4\u00e4 otsa. Intuitiivne juhtpaneel v\u00f5imaldab teil h\u00f5lpsalt seadeid reguleerida ja j\u00e4\u00e4 valmistamise protsessi j\u00e4lgida. Selle kiirk\u00fclmutustehnoloogia tagab j\u00e4\u00e4kuubikute kiire tootmise, et saaksite nautida k\u00fclmi jooke ootamata. Oma kompaktse suuruse ja vaikse t\u00f6\u00f6ga on H.Koenig KB j\u00e4\u00e4kuubikumasin mugav lisa igasse k\u00f6\u00f6ki v\u00f5i t\u00f6\u00f6ruumi.<\/p>","protected":false},"excerpt":{"rendered":"<div class=\"flex-1 overflow-hidden\">\n<div class=\"react-scroll-to-bottom--css-zjaoy-79elbk h-full\">\n<div class=\"react-scroll-to-bottom--css-zjaoy-1n7m0yu\">\n<div class=\"flex flex-col pb-9 text-sm\">\n<div class=\"w-full text-token-text-primary\" data-testid=\"conversation-turn-235\">\n<div class=\"px-4 py-2 justify-center text-base md:gap-6 m-auto\">\n<div class=\"flex flex-1 text-base mx-auto gap-3 md:px-5 lg:px-1 xl:px-5 md:max-w-3xl lg:max-w-[40rem] xl:max-w-[48rem] group final-completion\">\n<div class=\"relative flex w-full flex-col lg:w-[calc(100%-115px)] agent-turn\">\n<div class=\"flex-col gap-1 md:gap-3\">\n<div class=\"flex flex-grow flex-col max-w-full\">\n<div class=\"min-h-[20px] text-message flex flex-col items-start gap-3 whitespace-pre-wrap break-words [.text-message+&amp;]:mt-5 overflow-x-auto\" data-message-author-role=\"assistant\" data-message-id=\"c761d1dc-43ea-4293-bab5-6e9e49a040c4\">\n<div class=\"markdown prose w-full break-words dark:prose-invert light\">\n<p>The H.Koenig KB Ice Cube Machine is a compact and efficient appliance that can produce up to 12 kilograms of ice cubes per day. With its sleek design and intuitive controls, it&#8217;s perfect for homes, offices, or small businesses. Enjoy cold drinks anytime with this convenient ice maker.<\/p>\n<\/div>\n<\/div>\n<\/div>\n<\/div>\n<\/div>\n<\/div>\n<\/div>\n<\/div>\n<\/div>\n<\/div>\n<\/div>\n<\/div>\n","protected":false},"featured_media":1139,"comment_status":"open","ping_status":"closed","template":"","meta":{"_monsterinsights_skip_tracking":false,"_monsterinsights_sitenote_active":false,"_monsterinsights_sitenote_note":"","_monsterinsights_sitenote_category":0,"jetpack_publicize_message":"","jetpack_publicize_feature_enabled":true,"jetpack_social_post_already_shared":true,"jetpack_social_options":{"image_generator_settings":{"template":"highway","default_image_id":0,"font":"","enabled":false},"version":2}},"product_brand":[],"product_cat":[108],"product_tag":[],"class_list":{"0":"post-1127","1":"product","2":"type-product","3":"status-publish","4":"has-post-thumbnail","6":"product_cat-ice-makers-icecream-makers","8":"first","9":"instock","10":"sale","11":"shipping-taxable","12":"purchasable","13":"product-type-simple"},"aioseo_notices":[],"jetpack_publicize_connections":[],"jetpack_sharing_enabled":true,"_links":{"self":[{"href":"https:\/\/amazingmarket.ee\/et\/wp-json\/wp\/v2\/product\/1127","targetHints":{"allow":["GET"]}}],"collection":[{"href":"https:\/\/amazingmarket.ee\/et\/wp-json\/wp\/v2\/product"}],"about":[{"href":"https:\/\/amazingmarket.ee\/et\/wp-json\/wp\/v2\/types\/product"}],"replies":[{"embeddable":true,"href":"https:\/\/amazingmarket.ee\/et\/wp-json\/wp\/v2\/comments?post=1127"}],"wp:featuredmedia":[{"embeddable":true,"href":"https:\/\/amazingmarket.ee\/et\/wp-json\/wp\/v2\/media\/1139"}],"wp:attachment":[{"href":"https:\/\/amazingmarket.ee\/et\/wp-json\/wp\/v2\/media?parent=1127"}],"wp:term":[{"taxonomy":"product_brand","embeddable":true,"href":"https:\/\/amazingmarket.ee\/et\/wp-json\/wp\/v2\/product_brand?post=1127"},{"taxonomy":"product_cat","embeddable":true,"href":"https:\/\/amazingmarket.ee\/et\/wp-json\/wp\/v2\/product_cat?post=1127"},{"taxonomy":"product_tag","embeddable":true,"href":"https:\/\/amazingmarket.ee\/et\/wp-json\/wp\/v2\/product_tag?post=1127"}],"curies":[{"name":"wp","href":"https:\/\/api.w.org\/{rel}","templated":true}]}}