{"id":11222,"date":"2025-04-14T10:08:39","date_gmt":"2025-04-14T08:08:39","guid":{"rendered":"https:\/\/amazingmarket.ee\/?post_type=product&#038;p=11222"},"modified":"2026-03-14T11:15:19","modified_gmt":"2026-03-14T09:15:19","slug":"ikea-puerto-rico-hektar-pendant-lamp-dark-gray","status":"publish","type":"product","link":"https:\/\/amazingmarket.ee\/et\/toode\/ikea-puerto-rico-hektar-pendant-lamp-dark-gray\/","title":{"rendered":"IKEA Puerto Rico \u2013 rippvalgusti HEKTAR, tumehall"},"content":{"rendered":"<h3 class=\"tab-pane_title mb-3 heading-s\">Kokkupandud suurus<\/h3>\n<div>\n<table class=\"table table-line table-sm\">\n<tbody>\n<tr>\n<td>Max:<\/td>\n<td>22 W<\/td>\n<\/tr>\n<tr>\n<td>L\u00e4bim\u00f5\u00f5t:<\/td>\n<td>9 &#8220;<\/td>\n<\/tr>\n<tr>\n<td>Varju k\u00f5rgus:<\/td>\n<td>10 1\/4 &#8220;<\/td>\n<\/tr>\n<tr>\n<td>Juhtme pikkus:<\/td>\n<td>63 &#8220;<\/td>\n<\/tr>\n<\/tbody>\n<\/table>\n<\/div>","protected":false},"excerpt":{"rendered":"<p>Assembled size Max.: 22 W Diameter: 9 &#8220; Shade height: 10 1\/4 &#8220; Cord length: 63 &#8220;<\/p>","protected":false},"featured_media":11223,"comment_status":"open","ping_status":"closed","template":"","meta":{"_monsterinsights_skip_tracking":false,"_monsterinsights_sitenote_active":false,"_monsterinsights_sitenote_note":"","_monsterinsights_sitenote_category":0,"jetpack_publicize_message":"","jetpack_publicize_feature_enabled":true,"jetpack_social_post_already_shared":true,"jetpack_social_options":{"image_generator_settings":{"template":"highway","default_image_id":0,"font":"","enabled":false},"version":2}},"product_brand":[],"product_cat":[206],"product_tag":[],"class_list":{"0":"post-11222","1":"product","2":"type-product","3":"status-publish","4":"has-post-thumbnail","6":"product_cat-lamps","8":"first","9":"instock","10":"shipping-taxable","11":"purchasable","12":"product-type-simple"},"aioseo_notices":[],"jetpack_publicize_connections":[],"jetpack_sharing_enabled":true,"_links":{"self":[{"href":"https:\/\/amazingmarket.ee\/et\/wp-json\/wp\/v2\/product\/11222","targetHints":{"allow":["GET"]}}],"collection":[{"href":"https:\/\/amazingmarket.ee\/et\/wp-json\/wp\/v2\/product"}],"about":[{"href":"https:\/\/amazingmarket.ee\/et\/wp-json\/wp\/v2\/types\/product"}],"replies":[{"embeddable":true,"href":"https:\/\/amazingmarket.ee\/et\/wp-json\/wp\/v2\/comments?post=11222"}],"wp:featuredmedia":[{"embeddable":true,"href":"https:\/\/amazingmarket.ee\/et\/wp-json\/wp\/v2\/media\/11223"}],"wp:attachment":[{"href":"https:\/\/amazingmarket.ee\/et\/wp-json\/wp\/v2\/media?parent=11222"}],"wp:term":[{"taxonomy":"product_brand","embeddable":true,"href":"https:\/\/amazingmarket.ee\/et\/wp-json\/wp\/v2\/product_brand?post=11222"},{"taxonomy":"product_cat","embeddable":true,"href":"https:\/\/amazingmarket.ee\/et\/wp-json\/wp\/v2\/product_cat?post=11222"},{"taxonomy":"product_tag","embeddable":true,"href":"https:\/\/amazingmarket.ee\/et\/wp-json\/wp\/v2\/product_tag?post=11222"}],"curies":[{"name":"wp","href":"https:\/\/api.w.org\/{rel}","templated":true}]}}