{"id":1118,"date":"2024-01-30T17:49:51","date_gmt":"2024-01-30T17:49:51","guid":{"rendered":"https:\/\/amazingmarket.ee\/?post_type=product&#038;p=1118"},"modified":"2026-03-14T11:15:31","modified_gmt":"2026-03-14T09:15:31","slug":"livington-copperline-wondercooker","status":"publish","type":"product","link":"https:\/\/amazingmarket.ee\/et\/toode\/livington-copperline-wondercooker\/","title":{"rendered":"Livington COPPERLINE WonderCooker"},"content":{"rendered":"<p>Livington COPPERLINE WonderCooker on ainulaadne multifunktsionaalne k\u00f6\u00f6giseade, mis \u00fchendab endas panni, k\u00fcpsetuspoti, pliidi, frit\u00fc\u00fcri ja auruti funktsioonid. WonderCookeriga saate h\u00f5lpsasti valmistada mitmesuguseid roogasid, alates praekanast kuni k\u00f6\u00f6giviljahautisteni. Seadmel on uuenduslik vaskkate, mis tagab \u00fchtlase soojusjaotuse ja hoiab \u00e4ra toidu kleepumise. Suure mahutavuse ja tugeva konstruktsiooniga WonderCooker sobib suurep\u00e4raselt suurte pere\u00f5htus\u00f6\u00f6kide v\u00f5i pidude valmistamiseks.<\/p>","protected":false},"excerpt":{"rendered":"<div class=\"flex-1 overflow-hidden\">\n<div class=\"react-scroll-to-bottom--css-zjaoy-79elbk h-full\">\n<div class=\"react-scroll-to-bottom--css-zjaoy-1n7m0yu\">\n<div class=\"flex flex-col pb-9 text-sm\">\n<div class=\"w-full text-token-text-primary\" data-testid=\"conversation-turn-231\">\n<div class=\"px-4 py-2 justify-center text-base md:gap-6 m-auto\">\n<div class=\"flex flex-1 text-base mx-auto gap-3 md:px-5 lg:px-1 xl:px-5 md:max-w-3xl lg:max-w-[40rem] xl:max-w-[48rem] group final-completion\">\n<div class=\"relative flex w-full flex-col lg:w-[calc(100%-115px)] agent-turn\">\n<div class=\"flex-col gap-1 md:gap-3\">\n<div class=\"flex flex-grow flex-col max-w-full\">\n<div class=\"min-h-[20px] text-message flex flex-col items-start gap-3 whitespace-pre-wrap break-words [.text-message+&amp;]:mt-5 overflow-x-auto\" data-message-author-role=\"assistant\" data-message-id=\"5c33d403-a781-4da9-84d7-00e31bce4000\">\n<div class=\"markdown prose w-full break-words dark:prose-invert light\">\n<p>The Livington COPPERLINE WonderCooker is a unique multifunctional kitchen device that combines the functions of a skillet, baking pot, cooker, fryer, and steamer. With its innovative copper coating, it ensures even heat distribution and prevents food from sticking, making it perfect for preparing various dishes with ease.<\/p>\n<\/div>\n<\/div>\n<\/div>\n<\/div>\n<\/div>\n<\/div>\n<\/div>\n<\/div>\n<\/div>\n<\/div>\n<\/div>\n<\/div>\n","protected":false},"featured_media":1142,"comment_status":"open","ping_status":"closed","template":"","meta":{"_monsterinsights_skip_tracking":false,"_monsterinsights_sitenote_active":false,"_monsterinsights_sitenote_note":"","_monsterinsights_sitenote_category":0,"jetpack_publicize_message":"","jetpack_publicize_feature_enabled":true,"jetpack_social_post_already_shared":false,"jetpack_social_options":{"image_generator_settings":{"template":"highway","default_image_id":0,"font":"","enabled":false},"version":2}},"product_brand":[],"product_cat":[107],"product_tag":[],"class_list":{"0":"post-1118","1":"product","2":"type-product","3":"status-publish","4":"has-post-thumbnail","6":"product_cat-wonder-cookers","8":"first","9":"instock","10":"sale","11":"shipping-taxable","12":"purchasable","13":"product-type-simple"},"aioseo_notices":[],"jetpack_publicize_connections":[],"jetpack_sharing_enabled":true,"_links":{"self":[{"href":"https:\/\/amazingmarket.ee\/et\/wp-json\/wp\/v2\/product\/1118","targetHints":{"allow":["GET"]}}],"collection":[{"href":"https:\/\/amazingmarket.ee\/et\/wp-json\/wp\/v2\/product"}],"about":[{"href":"https:\/\/amazingmarket.ee\/et\/wp-json\/wp\/v2\/types\/product"}],"replies":[{"embeddable":true,"href":"https:\/\/amazingmarket.ee\/et\/wp-json\/wp\/v2\/comments?post=1118"}],"wp:featuredmedia":[{"embeddable":true,"href":"https:\/\/amazingmarket.ee\/et\/wp-json\/wp\/v2\/media\/1142"}],"wp:attachment":[{"href":"https:\/\/amazingmarket.ee\/et\/wp-json\/wp\/v2\/media?parent=1118"}],"wp:term":[{"taxonomy":"product_brand","embeddable":true,"href":"https:\/\/amazingmarket.ee\/et\/wp-json\/wp\/v2\/product_brand?post=1118"},{"taxonomy":"product_cat","embeddable":true,"href":"https:\/\/amazingmarket.ee\/et\/wp-json\/wp\/v2\/product_cat?post=1118"},{"taxonomy":"product_tag","embeddable":true,"href":"https:\/\/amazingmarket.ee\/et\/wp-json\/wp\/v2\/product_tag?post=1118"}],"curies":[{"name":"wp","href":"https:\/\/api.w.org\/{rel}","templated":true}]}}