{"id":1111,"date":"2024-01-30T17:25:52","date_gmt":"2024-01-30T17:25:52","guid":{"rendered":"https:\/\/amazingmarket.ee\/?post_type=product&#038;p=1111"},"modified":"2026-03-14T11:15:31","modified_gmt":"2026-03-14T09:15:31","slug":"ninja-multicooker-op300eu","status":"publish","type":"product","link":"https:\/\/amazingmarket.ee\/et\/toode\/ninja-multicooker-op300eu\/","title":{"rendered":"Ninja multikeetja op300eu"},"content":{"rendered":"<pre id=\"tw-target-text\" class=\"tw-data-text tw-text-large tw-ta\" dir=\"ltr\" data-placeholder=\"\u041f\u0435\u0440\u0435\u0432\u043e\u0434\" data-ved=\"2ahUKEwjGkaWay5WJAxXlLRAIHf8EDdwQ3ewLegQIBxAU\" aria-label=\"\u041f\u0435\u0440\u0435\u0432\u0435\u0434\u0435\u043d\u043d\u044b\u0439 \u0442\u0435\u043a\u0441\u0442: Kasutatud, kaasas on see, mis fotol\"><span class=\"Y2IQFc\" lang=\"en\" style=\"font-size: 130%;\">Kasutatud, kaasas on see, mis pildil<\/span><\/pre>\n<p>Ninja Multicooker OP300EU on mitmek\u00fclgne ja t\u00e4iustatud k\u00f6\u00f6giseade, mis on loodud toidu valmistamise ja toiduvalmistamise lihtsustamiseks. Oma 6-in-1 funktsionaalsusega saab see multikeetja t\u00e4ita erinevaid toiduvalmistamis\u00fclesandeid, sealhulgas survek\u00fcpsetamist, aeglast k\u00fcpsetamist, aurutamist, hautamist, k\u00fcpsetamist ja r\u00f6stimist \u2013 k\u00f5ike seda \u00fches mugavas seadmes. Varustatud t\u00e4iustatud k\u00fcttetehnoloogia ja t\u00e4pse temperatuuri reguleerimisega, tagab see iga kord \u00fchtlase ja maitsva tulemuse. Suure mahutavusega sisepott v\u00f5imaldab valmistada toite kogu perele, samas kui intuitiivne digitaalne juhtpaneel ja eelseadistatud toiduvalmistamisprogrammid muudavad t\u00f6\u00f6 lihtsaks. Lisaks lisab elegantne ja kaasaegne disain stiili igale k\u00f6\u00f6gilauale. T\u00f5stke oma toiduvalmistamism\u00e4ngu Ninja Multicookeriga ja nautige mitmek\u00fclgset ja probleemivaba toiduvalmistamist.<\/p>","protected":false},"excerpt":{"rendered":"<p>Ninja Multicooker OP300EU pakub oma 6-in-1 funktsionaalsusega mitmek\u00fclgseid toiduvalmistamisv\u00f5imalusi, muutes selle mugavaks ja t\u00f5husaks k\u00f6\u00f6giseadmeks. T\u00e4pse temperatuuri reguleerimise ja eelseadistatud toiduvalmistamisprogrammidega tagab see iga toidukorra jaoks \u00fchtlase ja maitsva tulemuse. Selle elegantne disain lisab igale k\u00f6\u00f6gilauale elegantsi.<\/p>","protected":false},"featured_media":1143,"comment_status":"open","ping_status":"closed","template":"","meta":{"_monsterinsights_skip_tracking":false,"_monsterinsights_sitenote_active":false,"_monsterinsights_sitenote_note":"","_monsterinsights_sitenote_category":0,"jetpack_publicize_message":"","jetpack_publicize_feature_enabled":true,"jetpack_social_post_already_shared":false,"jetpack_social_options":{"image_generator_settings":{"template":"highway","default_image_id":0,"font":"","enabled":false},"version":2}},"product_brand":[],"product_cat":[93],"product_tag":[],"class_list":{"0":"post-1111","1":"product","2":"type-product","3":"status-publish","4":"has-post-thumbnail","6":"product_cat-multicookers-and-pressure-cookers","8":"first","9":"instock","10":"sale","11":"shipping-taxable","12":"purchasable","13":"product-type-simple"},"aioseo_notices":[],"jetpack_publicize_connections":[],"jetpack_sharing_enabled":true,"_links":{"self":[{"href":"https:\/\/amazingmarket.ee\/et\/wp-json\/wp\/v2\/product\/1111","targetHints":{"allow":["GET"]}}],"collection":[{"href":"https:\/\/amazingmarket.ee\/et\/wp-json\/wp\/v2\/product"}],"about":[{"href":"https:\/\/amazingmarket.ee\/et\/wp-json\/wp\/v2\/types\/product"}],"replies":[{"embeddable":true,"href":"https:\/\/amazingmarket.ee\/et\/wp-json\/wp\/v2\/comments?post=1111"}],"wp:featuredmedia":[{"embeddable":true,"href":"https:\/\/amazingmarket.ee\/et\/wp-json\/wp\/v2\/media\/1143"}],"wp:attachment":[{"href":"https:\/\/amazingmarket.ee\/et\/wp-json\/wp\/v2\/media?parent=1111"}],"wp:term":[{"taxonomy":"product_brand","embeddable":true,"href":"https:\/\/amazingmarket.ee\/et\/wp-json\/wp\/v2\/product_brand?post=1111"},{"taxonomy":"product_cat","embeddable":true,"href":"https:\/\/amazingmarket.ee\/et\/wp-json\/wp\/v2\/product_cat?post=1111"},{"taxonomy":"product_tag","embeddable":true,"href":"https:\/\/amazingmarket.ee\/et\/wp-json\/wp\/v2\/product_tag?post=1111"}],"curies":[{"name":"wp","href":"https:\/\/api.w.org\/{rel}","templated":true}]}}