{"id":10989,"date":"2025-03-28T13:39:18","date_gmt":"2025-03-28T11:39:18","guid":{"rendered":"https:\/\/amazingmarket.ee\/?post_type=product&#038;p=10989"},"modified":"2026-03-14T11:15:19","modified_gmt":"2026-03-14T09:15:19","slug":"shark-iz201eu-cordless-vacuum","status":"publish","type":"product","link":"https:\/\/amazingmarket.ee\/et\/toode\/shark-iz201eu-cordless-vacuum\/","title":{"rendered":"Shark IZ201EU juhtmeta tolmuimeja"},"content":{"rendered":"<p><strong><span style=\"font-size: 130%;\">KASUTATUD ASJA<\/span><\/strong><\/p>\n<p>Selle \u00fcksuse kohta<br \/>\nJUHTMETA KAASASKANTAV BLENDER: Selle v\u00f5imsa kaasaskantava miniblenderiga saate vaevata valmistada maitsvaid smuutisid, proteiinikokteile ja k\u00fclmutatud jooke igal pool ja igal ajal.<br \/>\nV\u00d5IMAS JA K\u00d5RGE J\u00d5UDLUSEGA: Ninja k\u00f5ige kompaktsem ja vaiksem blender. T\u00e4nu roostevabast terasest BlastBlade&#039;i konstruktsioonile saate purustada k\u00fclmutatud puuvilju ja j\u00e4\u00e4d ning valmistada \u00fclisujuvaid jooke.<br \/>\nV\u00d5TA K\u00d5IKJAL KAASA: Joo samast tassist t\u00e4nu tilkumiskindlale kaanele ja tilale. Mugav kandek\u00e4epide. Ideaalne j\u00f5usaali, t\u00f6\u00f6le, parki ja mujale. Tassi ja tera katted turvaliseks hoiustamiseks.<br \/>\nPIKAKESKMINE AKU: USB-C laetav alus v\u00f5imaldab \u00fche laadimisega rohkem kui 10 kasutuskorda ja aku kestab kuni 2 tundi. T\u00e4ielik laadimine v\u00f5tab aega umbes 2 tundi.<br \/>\nSISALDAB: Kaasaskantavat blenderit, laetavat alusmootorit (USB-C), 530 ml BPA-vaba anumat (*maksimaalne mahutavus 470 ml), kergesti avatavat, tilgakindlat kaant, anuma ja terade katteid, USB-C kaablit, retseptijuhendit. Kaal: 790 g. V\u00e4rvus: j\u00f5hvikapunane.<br \/>\nM\u00d5\u00d5TMED: Violetne 270 mm x laius 90 mm x laius 85 mm. Kaas ja anum on n\u00f5udepesumasinas pestavad.<\/p>","protected":false},"excerpt":{"rendered":"<div class=\"a-row\">\n<div class=\"a-column a-span6\">\n<h1 class=\"a-size-medium a-spacing-small\">Tehnilised \u00fcksikasjad<\/h1>\n<\/div>\n<\/div>\n<div class=\"a-expander-content a-expander-extend-content\" data-expanded=\"true\">\n<div class=\"a-row a-expander-container a-expander-inline-container\">\n<div class=\"a-expander-content a-expander-section-content a-section-expander-inner\" data-expanded=\"true\">\n<table id=\"productDetails_techSpec_section_1\" class=\"a-keyvalue prodDetTable\" role=\"presentation\">\n<tbody>\n<tr>\n<th class=\"a-color-secondary a-size-base prodDetSectionEntry\">Kaubam\u00e4rk<\/th>\n<td class=\"a-size-base prodDetAttrValue\">Hai<\/td>\n<\/tr>\n<tr>\n<th class=\"a-color-secondary a-size-base prodDetSectionEntry\">Mudeli number<\/th>\n<td class=\"a-size-base prodDetAttrValue\">IZ201EU<\/td>\n<\/tr>\n<tr>\n<th class=\"a-color-secondary a-size-base prodDetSectionEntry\">V\u00e4rv<\/th>\n<td class=\"a-size-base prodDetAttrValue\">Oran\u017e<\/td>\n<\/tr>\n<tr>\n<th class=\"a-color-secondary a-size-base prodDetSectionEntry\">Toote m\u00f5\u00f5tmed<\/th>\n<td class=\"a-size-base prodDetAttrValue\">26 x 24,5 x 118 cm; 4,1 kg<\/td>\n<\/tr>\n<tr>\n<th class=\"a-color-secondary a-size-base prodDetSectionEntry\">Mahutavus<\/th>\n<td class=\"a-size-base prodDetAttrValue\">0,7 liitrit<\/td>\n<\/tr>\n<tr>\n<th class=\"a-color-secondary a-size-base prodDetSectionEntry\">Helitugevus<\/th>\n<td class=\"a-size-base prodDetAttrValue\">0,7 liitrit<\/td>\n<\/tr>\n<tr>\n<th class=\"a-color-secondary a-size-base prodDetSectionEntry\">V\u00f5imsus \/ vatt<\/th>\n<td class=\"a-size-base prodDetAttrValue\">145 vatti<\/td>\n<\/tr>\n<tr>\n<th class=\"a-color-secondary a-size-base prodDetSectionEntry\">M\u00fcra tase<\/th>\n<td class=\"a-size-base prodDetAttrValue\">80 dB<\/td>\n<\/tr>\n<tr>\n<th class=\"a-color-secondary a-size-base prodDetSectionEntry\">Kestus<\/th>\n<td class=\"a-size-base prodDetAttrValue\">40 minutit<\/td>\n<\/tr>\n<tr>\n<th class=\"a-color-secondary a-size-base prodDetSectionEntry\">Eriomadused<\/th>\n<td class=\"a-size-base prodDetAttrValue\">juhtmeta, ts\u00fcklon, kotita, pestav filter<\/td>\n<\/tr>\n<tr>\n<th class=\"a-color-secondary a-size-base prodDetSectionEntry\">Kauba kaal<\/th>\n<td class=\"a-size-base prodDetAttrValue\">4,1 kg<\/td>\n<\/tr>\n<\/tbody>\n<\/table>\n<\/div>\n<\/div>\n<\/div>","protected":false},"featured_media":10995,"comment_status":"open","ping_status":"closed","template":"","meta":{"_monsterinsights_skip_tracking":false,"_monsterinsights_sitenote_active":false,"_monsterinsights_sitenote_note":"","_monsterinsights_sitenote_category":0,"jetpack_publicize_message":"","jetpack_publicize_feature_enabled":true,"jetpack_social_post_already_shared":true,"jetpack_social_options":{"image_generator_settings":{"template":"highway","default_image_id":0,"font":"","enabled":false},"version":2}},"product_brand":[],"product_cat":[101],"product_tag":[],"class_list":{"0":"post-10989","1":"product","2":"type-product","3":"status-publish","4":"has-post-thumbnail","6":"product_cat-cordless-vacuum-cleaners","8":"first","9":"instock","10":"sale","11":"shipping-taxable","12":"purchasable","13":"product-type-simple"},"aioseo_notices":[],"jetpack_publicize_connections":[],"jetpack_sharing_enabled":true,"_links":{"self":[{"href":"https:\/\/amazingmarket.ee\/et\/wp-json\/wp\/v2\/product\/10989","targetHints":{"allow":["GET"]}}],"collection":[{"href":"https:\/\/amazingmarket.ee\/et\/wp-json\/wp\/v2\/product"}],"about":[{"href":"https:\/\/amazingmarket.ee\/et\/wp-json\/wp\/v2\/types\/product"}],"replies":[{"embeddable":true,"href":"https:\/\/amazingmarket.ee\/et\/wp-json\/wp\/v2\/comments?post=10989"}],"wp:featuredmedia":[{"embeddable":true,"href":"https:\/\/amazingmarket.ee\/et\/wp-json\/wp\/v2\/media\/10995"}],"wp:attachment":[{"href":"https:\/\/amazingmarket.ee\/et\/wp-json\/wp\/v2\/media?parent=10989"}],"wp:term":[{"taxonomy":"product_brand","embeddable":true,"href":"https:\/\/amazingmarket.ee\/et\/wp-json\/wp\/v2\/product_brand?post=10989"},{"taxonomy":"product_cat","embeddable":true,"href":"https:\/\/amazingmarket.ee\/et\/wp-json\/wp\/v2\/product_cat?post=10989"},{"taxonomy":"product_tag","embeddable":true,"href":"https:\/\/amazingmarket.ee\/et\/wp-json\/wp\/v2\/product_tag?post=10989"}],"curies":[{"name":"wp","href":"https:\/\/api.w.org\/{rel}","templated":true}]}}