{"id":10948,"date":"2025-03-28T11:35:06","date_gmt":"2025-03-28T09:35:06","guid":{"rendered":"https:\/\/amazingmarket.ee\/?post_type=product&#038;p=10948"},"modified":"2026-03-14T11:15:19","modified_gmt":"2026-03-14T09:15:19","slug":"next-level-racing-ers1-elite-seat","status":"publish","type":"product","link":"https:\/\/amazingmarket.ee\/et\/toode\/next-level-racing-ers1-elite-seat\/","title":{"rendered":"Next Level Racing ERS1 Elite Seat"},"content":{"rendered":"<ul class=\"a-unordered-list a-vertical a-spacing-mini\">\n<li class=\"a-spacing-mini\"><span class=\"a-list-item\">Disainitud ja valmistatud hingavast v\u00f5idus\u00f5iduseemisnahast<\/span><\/li>\n<li class=\"a-spacing-mini\"><span class=\"a-list-item\">\u00dchildub Next Level Racing Elite kokpiti ja GTTracki kokpitiga<\/span><\/li>\n<li class=\"a-spacing-mini\"><span class=\"a-list-item\">Patenteerimata disain, mis toob lamavatele istmetele uue taseme j\u00e4ikuse<\/span><\/li>\n<li class=\"a-spacing-mini\"><span class=\"a-list-item\">Sobib mugavuse ja vastupidavuse v\u00f5idus\u00f5iduks, valmistatud k\u00f5rge tihedusega k\u00fclmvormitud vahust<\/span><\/li>\n<li class=\"a-spacing-mini\"><span class=\"a-list-item\">Topeltlukustuvad istme liugurid maksimaalse tugevuse ja t\u00e4pse reguleerimise tagamiseks<\/span><\/li>\n<li class=\"a-spacing-mini\"><span class=\"a-list-item\">Universaalselt disainitud sobima enamiku p\u00f5hjakinnitatud alumiiniumist kokpiti \u0161assiiga<\/span><\/li>\n<\/ul>","protected":false},"excerpt":{"rendered":"<hr class=\"a-divider-normal bucketDivider\" aria-hidden=\"true\" \/>\n<h2>Toote \u00fcksikasjad<\/h2>\n<div id=\"detailBullets_feature_div\">\n<ul class=\"a-unordered-list a-nostyle a-vertical a-spacing-none detail-bullet-list\">\n<li><span class=\"a-list-item\"><span class=\"a-text-bold\">Keel :\u00a0<\/span>inglise keel<\/span><\/li>\n<li><span class=\"a-list-item\"><span class=\"a-text-bold\">Toote m\u00f5\u00f5tmed: \u200e\u00a0<\/span>71,12 x 55,12 x 91,44 cm; 13,52 kg<\/span><\/li>\n<li><span class=\"a-list-item\"><span class=\"a-text-bold\">V\u00e4ljalaske kuup\u00e4ev:\u00a0<\/span>1. aprill 2022<\/span><\/li>\n<li><span class=\"a-list-item\"><span class=\"a-text-bold\">ASIN :\u00a0<\/span>B09XJFDP41<\/span><\/li>\n<li><span class=\"a-list-item\"><span class=\"a-text-bold\">Kauba mudeli number: \u200e\u00a0<\/span>NLR-E030<\/span><\/li>\n<\/ul>\n<\/div>","protected":false},"featured_media":10949,"comment_status":"open","ping_status":"closed","template":"","meta":{"_monsterinsights_skip_tracking":false,"_monsterinsights_sitenote_active":false,"_monsterinsights_sitenote_note":"","_monsterinsights_sitenote_category":0,"jetpack_publicize_message":"","jetpack_publicize_feature_enabled":true,"jetpack_social_post_already_shared":true,"jetpack_social_options":{"image_generator_settings":{"template":"highway","default_image_id":0,"font":"","enabled":false},"version":2}},"product_brand":[],"product_cat":[199],"product_tag":[],"class_list":{"0":"post-10948","1":"product","2":"type-product","3":"status-publish","4":"has-post-thumbnail","6":"product_cat-gaming-steering-wheels-chairs","8":"first","9":"instock","10":"sale","11":"shipping-taxable","12":"purchasable","13":"product-type-simple"},"aioseo_notices":[],"jetpack_publicize_connections":[],"jetpack_sharing_enabled":true,"_links":{"self":[{"href":"https:\/\/amazingmarket.ee\/et\/wp-json\/wp\/v2\/product\/10948","targetHints":{"allow":["GET"]}}],"collection":[{"href":"https:\/\/amazingmarket.ee\/et\/wp-json\/wp\/v2\/product"}],"about":[{"href":"https:\/\/amazingmarket.ee\/et\/wp-json\/wp\/v2\/types\/product"}],"replies":[{"embeddable":true,"href":"https:\/\/amazingmarket.ee\/et\/wp-json\/wp\/v2\/comments?post=10948"}],"wp:featuredmedia":[{"embeddable":true,"href":"https:\/\/amazingmarket.ee\/et\/wp-json\/wp\/v2\/media\/10949"}],"wp:attachment":[{"href":"https:\/\/amazingmarket.ee\/et\/wp-json\/wp\/v2\/media?parent=10948"}],"wp:term":[{"taxonomy":"product_brand","embeddable":true,"href":"https:\/\/amazingmarket.ee\/et\/wp-json\/wp\/v2\/product_brand?post=10948"},{"taxonomy":"product_cat","embeddable":true,"href":"https:\/\/amazingmarket.ee\/et\/wp-json\/wp\/v2\/product_cat?post=10948"},{"taxonomy":"product_tag","embeddable":true,"href":"https:\/\/amazingmarket.ee\/et\/wp-json\/wp\/v2\/product_tag?post=10948"}],"curies":[{"name":"wp","href":"https:\/\/api.w.org\/{rel}","templated":true}]}}