{"id":10945,"date":"2025-03-28T10:42:32","date_gmt":"2025-03-28T08:42:32","guid":{"rendered":"https:\/\/amazingmarket.ee\/?post_type=product&#038;p=10945"},"modified":"2026-03-14T11:15:20","modified_gmt":"2026-03-14T09:15:20","slug":"epson-workforce-wf-7840dtwf","status":"publish","type":"product","link":"https:\/\/amazingmarket.ee\/et\/toode\/epson-workforce-wf-7840dtwf\/","title":{"rendered":"Epson WorkForce WF-7840DTWF"},"content":{"rendered":"<h1 class=\"a-size-base-plus a-text-bold\">Selle \u00fcksuse kohta<\/h1>\n<ul class=\"a-unordered-list a-vertical a-spacing-mini\">\n<li class=\"a-spacing-mini\"><span class=\"a-list-item\">Kiire laiformaatprintimine kuni 13\u2033 x 19\u2033 \u2013 PrecisionCore&#039;i kuumusevaba tehnoloogia tagab kiire printimise kiirusega 25 mustvalget\/12 v\u00e4rvilist ISO-lehek\u00fclge minutis ja kiire esimese lehe printimise.<\/span><\/li>\n<li class=\"a-spacing-mini\"><span class=\"a-list-item\">\u00dclit\u00e4pne printimine \u2013 t\u00e4pne punktide paigutus ja DURABrite Ultra koheselt kuivavad pigmenditindid professionaalse kvaliteediga printimiseks.<\/span><\/li>\n<li class=\"a-spacing-mini\"><span class=\"a-list-item\">Suuremahuline t\u00f6\u00f6kindlus suurte t\u00f6\u00f6koormuste jaoks \u2013 uuenduslik kuumusevaba tehnoloogia, mis on loodud t\u00f6\u00f6kindluse ja l\u00fchema seisakuaja tagamiseks.<\/span><\/li>\n<li class=\"a-spacing-mini\"><span class=\"a-list-item\">T\u00e4ielik kahepoolne lahendus \u2013 automaatne kahepoolne printimine, kopeerimine, skannimine ja faksimine; lisaks 50-leheline automaatne dokumendis\u00f6\u00f6tur.<\/span><\/li>\n<li class=\"a-spacing-mini\"><span class=\"a-list-item\">Loodud tootlikkuseks \u2013 suure 500-lehelise paberimahuga; kahe 250-lehelise salve ja 50-lehelise tagumise salvega lisamugavuse tagamiseks.<\/span><\/li>\n<li class=\"a-spacing-mini\"><span class=\"a-list-item\">Lihtne kasutada \u2013 4,3-tolline v\u00e4rviline puuteekraan kiireks navigeerimiseks ja juhtimiseks, lisaks t\u00e4iesti uus Epson Smart Panel rakendus1 parema \u00fchenduvuse ja tootlikkuse tagamiseks mobiilseadmest.<\/span><\/li>\n<li class=\"a-spacing-mini\"><span class=\"a-list-item\">Mugav juhtmevaba seadistus \u2013 nutitelefoni v\u00f5i mobiilseadme (2) abil, millel on Bluetooth Low Energy (BLE); sisaldab ka sisseehitatud juhtmevaba, Wi-Fi Direct (3) ja Etherneti v\u00f5rgu\u00fchendust<\/span><\/li>\n<\/ul>","protected":false},"excerpt":{"rendered":"<h2>Tooteteave<\/h2>\n<div class=\"a-row\">\n<div class=\"a-column a-span12 a-span-last\">\n<div class=\"a-row a-spacing-top-base\">\n<div class=\"a-column a-span6\">\n<div class=\"a-row a-spacing-base\">\n<div class=\"a-section table-padding\">\n<table id=\"productDetails_detailBullets_sections1\" class=\"a-keyvalue prodDetTable\" role=\"presentation\">\n<tbody>\n<tr>\n<th class=\"a-color-secondary a-size-base prodDetSectionEntry\">Toote m\u00f5\u00f5tmed<\/th>\n<td class=\"a-size-base prodDetAttrValue\">20,3 tolli S x 38,4 tolli L x 20,5 tolli K<\/td>\n<\/tr>\n<tr>\n<th class=\"a-color-secondary a-size-base prodDetSectionEntry\">Kontrolleri t\u00fc\u00fcp<\/th>\n<td class=\"a-size-base prodDetAttrValue\">Vera, Amazon Alexa<\/td>\n<\/tr>\n<tr>\n<th class=\"a-color-secondary a-size-base prodDetSectionEntry\">Printeri maksimaalne meediumi suurus<\/th>\n<td class=\"a-size-base prodDetAttrValue\">13 x 19 tolli<\/td>\n<\/tr>\n<tr>\n<th class=\"a-color-secondary a-size-base prodDetSectionEntry\">Energiatarve<\/th>\n<td class=\"a-size-base prodDetAttrValue\">0,01 vatti<\/td>\n<\/tr>\n<tr>\n<th class=\"a-color-secondary a-size-base prodDetSectionEntry\">Kaasasolevad komponendid<\/th>\n<td class=\"a-size-base prodDetAttrValue\">WorkForce Pro WF-7840 printer, kiirseadistusjuhend, draiveritega CD-ROM, toitejuhe, 4 DURABrite Ultra tindikassetti (1 must tindikassett ja 3 v\u00e4rvilist tindikassetti: 1 ts\u00fcaan, 1 magenta, 1 kollane)<\/td>\n<\/tr>\n<tr>\n<th class=\"a-color-secondary a-size-base prodDetSectionEntry\">Tr\u00fckikandjad<\/th>\n<td class=\"a-size-base prodDetAttrValue\">Paber (tavaline)<\/td>\n<\/tr>\n<tr>\n<th class=\"a-color-secondary a-size-base prodDetSectionEntry\">Skanneri t\u00fc\u00fcp<\/th>\n<td class=\"a-size-base prodDetAttrValue\">Pildiskanner<\/td>\n<\/tr>\n<tr>\n<th class=\"a-color-secondary a-size-base prodDetSectionEntry\">Maksimaalne sisendlehtede maht<\/th>\n<td class=\"a-size-base prodDetAttrValue\">500<\/td>\n<\/tr>\n<tr>\n<th class=\"a-color-secondary a-size-base prodDetSectionEntry\">Maksimaalne kopeerimiskiirus (mustvalge)<\/th>\n<td class=\"a-size-base prodDetAttrValue\">40 ppm<\/td>\n<\/tr>\n<tr>\n<th class=\"a-color-secondary a-size-base prodDetSectionEntry\">Kuvari t\u00fc\u00fcp<\/th>\n<td class=\"a-size-base prodDetAttrValue\">LCD v\u00f5i LED<\/td>\n<\/tr>\n<tr>\n<th class=\"a-color-secondary a-size-base prodDetSectionEntry\">\u00dchilduvad seadmed<\/th>\n<td class=\"a-size-base prodDetAttrValue\">Nutitelefonid, arvutid, s\u00fclearvutid<\/td>\n<\/tr>\n<tr>\n<th class=\"a-color-secondary a-size-base prodDetSectionEntry\">Lehe suurus<\/th>\n<td class=\"a-size-base prodDetAttrValue\">13 x 19 tolli<\/td>\n<\/tr>\n<tr>\n<th class=\"a-color-secondary a-size-base prodDetSectionEntry\">Kahepoolne printimine<\/th>\n<td class=\"a-size-base prodDetAttrValue\">Jah<\/td>\n<\/tr>\n<tr>\n<th class=\"a-color-secondary a-size-base prodDetSectionEntry\">V\u00f5imsus<\/th>\n<td class=\"a-size-base prodDetAttrValue\">20 vatti<\/td>\n<\/tr>\n<tr>\n<th class=\"a-color-secondary a-size-base prodDetSectionEntry\">Dupleks<\/th>\n<td class=\"a-size-base prodDetAttrValue\">auto<\/td>\n<\/tr>\n<tr>\n<th class=\"a-color-secondary a-size-base prodDetSectionEntry\">Riistvaraliides<\/th>\n<td class=\"a-size-base prodDetAttrValue\">USB, Ethernet<\/td>\n<\/tr>\n<tr>\n<th class=\"a-color-secondary a-size-base prodDetSectionEntry\">Tindi v\u00e4rv<\/th>\n<td class=\"a-size-base prodDetAttrValue\">V\u00e4rv<\/td>\n<\/tr>\n<tr>\n<th class=\"a-color-secondary a-size-base prodDetSectionEntry\">Resolutsioon<\/th>\n<td class=\"a-size-base prodDetAttrValue\">4800 x 2400<\/td>\n<\/tr>\n<tr>\n<th class=\"a-color-secondary a-size-base prodDetSectionEntry\">Kontrollimeetod<\/th>\n<td class=\"a-size-base prodDetAttrValue\">H\u00e4\u00e4l<\/td>\n<\/tr>\n<tr>\n<th class=\"a-color-secondary a-size-base prodDetSectionEntry\">Kandikute arv<\/th>\n<td class=\"a-size-base prodDetAttrValue\">3<\/td>\n<\/tr>\n<tr>\n<th class=\"a-color-secondary a-size-base prodDetSectionEntry\">Seerianumber<\/th>\n<td class=\"a-size-base prodDetAttrValue\">7840<\/td>\n<\/tr>\n<tr>\n<th class=\"a-color-secondary a-size-base prodDetSectionEntry\">Mudelite seeria<\/th>\n<td class=\"a-size-base prodDetAttrValue\">WF-78<\/td>\n<\/tr>\n<tr>\n<th class=\"a-color-secondary a-size-base prodDetSectionEntry\">Toote spetsiifilised kasutusalad<\/th>\n<td class=\"a-size-base prodDetAttrValue\">Suuremahuline professionaalne v\u00f5i \u00e4rikasutus, sh kiire printimine ja kahepoolne printimine<\/td>\n<\/tr>\n<tr>\n<th class=\"a-color-secondary a-size-base prodDetSectionEntry\">UPC<\/th>\n<td class=\"a-size-base prodDetAttrValue\">010343950405<\/td>\n<\/tr>\n<tr>\n<th class=\"a-color-secondary a-size-base prodDetSectionEntry\">Globaalne kaubanduse identifitseerimisnumber<\/th>\n<td class=\"a-size-base prodDetAttrValue\">00010343950405<\/td>\n<\/tr>\n<tr>\n<th class=\"a-color-secondary a-size-base prodDetSectionEntry\">M\u00e4lu salvestusmaht<\/th>\n<td class=\"a-size-base prodDetAttrValue\">128 MB<\/td>\n<\/tr>\n<tr>\n<th class=\"a-color-secondary a-size-base prodDetSectionEntry\">Kauba kaal<\/th>\n<td class=\"a-size-base prodDetAttrValue\">45,4 naela<\/td>\n<\/tr>\n<tr>\n<th class=\"a-color-secondary a-size-base prodDetSectionEntry\">ASIN<\/th>\n<td class=\"a-size-base prodDetAttrValue\">B08DXKBY6N<\/td>\n<\/tr>\n<tr>\n<th class=\"a-color-secondary a-size-base prodDetSectionEntry\">Kauba mudeli number<\/th>\n<td class=\"a-size-base prodDetAttrValue\">WF-7840<\/td>\n<\/tr>\n<\/tbody>\n<\/table>\n<\/div>\n<\/div>\n<\/div>\n<\/div>\n<\/div>\n<\/div>","protected":false},"featured_media":10947,"comment_status":"open","ping_status":"closed","template":"","meta":{"_monsterinsights_skip_tracking":false,"_monsterinsights_sitenote_active":false,"_monsterinsights_sitenote_note":"","_monsterinsights_sitenote_category":0,"jetpack_publicize_message":"","jetpack_publicize_feature_enabled":true,"jetpack_social_post_already_shared":true,"jetpack_social_options":{"image_generator_settings":{"template":"highway","default_image_id":0,"font":"","enabled":false},"version":2}},"product_brand":[],"product_cat":[200],"product_tag":[],"class_list":{"0":"post-10945","1":"product","2":"type-product","3":"status-publish","4":"has-post-thumbnail","6":"product_cat-printer","8":"first","9":"instock","10":"sale","11":"shipping-taxable","12":"purchasable","13":"product-type-simple"},"aioseo_notices":[],"jetpack_publicize_connections":[],"jetpack_sharing_enabled":true,"_links":{"self":[{"href":"https:\/\/amazingmarket.ee\/et\/wp-json\/wp\/v2\/product\/10945","targetHints":{"allow":["GET"]}}],"collection":[{"href":"https:\/\/amazingmarket.ee\/et\/wp-json\/wp\/v2\/product"}],"about":[{"href":"https:\/\/amazingmarket.ee\/et\/wp-json\/wp\/v2\/types\/product"}],"replies":[{"embeddable":true,"href":"https:\/\/amazingmarket.ee\/et\/wp-json\/wp\/v2\/comments?post=10945"}],"wp:featuredmedia":[{"embeddable":true,"href":"https:\/\/amazingmarket.ee\/et\/wp-json\/wp\/v2\/media\/10947"}],"wp:attachment":[{"href":"https:\/\/amazingmarket.ee\/et\/wp-json\/wp\/v2\/media?parent=10945"}],"wp:term":[{"taxonomy":"product_brand","embeddable":true,"href":"https:\/\/amazingmarket.ee\/et\/wp-json\/wp\/v2\/product_brand?post=10945"},{"taxonomy":"product_cat","embeddable":true,"href":"https:\/\/amazingmarket.ee\/et\/wp-json\/wp\/v2\/product_cat?post=10945"},{"taxonomy":"product_tag","embeddable":true,"href":"https:\/\/amazingmarket.ee\/et\/wp-json\/wp\/v2\/product_tag?post=10945"}],"curies":[{"name":"wp","href":"https:\/\/api.w.org\/{rel}","templated":true}]}}