{"id":10941,"date":"2025-03-28T10:35:09","date_gmt":"2025-03-28T08:35:09","guid":{"rendered":"https:\/\/amazingmarket.ee\/?post_type=product&#038;p=10941"},"modified":"2026-03-14T11:15:20","modified_gmt":"2026-03-14T09:15:20","slug":"brother-hl-l2400dwe-mono-laser-printer-with-ecopro-subscription","status":"publish","type":"product","link":"https:\/\/amazingmarket.ee\/et\/toode\/brother-hl-l2400dwe-mono-laser-printer-with-ecopro-subscription\/","title":{"rendered":"Brother HL-L2400DWE monolaserprinter EcoPro tellimusega"},"content":{"rendered":"<h1 class=\"a-size-base-plus a-text-bold\">Selle \u00fcksuse kohta<\/h1>\n<ul class=\"a-unordered-list a-vertical a-spacing-mini\">\n<li class=\"a-spacing-mini\"><span class=\"a-list-item\">4-kuuline EcoPro prooviperiood: valige oma plaan ja registreeruge veebis tasuta neljakuulise prooviperioodiga, lisaks saate oma tellimust igal ajal muuta v\u00f5i t\u00fchistada<\/span><\/li>\n<li class=\"a-spacing-mini\"><span class=\"a-list-item\">Brotheri originaaltarvikute automaatne kohaletoimetamine: et teil kunagi otsa ei saaks, pluss tasuta toonerikassettide ringlussev\u00f5tt<\/span><\/li>\n<li class=\"a-spacing-mini\"><span class=\"a-list-item\">LCD JUHTPANEEL: \u00fcherealine juhtpaneel printeri funktsioonide kiireks ja lihtsaks navigeerimiseks teie k\u00e4eulatuses<\/span><\/li>\n<li class=\"a-spacing-mini\"><span class=\"a-list-item\">Traadita ja mobiilne \u00fchenduvus: Brotheri mobiili\u00fchenduse rakendus pakub erinevaid v\u00f5imalusi alates printeri funktsioonist kuni EcoPro tellimuse haldamiseni<\/span><\/li>\n<li class=\"a-spacing-mini\"><span class=\"a-list-item\">KUNI 30 lk\/min PRINTKIIRUS: kiire printimiskiirusega saate oma professionaalseid dokumente kiiresti printida, ilma kvaliteedis j\u00e4releandmisi tegemata.<\/span><\/li>\n<\/ul>","protected":false},"excerpt":{"rendered":"<div class=\"a-row\">\n<div class=\"a-column a-span6\">\n<h1 class=\"a-size-medium a-spacing-small\">Tehnilised \u00fcksikasjad<\/h1>\n<\/div>\n<\/div>\n<div class=\"a-expander-content a-expander-extend-content\" data-expanded=\"true\">\n<div class=\"a-row a-expander-container a-expander-inline-container\">\n<div class=\"a-expander-content a-expander-section-content a-section-expander-inner\" data-expanded=\"true\">\n<table id=\"productDetails_techSpec_section_1\" class=\"a-keyvalue prodDetTable\" role=\"presentation\">\n<tbody>\n<tr>\n<th class=\"a-color-secondary a-size-base prodDetSectionEntry\">Kontrolleri t\u00fc\u00fcp<\/th>\n<td class=\"a-size-base prodDetAttrValue\">Android<\/td>\n<\/tr>\n<tr>\n<th class=\"a-color-secondary a-size-base prodDetSectionEntry\">Maksimaalne printeri kandja suurus<\/th>\n<td class=\"a-size-base prodDetAttrValue\">A4<\/td>\n<\/tr>\n<tr>\n<th class=\"a-color-secondary a-size-base prodDetSectionEntry\">Kaasas olevad komponendid<\/th>\n<td class=\"a-size-base prodDetAttrValue\">Toonerikassetid, toitekaabel, printer, kasutusjuhend<\/td>\n<\/tr>\n<tr>\n<th class=\"a-color-secondary a-size-base prodDetSectionEntry\">Tr\u00fckikandjad<\/th>\n<td class=\"a-size-base prodDetAttrValue\">Paber (tavaline)<\/td>\n<\/tr>\n<tr>\n<th class=\"a-color-secondary a-size-base prodDetSectionEntry\">Maksimaalne sisendlehe maht<\/th>\n<td class=\"a-size-base prodDetAttrValue\">250<\/td>\n<\/tr>\n<tr>\n<th class=\"a-color-secondary a-size-base prodDetSectionEntry\">Maksimaalne kopeerimiskiirus (must-valge)<\/th>\n<td class=\"a-size-base prodDetAttrValue\">3E+1 ppm<\/td>\n<\/tr>\n<tr>\n<th class=\"a-color-secondary a-size-base prodDetSectionEntry\">Ekraani t\u00fc\u00fcp<\/th>\n<td class=\"a-size-base prodDetAttrValue\">LCD<\/td>\n<\/tr>\n<tr>\n<th class=\"a-color-secondary a-size-base prodDetSectionEntry\">\u00dchilduvad seadmed<\/th>\n<td class=\"a-size-base prodDetAttrValue\">Nutitelefonid<\/td>\n<\/tr>\n<tr>\n<th class=\"a-color-secondary a-size-base prodDetSectionEntry\">Maksimaalne v\u00e4rviprintimise eraldusv\u00f5ime<\/th>\n<td class=\"a-size-base prodDetAttrValue\">1200 x 1200 punkti tolli kohta<\/td>\n<\/tr>\n<tr>\n<th class=\"a-color-secondary a-size-base prodDetSectionEntry\">Lehe suurus<\/th>\n<td class=\"a-size-base prodDetAttrValue\">A4<\/td>\n<\/tr>\n<tr>\n<th class=\"a-color-secondary a-size-base prodDetSectionEntry\">Maksimaalne mustvalge prindi eraldusv\u00f5ime<\/th>\n<td class=\"a-size-base prodDetAttrValue\">1200 x 1200 punkti tolli kohta<\/td>\n<\/tr>\n<tr>\n<th class=\"a-color-secondary a-size-base prodDetSectionEntry\">Garantii t\u00fc\u00fcp<\/th>\n<td class=\"a-size-base prodDetAttrValue\">Piiratud<\/td>\n<\/tr>\n<tr>\n<th class=\"a-color-secondary a-size-base prodDetSectionEntry\">Kahepoolne printimine<\/th>\n<td class=\"a-size-base prodDetAttrValue\">jah<\/td>\n<\/tr>\n<tr>\n<th class=\"a-color-secondary a-size-base prodDetSectionEntry\">Toote m\u00f5\u00f5tmed<\/th>\n<td class=\"a-size-base prodDetAttrValue\">36 x 35,6 x 18,3 cm; 7,1 kg<\/td>\n<\/tr>\n<tr>\n<th class=\"a-color-secondary a-size-base prodDetSectionEntry\">Kauba mudeli number<\/th>\n<td class=\"a-size-base prodDetAttrValue\">HLL2400DWEZU1<\/td>\n<\/tr>\n<tr>\n<th class=\"a-color-secondary a-size-base prodDetSectionEntry\">Tootja<\/th>\n<td class=\"a-size-base prodDetAttrValue\">vend<\/td>\n<\/tr>\n<tr>\n<th class=\"a-color-secondary a-size-base prodDetSectionEntry\">Vormitegur<\/th>\n<td class=\"a-size-base prodDetAttrValue\">Printer<\/td>\n<\/tr>\n<tr>\n<th class=\"a-color-secondary a-size-base prodDetSectionEntry\">\u00dchenduse t\u00fc\u00fcp<\/th>\n<td class=\"a-size-base prodDetAttrValue\">Wi-Fi<\/td>\n<\/tr>\n<tr>\n<th class=\"a-color-secondary a-size-base prodDetSectionEntry\">Kas patareid on komplektis<\/th>\n<td class=\"a-size-base prodDetAttrValue\">Ei<\/td>\n<\/tr>\n<tr>\n<th class=\"a-color-secondary a-size-base prodDetSectionEntry\">Kauba kaal<\/th>\n<td class=\"a-size-base prodDetAttrValue\">7,1 kg<\/td>\n<\/tr>\n<\/tbody>\n<\/table>\n<\/div>\n<\/div>\n<\/div>","protected":false},"featured_media":10943,"comment_status":"open","ping_status":"closed","template":"","meta":{"_monsterinsights_skip_tracking":false,"_monsterinsights_sitenote_active":false,"_monsterinsights_sitenote_note":"","_monsterinsights_sitenote_category":0,"jetpack_publicize_message":"","jetpack_publicize_feature_enabled":true,"jetpack_social_post_already_shared":true,"jetpack_social_options":{"image_generator_settings":{"template":"highway","default_image_id":0,"font":"","enabled":false},"version":2}},"product_brand":[],"product_cat":[200],"product_tag":[],"class_list":{"0":"post-10941","1":"product","2":"type-product","3":"status-publish","4":"has-post-thumbnail","6":"product_cat-printer","8":"first","9":"instock","10":"sale","11":"shipping-taxable","12":"purchasable","13":"product-type-simple"},"aioseo_notices":[],"jetpack_publicize_connections":[],"jetpack_sharing_enabled":true,"_links":{"self":[{"href":"https:\/\/amazingmarket.ee\/et\/wp-json\/wp\/v2\/product\/10941","targetHints":{"allow":["GET"]}}],"collection":[{"href":"https:\/\/amazingmarket.ee\/et\/wp-json\/wp\/v2\/product"}],"about":[{"href":"https:\/\/amazingmarket.ee\/et\/wp-json\/wp\/v2\/types\/product"}],"replies":[{"embeddable":true,"href":"https:\/\/amazingmarket.ee\/et\/wp-json\/wp\/v2\/comments?post=10941"}],"wp:featuredmedia":[{"embeddable":true,"href":"https:\/\/amazingmarket.ee\/et\/wp-json\/wp\/v2\/media\/10943"}],"wp:attachment":[{"href":"https:\/\/amazingmarket.ee\/et\/wp-json\/wp\/v2\/media?parent=10941"}],"wp:term":[{"taxonomy":"product_brand","embeddable":true,"href":"https:\/\/amazingmarket.ee\/et\/wp-json\/wp\/v2\/product_brand?post=10941"},{"taxonomy":"product_cat","embeddable":true,"href":"https:\/\/amazingmarket.ee\/et\/wp-json\/wp\/v2\/product_cat?post=10941"},{"taxonomy":"product_tag","embeddable":true,"href":"https:\/\/amazingmarket.ee\/et\/wp-json\/wp\/v2\/product_tag?post=10941"}],"curies":[{"name":"wp","href":"https:\/\/api.w.org\/{rel}","templated":true}]}}