{"id":10927,"date":"2025-03-27T16:38:18","date_gmt":"2025-03-27T14:38:18","guid":{"rendered":"https:\/\/amazingmarket.ee\/?post_type=product&#038;p=10927"},"modified":"2026-03-14T11:15:20","modified_gmt":"2026-03-14T09:15:20","slug":"gtv-decor-os-santo-bis-gu-10-10","status":"publish","type":"product","link":"https:\/\/amazingmarket.ee\/et\/toode\/gtv-decor-os-santo-bis-gu-10-10\/","title":{"rendered":"gtv decor os santo bis gu 10 10"},"content":{"rendered":"<h2 class=\"text-heading-3 mb-36 font-serif\">Toote kirjeldus<\/h2>\n<div class=\"grid grid-cols-1 gap-x-20 gap-y-40 lg:grid-cols-10\">\n<div class=\"lg:col-span-4 lg:col-start-1\">\n<div class=\"p-product__about-desc mce-content-body links-primary links-underline-hover text-body-large\">\n<p>SANTO BIS on universaalne kaasaegses stiilis valgusti. Selle struktuur v\u00f5imaldab seda paigaldada nii lakke kui ka seinale. Seda funktsionaalsust hindavad minimalistid ja lihtsate vormide austajad. Valgusnurka saab reguleerida kahes tasapinnas. Valgusallikana v\u00f5ib kasutada mis tahes valgusallikat, mille GU10 keerme ja v\u00f5imsus ei \u00fcleta 20 W. T\u00e4nu sellele saab iga kasutaja reguleerida valguse intensiivsust ja v\u00e4rvitemperatuuri vastavalt oma eelistustele.<\/p>\n<\/div>\n<\/div>\n<\/div>","protected":false},"excerpt":{"rendered":"<p><span>Product specifications<\/span><\/p>\n<table class=\"p-product__attributes-table\">\n<tbody>\n<tr class=\"p-product__attributes-row\">\n<th class=\"p-product__attributes-label\"><span>Material<\/span><\/th>\n<td class=\"p-product__attributes-values\"><span>aluminum<\/span><\/td>\n<\/tr>\n<tr class=\"p-product__attributes-row\">\n<th class=\"p-product__attributes-label\"><span>Color<\/span><\/th>\n<td class=\"p-product__attributes-values\"><span>white<\/span><\/td>\n<\/tr>\n<tr class=\"p-product__attributes-row\">\n<th class=\"p-product__attributes-label\"><span>Type of handle<\/span><\/th>\n<td class=\"p-product__attributes-values\"><span>GU10<\/span><\/td>\n<\/tr>\n<tr class=\"p-product__attributes-row\">\n<th class=\"p-product__attributes-label\"><span>Power supply<\/span><\/th>\n<td class=\"p-product__attributes-values\"><span>variable<\/span><\/td>\n<\/tr>\n<tr class=\"p-product__attributes-row\">\n<th class=\"p-product__attributes-label\"><span>Supply voltage [V]<\/span><\/th>\n<td class=\"p-product__attributes-values\"><span>220-240<\/span><\/td>\n<\/tr>\n<tr class=\"p-product__attributes-row\">\n<th class=\"p-product__attributes-label\"><span>Frequency [Hz]<\/span><\/th>\n<td class=\"p-product__attributes-values\"><span>50-60<\/span><\/td>\n<\/tr>\n<tr class=\"p-product__attributes-row\">\n<th class=\"p-product__attributes-label\"><span>CE certificate<\/span><\/th>\n<td class=\"p-product__attributes-values\"><span>Yes<\/span><\/td>\n<\/tr>\n<tr class=\"p-product__attributes-row\">\n<th class=\"p-product__attributes-label\"><span>EAC Certificate<\/span><\/th>\n<td class=\"p-product__attributes-values\"><span>Yes<\/span><\/td>\n<\/tr>\n<tr class=\"p-product__attributes-row\">\n<th class=\"p-product__attributes-label\"><span>Functions<\/span><\/th>\n<td class=\"p-product__attributes-values\"><span>Inside<\/span><\/td>\n<\/tr>\n<\/tbody>\n<\/table>\n","protected":false},"featured_media":10928,"comment_status":"open","ping_status":"closed","template":"","meta":{"_monsterinsights_skip_tracking":false,"_monsterinsights_sitenote_active":false,"_monsterinsights_sitenote_note":"","_monsterinsights_sitenote_category":0,"jetpack_publicize_message":"","jetpack_publicize_feature_enabled":true,"jetpack_social_post_already_shared":true,"jetpack_social_options":{"image_generator_settings":{"template":"highway","default_image_id":0,"font":"","enabled":false},"version":2}},"product_brand":[],"product_cat":[206],"product_tag":[],"class_list":{"0":"post-10927","1":"product","2":"type-product","3":"status-publish","4":"has-post-thumbnail","6":"product_cat-lamps","8":"first","9":"instock","10":"sale","11":"shipping-taxable","12":"purchasable","13":"product-type-simple"},"aioseo_notices":[],"jetpack_publicize_connections":[],"jetpack_sharing_enabled":true,"_links":{"self":[{"href":"https:\/\/amazingmarket.ee\/et\/wp-json\/wp\/v2\/product\/10927","targetHints":{"allow":["GET"]}}],"collection":[{"href":"https:\/\/amazingmarket.ee\/et\/wp-json\/wp\/v2\/product"}],"about":[{"href":"https:\/\/amazingmarket.ee\/et\/wp-json\/wp\/v2\/types\/product"}],"replies":[{"embeddable":true,"href":"https:\/\/amazingmarket.ee\/et\/wp-json\/wp\/v2\/comments?post=10927"}],"wp:featuredmedia":[{"embeddable":true,"href":"https:\/\/amazingmarket.ee\/et\/wp-json\/wp\/v2\/media\/10928"}],"wp:attachment":[{"href":"https:\/\/amazingmarket.ee\/et\/wp-json\/wp\/v2\/media?parent=10927"}],"wp:term":[{"taxonomy":"product_brand","embeddable":true,"href":"https:\/\/amazingmarket.ee\/et\/wp-json\/wp\/v2\/product_brand?post=10927"},{"taxonomy":"product_cat","embeddable":true,"href":"https:\/\/amazingmarket.ee\/et\/wp-json\/wp\/v2\/product_cat?post=10927"},{"taxonomy":"product_tag","embeddable":true,"href":"https:\/\/amazingmarket.ee\/et\/wp-json\/wp\/v2\/product_tag?post=10927"}],"curies":[{"name":"wp","href":"https:\/\/api.w.org\/{rel}","templated":true}]}}