{"id":10923,"date":"2025-03-27T16:18:10","date_gmt":"2025-03-27T14:18:10","guid":{"rendered":"https:\/\/amazingmarket.ee\/?post_type=product&#038;p=10923"},"modified":"2026-03-14T11:15:20","modified_gmt":"2026-03-14T09:15:20","slug":"gtv-decor-os-lup-gu10-10","status":"publish","type":"product","link":"https:\/\/amazingmarket.ee\/et\/toode\/gtv-decor-os-lup-gu10-10\/","title":{"rendered":"gtv decor os lup gu10 10"},"content":{"rendered":"<h2 class=\"text-heading-3 mb-36 font-serif\">Toote kirjeldus<\/h2>\n<div class=\"grid grid-cols-1 gap-x-20 gap-y-40 lg:grid-cols-10\">\n<div class=\"lg:col-span-4 lg:col-start-1\">\n<div class=\"p-product__about-desc mce-content-body links-primary links-underline-hover text-body-large\">\n<p><em>Lupo laevalgusti \u2013 originaalse disaini ja funktsionaalsuse kombinatsioon<\/em><\/p>\n<p>Lupo laevalgusti on originaalse disainiga, mis sobib ideaalselt moodsa sisekujunduse ja minimalistliku paigutusega, samuti sobib see p\u00f6\u00f6ningutele ja k\u00f5ikjale, kus uuenduslik disain on oluline.<\/p>\n<p>Lupo kollektsioon on saadaval mitmesugustes variantides. \u00dchepunktiline laevalgusti koosneb kahest silindrilisest elemendist. \u00dcks lakke kinnitatud element j\u00e4\u00e4b paigale, teine liigub edasi ja tagasi, v\u00f5imaldades valgusvihku vajadusel suunata. Kahepunktiline laevalgusti koosneb kolmest omavahel \u00fchendatud moodulist. Keskmine moodul on \u00fchendusl\u00fcli ja samal ajal ka lakke kinnitatav element, kaks k\u00fclgmist moodulit aga liigutatavad. K\u00f5ik variandid on saadaval mati, peene valge ja elegantse musta mati v\u00e4rvitoonis.<\/p>\n<p>Valgusallikas on paigaldatud \u00fcsna s\u00fcgavale, et lamp ei pimestaks, tagades samal ajal ruumi k\u00f5rge valgustustaseme. Lupo laevalgusti on suurep\u00e4rane valik stiilsetesse kontoritesse, moodsatesse korteritesse ja majadesse.<\/p>\n<\/div>\n<\/div>\n<\/div>","protected":false},"excerpt":{"rendered":"<p>Product specifications<\/p>\n<table class=\"p-product__attributes-table\">\n<tbody>\n<tr class=\"p-product__attributes-row\">\n<th class=\"p-product__attributes-label\">Material<\/th>\n<td class=\"p-product__attributes-values\">aluminium\/cast iron<\/td>\n<\/tr>\n<tr class=\"p-product__attributes-row\">\n<th class=\"p-product__attributes-label\">Base type<\/th>\n<td class=\"p-product__attributes-values\">GU10<\/td>\n<\/tr>\n<tr class=\"p-product__attributes-row\">\n<th class=\"p-product__attributes-label\">Power supply current<\/th>\n<td class=\"p-product__attributes-values\">AC<\/td>\n<\/tr>\n<tr class=\"p-product__attributes-row\">\n<th class=\"p-product__attributes-label\">Voltage [V]<\/th>\n<td class=\"p-product__attributes-values\">220-240<\/td>\n<\/tr>\n<tr class=\"p-product__attributes-row\">\n<th class=\"p-product__attributes-label\">Hertz [Hz]<\/th>\n<td class=\"p-product__attributes-values\">50-60<\/td>\n<\/tr>\n<tr class=\"p-product__attributes-row\">\n<th class=\"p-product__attributes-label\">CE certificate<\/th>\n<td class=\"p-product__attributes-values\">yes<\/td>\n<\/tr>\n<tr class=\"p-product__attributes-row\">\n<th class=\"p-product__attributes-label\">EAC certificate<\/th>\n<td class=\"p-product__attributes-values\">yes<\/td>\n<\/tr>\n<tr class=\"p-product__attributes-row\">\n<th class=\"p-product__attributes-label\">Functions<\/th>\n<td class=\"p-product__attributes-values\">Inside<\/td>\n<\/tr>\n<tr class=\"p-product__attributes-row\">\n<th class=\"p-product__attributes-label\">Protection class against electric shock<\/th>\n<td class=\"p-product__attributes-values\">II<\/td>\n<\/tr>\n<\/tbody>\n<\/table>\n","protected":false},"featured_media":10924,"comment_status":"open","ping_status":"closed","template":"","meta":{"_monsterinsights_skip_tracking":false,"_monsterinsights_sitenote_active":false,"_monsterinsights_sitenote_note":"","_monsterinsights_sitenote_category":0,"jetpack_publicize_message":"","jetpack_publicize_feature_enabled":true,"jetpack_social_post_already_shared":true,"jetpack_social_options":{"image_generator_settings":{"template":"highway","default_image_id":0,"font":"","enabled":false},"version":2}},"product_brand":[],"product_cat":[206],"product_tag":[],"class_list":{"0":"post-10923","1":"product","2":"type-product","3":"status-publish","4":"has-post-thumbnail","6":"product_cat-lamps","8":"first","9":"instock","10":"sale","11":"shipping-taxable","12":"purchasable","13":"product-type-simple"},"aioseo_notices":[],"jetpack_publicize_connections":[],"jetpack_sharing_enabled":true,"_links":{"self":[{"href":"https:\/\/amazingmarket.ee\/et\/wp-json\/wp\/v2\/product\/10923","targetHints":{"allow":["GET"]}}],"collection":[{"href":"https:\/\/amazingmarket.ee\/et\/wp-json\/wp\/v2\/product"}],"about":[{"href":"https:\/\/amazingmarket.ee\/et\/wp-json\/wp\/v2\/types\/product"}],"replies":[{"embeddable":true,"href":"https:\/\/amazingmarket.ee\/et\/wp-json\/wp\/v2\/comments?post=10923"}],"wp:featuredmedia":[{"embeddable":true,"href":"https:\/\/amazingmarket.ee\/et\/wp-json\/wp\/v2\/media\/10924"}],"wp:attachment":[{"href":"https:\/\/amazingmarket.ee\/et\/wp-json\/wp\/v2\/media?parent=10923"}],"wp:term":[{"taxonomy":"product_brand","embeddable":true,"href":"https:\/\/amazingmarket.ee\/et\/wp-json\/wp\/v2\/product_brand?post=10923"},{"taxonomy":"product_cat","embeddable":true,"href":"https:\/\/amazingmarket.ee\/et\/wp-json\/wp\/v2\/product_cat?post=10923"},{"taxonomy":"product_tag","embeddable":true,"href":"https:\/\/amazingmarket.ee\/et\/wp-json\/wp\/v2\/product_tag?post=10923"}],"curies":[{"name":"wp","href":"https:\/\/api.w.org\/{rel}","templated":true}]}}