{"id":10911,"date":"2025-03-27T16:06:24","date_gmt":"2025-03-27T14:06:24","guid":{"rendered":"https:\/\/amazingmarket.ee\/?post_type=product&#038;p=10911"},"modified":"2026-03-14T11:15:20","modified_gmt":"2026-03-14T09:15:20","slug":"gtv-decor-os-ven20w05-00-veneto-gu10","status":"publish","type":"product","link":"https:\/\/amazingmarket.ee\/et\/toode\/gtv-decor-os-ven20w05-00-veneto-gu10\/","title":{"rendered":"gtv decor os ven20w05 00 veneto gu10"},"content":{"rendered":"<div class=\"wpb_text_column wpb_content_element\">\n<div class=\"wpb_wrapper\">\n<h3>KIRJELDUS<\/h3>\n<\/div>\n<\/div>\n<div class=\"wpb_text_column wpb_content_element\">\n<div class=\"wpb_wrapper\">\n<p><em>Veneto LED siinile kinnitatav laevalgusti \u2013 moodne stiil<\/em><\/p>\n<p>Veneto laevalgustid on rafineeritud kogum kaasaegseid valguslahendusi kontoritesse, kodudesse ja ruumidesse, kus funktsionaalsus tuleb sujuvalt \u00fchendada uuendusliku vormiga.<\/p>\n<p>Veneto seeria on m\u00f5eldud neile, kes ei soovi teha kompromisse mugava kasutuse ja suurep\u00e4rase disaini vahel. Seet\u00f5ttu on sellel mudelil rafineeritud stiil koos geomeetrilise ilmega, mugavus valgusvihu nurga ja suuna laia reguleerimisega ning suur vabadus valgustustasemete valikul, arvestades valguse suurust.<\/p>\n<p>Kollektsioonis on valida erinevate suuruste vahel: kolmekohaline, neljat\u00e4piline ja kuuekohaline. Igas variandis istuvad v\u00e4ikesed seadmed, mis p\u00f5hinevad ringi alusel, pikkadel sirgetel siinidel. Valgustuse tase suureneb v\u00f5rdeliselt r\u00f6\u00f6pale paigaldatud valgust\u00e4ppide arvuga. Lisaks on saadaval kaks v\u00e4rvivalikut \u2013 peen valge ja klassikaline must. T\u00e4nu sellele valemile v\u00f5imaldavad Veneto laevalgustid ehitada \u00fchtse disainikontseptsiooni n\u00e4iteks k\u00f6\u00f6gis, s\u00f6\u00f6gitoas ja elutoas, kasutades sisekujunduses erinevas m\u00f5\u00f5dus sama sarja valgusteid.<\/p>\n<\/div>\n<\/div>","protected":false},"excerpt":{"rendered":"<div class=\"col span_4 has-animation triggered-animation animated-in\" data-animation=\"none\" data-delay=\"0\">\n<p>Pinge<br \/>\n<b>220-240 V<\/b><\/p>\n<p>Materjal<br \/>\n<b>alumiinium\/malm<\/b><\/p>\n<\/div>\n<div class=\"col span_4 has-animation triggered-animation animated-in\" data-animation=\"none\" data-delay=\"0\">\n<p>Aluse t\u00fc\u00fcp<br \/>\n<b>GU10<\/b><\/p>\n<p>Tootja kood<br \/>\n<b>OS-VEN20WO5-10<\/b><\/p>\n<\/div>","protected":false},"featured_media":10912,"comment_status":"open","ping_status":"closed","template":"","meta":{"_monsterinsights_skip_tracking":false,"_monsterinsights_sitenote_active":false,"_monsterinsights_sitenote_note":"","_monsterinsights_sitenote_category":0,"jetpack_publicize_message":"","jetpack_publicize_feature_enabled":true,"jetpack_social_post_already_shared":true,"jetpack_social_options":{"image_generator_settings":{"template":"highway","default_image_id":0,"font":"","enabled":false},"version":2}},"product_brand":[],"product_cat":[206],"product_tag":[],"class_list":{"0":"post-10911","1":"product","2":"type-product","3":"status-publish","4":"has-post-thumbnail","6":"product_cat-lamps","8":"first","9":"instock","10":"sale","11":"shipping-taxable","12":"purchasable","13":"product-type-simple"},"aioseo_notices":[],"jetpack_publicize_connections":[],"jetpack_sharing_enabled":true,"_links":{"self":[{"href":"https:\/\/amazingmarket.ee\/et\/wp-json\/wp\/v2\/product\/10911","targetHints":{"allow":["GET"]}}],"collection":[{"href":"https:\/\/amazingmarket.ee\/et\/wp-json\/wp\/v2\/product"}],"about":[{"href":"https:\/\/amazingmarket.ee\/et\/wp-json\/wp\/v2\/types\/product"}],"replies":[{"embeddable":true,"href":"https:\/\/amazingmarket.ee\/et\/wp-json\/wp\/v2\/comments?post=10911"}],"wp:featuredmedia":[{"embeddable":true,"href":"https:\/\/amazingmarket.ee\/et\/wp-json\/wp\/v2\/media\/10912"}],"wp:attachment":[{"href":"https:\/\/amazingmarket.ee\/et\/wp-json\/wp\/v2\/media?parent=10911"}],"wp:term":[{"taxonomy":"product_brand","embeddable":true,"href":"https:\/\/amazingmarket.ee\/et\/wp-json\/wp\/v2\/product_brand?post=10911"},{"taxonomy":"product_cat","embeddable":true,"href":"https:\/\/amazingmarket.ee\/et\/wp-json\/wp\/v2\/product_cat?post=10911"},{"taxonomy":"product_tag","embeddable":true,"href":"https:\/\/amazingmarket.ee\/et\/wp-json\/wp\/v2\/product_tag?post=10911"}],"curies":[{"name":"wp","href":"https:\/\/api.w.org\/{rel}","templated":true}]}}