{"id":10904,"date":"2025-03-27T11:53:11","date_gmt":"2025-03-27T09:53:11","guid":{"rendered":"https:\/\/amazingmarket.ee\/?post_type=product&#038;p=10904"},"modified":"2026-03-14T11:15:20","modified_gmt":"2026-03-14T09:15:20","slug":"gtv-decor-os-eto-l-e27-00-dec","status":"publish","type":"product","link":"https:\/\/amazingmarket.ee\/et\/toode\/gtv-decor-os-eto-l-e27-00-dec\/","title":{"rendered":"gtv decor os eto l e27 00 dets"},"content":{"rendered":"<h2 class=\"text-heading-3 mb-36 font-serif\"><span>Toote kirjeldus<\/span><\/h2>\n<div class=\"grid grid-cols-1 gap-x-20 gap-y-40 lg:grid-cols-10\">\n<div class=\"lg:col-span-4 lg:col-start-1\">\n<div class=\"p-product__about-desc mce-content-body links-primary links-underline-hover text-body-large\">\n<p><span>ETORE lamp on ideaalne seinakinnitus modernse ja skandinaavia stiili austajatele. See paistab silma oma lihtsuse, elegantsi ja esteetikaga.<\/span><\/p>\n<p><span>ETORE sobib suurep\u00e4raselt elutoa, k\u00f6\u00f6gi, s\u00f6\u00f6gitoa v\u00f5i noortetoa kaunistamiseks. Lambivarju valge v\u00e4rv ei l\u00e4he kunagi moest v\u00e4lja \u2013 see lisab elegantsi ja muudab interj\u00f6\u00f6ri s\u00e4ravaks. Valgusk\u00fcllastes avarates ruumides loob see \u00fchtse kompositsiooni, pimedates ruumides aga kontrastse aktsendina. Tasub mainida, et ka lambivarju sisemus on valge, t\u00e4nu millele on kiiratav valgus ere ja sobivalt hajutatud. Lisaks on lambil v\u00f5imalus reguleerida k\u00f5rgust, mis muudab selle h\u00f5lpsaks kohandamise iga suurusega ruumiga. Ka ripplambi juhe on disainitud valgeks.<\/span><\/p>\n<p><span>ETORE valgusti iseloomulik tunnus on selle kaasaegne v\u00e4limus \u2013 sellest \u00f5hkub lihtsust ja puhtaid jooni. See Skandinaavia mudel on v\u00e4ga esteetiline laekinnitus, mis sobib ideaalselt meie korterisse.<\/span><\/p>\n<\/div>\n<\/div>\n<\/div>","protected":false},"excerpt":{"rendered":"<p><span>Product specifications<\/span><\/p>\n<table class=\"p-product__attributes-table\">\n<tbody>\n<tr class=\"p-product__attributes-row\">\n<th class=\"p-product__attributes-label\"><span>Installation location<\/span><\/th>\n<td class=\"p-product__attributes-values\"><span>ceiling<\/span><\/td>\n<\/tr>\n<tr class=\"p-product__attributes-row\">\n<th class=\"p-product__attributes-label\"><span>Color<\/span><\/th>\n<td class=\"p-product__attributes-values\"><span>white<\/span><\/td>\n<\/tr>\n<tr class=\"p-product__attributes-row\">\n<th class=\"p-product__attributes-label\"><span>Type of handle<\/span><\/th>\n<td class=\"p-product__attributes-values\"><span>E27<\/span><\/td>\n<\/tr>\n<tr class=\"p-product__attributes-row\">\n<th class=\"p-product__attributes-label\"><span>Number of light sources<\/span><\/th>\n<td class=\"p-product__attributes-values\"><span>1<\/span><\/td>\n<\/tr>\n<tr class=\"p-product__attributes-row\">\n<th class=\"p-product__attributes-label\"><span>Length [mm]<\/span><\/th>\n<td class=\"p-product__attributes-values\"><span>1702<\/span><\/td>\n<\/tr>\n<tr class=\"p-product__attributes-row\">\n<th class=\"p-product__attributes-label\"><span>Width [mm]<\/span><\/th>\n<td class=\"p-product__attributes-values\"><span>128<\/span><\/td>\n<\/tr>\n<tr class=\"p-product__attributes-row\">\n<th class=\"p-product__attributes-label\"><span>Height [mm]<\/span><\/th>\n<td class=\"p-product__attributes-values\"><span>169<\/span><\/td>\n<\/tr>\n<tr class=\"p-product__attributes-row\">\n<th class=\"p-product__attributes-label\"><span>Diameter of the lampshade [mm]<\/span><\/th>\n<td class=\"p-product__attributes-values\"><span>128<\/span><\/td>\n<\/tr>\n<tr class=\"p-product__attributes-row\">\n<th class=\"p-product__attributes-label\"><span>Material<\/span><\/th>\n<td class=\"p-product__attributes-values\"><span>metal<\/span><\/td>\n<\/tr>\n<\/tbody>\n<\/table>\n","protected":false},"featured_media":10906,"comment_status":"open","ping_status":"closed","template":"","meta":{"_monsterinsights_skip_tracking":false,"_monsterinsights_sitenote_active":false,"_monsterinsights_sitenote_note":"","_monsterinsights_sitenote_category":0,"jetpack_publicize_message":"","jetpack_publicize_feature_enabled":true,"jetpack_social_post_already_shared":true,"jetpack_social_options":{"image_generator_settings":{"template":"highway","default_image_id":0,"font":"","enabled":false},"version":2}},"product_brand":[],"product_cat":[206],"product_tag":[],"class_list":{"0":"post-10904","1":"product","2":"type-product","3":"status-publish","4":"has-post-thumbnail","6":"product_cat-lamps","8":"first","9":"instock","10":"sale","11":"shipping-taxable","12":"purchasable","13":"product-type-simple"},"aioseo_notices":[],"jetpack_publicize_connections":[],"jetpack_sharing_enabled":true,"_links":{"self":[{"href":"https:\/\/amazingmarket.ee\/et\/wp-json\/wp\/v2\/product\/10904","targetHints":{"allow":["GET"]}}],"collection":[{"href":"https:\/\/amazingmarket.ee\/et\/wp-json\/wp\/v2\/product"}],"about":[{"href":"https:\/\/amazingmarket.ee\/et\/wp-json\/wp\/v2\/types\/product"}],"replies":[{"embeddable":true,"href":"https:\/\/amazingmarket.ee\/et\/wp-json\/wp\/v2\/comments?post=10904"}],"wp:featuredmedia":[{"embeddable":true,"href":"https:\/\/amazingmarket.ee\/et\/wp-json\/wp\/v2\/media\/10906"}],"wp:attachment":[{"href":"https:\/\/amazingmarket.ee\/et\/wp-json\/wp\/v2\/media?parent=10904"}],"wp:term":[{"taxonomy":"product_brand","embeddable":true,"href":"https:\/\/amazingmarket.ee\/et\/wp-json\/wp\/v2\/product_brand?post=10904"},{"taxonomy":"product_cat","embeddable":true,"href":"https:\/\/amazingmarket.ee\/et\/wp-json\/wp\/v2\/product_cat?post=10904"},{"taxonomy":"product_tag","embeddable":true,"href":"https:\/\/amazingmarket.ee\/et\/wp-json\/wp\/v2\/product_tag?post=10904"}],"curies":[{"name":"wp","href":"https:\/\/api.w.org\/{rel}","templated":true}]}}