{"id":10896,"date":"2025-03-27T11:12:31","date_gmt":"2025-03-27T09:12:31","guid":{"rendered":"https:\/\/amazingmarket.ee\/?post_type=product&#038;p=10896"},"modified":"2026-03-14T11:15:20","modified_gmt":"2026-03-14T09:15:20","slug":"gtv-decor-os-mous-20-dec","status":"publish","type":"product","link":"https:\/\/amazingmarket.ee\/et\/toode\/gtv-decor-os-mous-20-dec\/","title":{"rendered":"gtv decor os mous 20 dets"},"content":{"rendered":"<div class=\"wpb_text_column wpb_content_element\">\n<div class=\"wpb_wrapper\">\n<h3>TOOTE KIRJELDUS<\/h3>\n<\/div>\n<\/div>\n<div class=\"wpb_text_column wpb_content_element\">\n<div class=\"wpb_wrapper\">\n<p>Laste laelamp Mouse on ettepanek rafineeritud funktsionaalsuse ja originaalse disaini harmoonilise kombinatsiooni armastajatele, mis v\u00f5lub iga v\u00e4ikest kasutajat, tuues nende tuppa n\u00e4puotsat\u00e4ie v\u00e4rvilist maagiat.<\/p>\n<p>Mouse kollektsiooni laelamp on t\u00e4iuslik disain, mis lisab laste interj\u00f6\u00f6rile v\u00e4rve ja l\u00e4bim\u00f5eldud funktsionaalsust, mis valgustab ruumi iga tsooni. Valgusnurga reguleerimise v\u00f5imalusega kolmepunktiline laelamp sobib suurep\u00e4raselt p\u00f5hivalgustuseks. Valides teised Mouse perekonna lampide mudelid, loote tervikliku pea- ja tsoonivalgustuse.<\/p>\n<p>Selle rafineeritud sarja rippvalgusti on saadaval neljas v\u00e4rvivalikus. Iga noor kasutaja saab valida oma t\u00fc\u00fcbi, mis t\u00e4iendab tema ruumi v\u00f5luvate v\u00e4rvidega: stiilse kulla kombinatsioon elegantse mustaga, \u00f5rnad pastellid \u2013 roosa ja sinine, iseloomulik sinise ja energilise kollase ning k\u00fcllastunud meresinise ja kollase kombinatsioon.<\/p>\n<\/div>\n<\/div>","protected":false},"excerpt":{"rendered":"<h1 class=\"product_title entry-title nectar-inherit-default\">Laevalgusti MOUSE II, 2677, max.250V, 50\/60Hz, 3*E27, max.25 W, IP20, l\u00e4bim\u00f5\u00f5t 30 cm, roosa<\/h1>","protected":false},"featured_media":10897,"comment_status":"open","ping_status":"closed","template":"","meta":{"_monsterinsights_skip_tracking":false,"_monsterinsights_sitenote_active":false,"_monsterinsights_sitenote_note":"","_monsterinsights_sitenote_category":0,"jetpack_publicize_message":"","jetpack_publicize_feature_enabled":true,"jetpack_social_post_already_shared":true,"jetpack_social_options":{"image_generator_settings":{"template":"highway","default_image_id":0,"font":"","enabled":false},"version":2}},"product_brand":[],"product_cat":[206],"product_tag":[],"class_list":{"0":"post-10896","1":"product","2":"type-product","3":"status-publish","4":"has-post-thumbnail","6":"product_cat-lamps","8":"first","9":"instock","10":"sale","11":"shipping-taxable","12":"purchasable","13":"product-type-simple"},"aioseo_notices":[],"jetpack_publicize_connections":[],"jetpack_sharing_enabled":true,"_links":{"self":[{"href":"https:\/\/amazingmarket.ee\/et\/wp-json\/wp\/v2\/product\/10896","targetHints":{"allow":["GET"]}}],"collection":[{"href":"https:\/\/amazingmarket.ee\/et\/wp-json\/wp\/v2\/product"}],"about":[{"href":"https:\/\/amazingmarket.ee\/et\/wp-json\/wp\/v2\/types\/product"}],"replies":[{"embeddable":true,"href":"https:\/\/amazingmarket.ee\/et\/wp-json\/wp\/v2\/comments?post=10896"}],"wp:featuredmedia":[{"embeddable":true,"href":"https:\/\/amazingmarket.ee\/et\/wp-json\/wp\/v2\/media\/10897"}],"wp:attachment":[{"href":"https:\/\/amazingmarket.ee\/et\/wp-json\/wp\/v2\/media?parent=10896"}],"wp:term":[{"taxonomy":"product_brand","embeddable":true,"href":"https:\/\/amazingmarket.ee\/et\/wp-json\/wp\/v2\/product_brand?post=10896"},{"taxonomy":"product_cat","embeddable":true,"href":"https:\/\/amazingmarket.ee\/et\/wp-json\/wp\/v2\/product_cat?post=10896"},{"taxonomy":"product_tag","embeddable":true,"href":"https:\/\/amazingmarket.ee\/et\/wp-json\/wp\/v2\/product_tag?post=10896"}],"curies":[{"name":"wp","href":"https:\/\/api.w.org\/{rel}","templated":true}]}}