{"id":10885,"date":"2025-03-27T10:30:45","date_gmt":"2025-03-27T08:30:45","guid":{"rendered":"https:\/\/amazingmarket.ee\/?post_type=product&#038;p=10885"},"modified":"2026-03-14T11:15:20","modified_gmt":"2026-03-14T09:15:20","slug":"gtv-decor-os-muno2-10-dec","status":"publish","type":"product","link":"https:\/\/amazingmarket.ee\/et\/toode\/gtv-decor-os-muno2-10-dec\/","title":{"rendered":"gtv decor os muno2 10. dets"},"content":{"rendered":"<h2 class=\"text-heading-3 mb-36 font-serif\">Toote kirjeldus<\/h2>\n<div class=\"grid grid-cols-1 gap-x-20 gap-y-40 lg:grid-cols-10\">\n<div class=\"lg:col-span-4 lg:col-start-1\">\n<div class=\"p-product__about-desc mce-content-body links-primary links-underline-hover text-body-large\">\n<p>Muno rippvalgusti on glamuurstiilis viimistletud valgusti, mis lisaks stiili vajadustele kohandatud disainile t\u00e4idab olulist funktsionaalset \u00fclesannet, valgustades interj\u00f6\u00f6ri \u00e4\u00e4rmiselt hubaselt ja soojalt.<\/p>\n<p>Rippvalgusti on l\u00e4bim\u00f5eldud disainiga, mis \u00fchendab harmooniliselt esteetilised ja praktilised vajadused. \u00dcmmarguse lambivarjuga \u00fcmbritsetud valgusallikas valgustab ruumi vaoshoitud viisil. Selle p\u00f5hjuseks on \u00f5rna kuuli kujuline klaaskorpuse l\u00e4bim\u00f5eldud konstruktsioon. T\u00fc\u00fctu s\u00e4rava valguse puudumine silmades ja peened s\u00e4hvatused on lisav\u00e4\u00e4rtused, mis r\u00f5\u00f5mustavad iga kasutajat.<\/p>\n<p>Muno rippvalgusti on loodud kolmes v\u00e4rvivariandis. Kuldne bee\u017e, antratsiithall ja s\u00fcgav, k\u00fcllastunud roheline. Nende abiga loote klassikalises glamuuri stiilis seadeid heledates interj\u00f6\u00f6rides, kus domineerivad valge ja bee\u017e, pimedates, elegantsetes, k\u00fcllastunud v\u00e4rvitoonides ruumides, aga ka kulla ja s\u00e4ra lisanditega ruumides. Olenemata valitud v\u00e4rvivariandist lisab Muno laelamp elegantsi ja iseloomu, hajutades valgust soojalt ja stiilselt.<\/p>\n<\/div>\n<\/div>\n<\/div>","protected":false},"excerpt":{"rendered":"<p>Product specifications<\/p>\n<table class=\"p-product__attributes-table\">\n<tbody>\n<tr class=\"p-product__attributes-row\">\n<th class=\"p-product__attributes-label\">CE certificate<\/th>\n<td class=\"p-product__attributes-values\">yes<\/td>\n<\/tr>\n<tr class=\"p-product__attributes-row\">\n<th class=\"p-product__attributes-label\">EAC certificate<\/th>\n<td class=\"p-product__attributes-values\">yes<\/td>\n<\/tr>\n<tr class=\"p-product__attributes-row\">\n<th class=\"p-product__attributes-label\">Declaration of Conformity<\/th>\n<td class=\"p-product__attributes-values\">yes<\/td>\n<\/tr>\n<tr class=\"p-product__attributes-row\">\n<th class=\"p-product__attributes-label\">Base type<\/th>\n<td class=\"p-product__attributes-values\">E27<\/td>\n<\/tr>\n<tr class=\"p-product__attributes-row\">\n<th class=\"p-product__attributes-label\">Voltage [V]<\/th>\n<td class=\"p-product__attributes-values\">max.250<\/td>\n<\/tr>\n<\/tbody>\n<\/table>\n","protected":false},"featured_media":10886,"comment_status":"open","ping_status":"closed","template":"","meta":{"_monsterinsights_skip_tracking":false,"_monsterinsights_sitenote_active":false,"_monsterinsights_sitenote_note":"","_monsterinsights_sitenote_category":0,"jetpack_publicize_message":"","jetpack_publicize_feature_enabled":true,"jetpack_social_post_already_shared":true,"jetpack_social_options":{"image_generator_settings":{"template":"highway","default_image_id":0,"font":"","enabled":false},"version":2}},"product_brand":[],"product_cat":[206],"product_tag":[],"class_list":{"0":"post-10885","1":"product","2":"type-product","3":"status-publish","4":"has-post-thumbnail","6":"product_cat-lamps","8":"first","9":"instock","10":"sale","11":"shipping-taxable","12":"purchasable","13":"product-type-simple"},"aioseo_notices":[],"jetpack_publicize_connections":[],"jetpack_sharing_enabled":true,"_links":{"self":[{"href":"https:\/\/amazingmarket.ee\/et\/wp-json\/wp\/v2\/product\/10885","targetHints":{"allow":["GET"]}}],"collection":[{"href":"https:\/\/amazingmarket.ee\/et\/wp-json\/wp\/v2\/product"}],"about":[{"href":"https:\/\/amazingmarket.ee\/et\/wp-json\/wp\/v2\/types\/product"}],"replies":[{"embeddable":true,"href":"https:\/\/amazingmarket.ee\/et\/wp-json\/wp\/v2\/comments?post=10885"}],"wp:featuredmedia":[{"embeddable":true,"href":"https:\/\/amazingmarket.ee\/et\/wp-json\/wp\/v2\/media\/10886"}],"wp:attachment":[{"href":"https:\/\/amazingmarket.ee\/et\/wp-json\/wp\/v2\/media?parent=10885"}],"wp:term":[{"taxonomy":"product_brand","embeddable":true,"href":"https:\/\/amazingmarket.ee\/et\/wp-json\/wp\/v2\/product_brand?post=10885"},{"taxonomy":"product_cat","embeddable":true,"href":"https:\/\/amazingmarket.ee\/et\/wp-json\/wp\/v2\/product_cat?post=10885"},{"taxonomy":"product_tag","embeddable":true,"href":"https:\/\/amazingmarket.ee\/et\/wp-json\/wp\/v2\/product_tag?post=10885"}],"curies":[{"name":"wp","href":"https:\/\/api.w.org\/{rel}","templated":true}]}}