{"id":10872,"date":"2025-03-25T17:34:13","date_gmt":"2025-03-25T15:34:13","guid":{"rendered":"https:\/\/amazingmarket.ee\/?post_type=product&#038;p=10872"},"modified":"2026-03-14T11:15:20","modified_gmt":"2026-03-14T09:15:20","slug":"gtv-decor-os-selvii-20-dec","status":"publish","type":"product","link":"https:\/\/amazingmarket.ee\/et\/toode\/gtv-decor-os-selvii-20-dec\/","title":{"rendered":"gtv decor os selvii 20. dets"},"content":{"rendered":"<div class=\"wpb_text_column wpb_content_element\">\n<div class=\"wpb_wrapper\">\n<h3>KIRJELDUS<\/h3>\n<\/div>\n<\/div>\n<div class=\"wpb_text_column wpb_content_element\">\n<div class=\"wpb_wrapper\">\n<p>Selvia II laelamp on suurep\u00e4rane valik hubastesse elutubadesse, k\u00f6\u00f6kidesse, s\u00f6\u00f6gitubadesse, aga ka kontoritesse v\u00f5i avalikesse ruumidesse, n\u00e4iteks kohvikutesse v\u00f5i restoranidesse, kus praktiline funktsionaalsus ja peen disain on olulised.<\/p>\n<p>Selvia II rippvalgusti viitab tasakaalustatud stiilile, kus lihtne vorm loob kauni efekti t\u00e4nu v\u00e4rvidele, valguse peegeldusele ja viimistletud detailidele. Selle universaalne iseloom v\u00f5imaldab seda h\u00f5lpsalt kohandada nii avalikesse kui ka privaatsetesse ruumidesse. L\u00e4bim\u00f5eldud funktsionaalne kontseptsioon tagab valitud ruumi t\u00e4iusliku valgustuse.<\/p>\n<p>Selvia II rippvalgusti on elegantse minimalismi kvintessents. \u00dcmmargune metallvarju kuldse sisemusega loob h\u00e4mmastava valgust hajutava efekti. See tagab v\u00e4ga hea valgustustaseme. Valida on nelja atraktiivse v\u00e4rvi vahel, t\u00e4nu millele saate mudeli h\u00f5lpsalt oma paigutusega sobitada. K\u00f5ik variandid on kuldse sisemusega fantastilises kontrastis: elegantne must, summutatud punane, stiilne tumesinine ja s\u00e4delev klassikaline kuldne.<\/p>\n<\/div>\n<\/div>","protected":false},"excerpt":{"rendered":"<div class=\"col span_4 has-animation triggered-animation animated-in\" data-animation=\"none\" data-delay=\"0\">\n<p>Valgusallika v\u00f5i seadme v\u00f5imsus<br \/>\n<b>max.40 W<\/b><\/p>\n<\/div>\n<div class=\"col span_4 has-animation triggered-animation animated-in\" data-animation=\"none\" data-delay=\"0\">\n<p>Pinge<br \/>\n<b>220-240 V<\/b><\/p>\n<p>Materjal<br \/>\n<b>metallist<\/b><\/p>\n<\/div>\n<div class=\"col span_4 has-animation triggered-animation animated-in\" data-animation=\"none\" data-delay=\"0\">\n<p>Aluse t\u00fc\u00fcp<br \/>\n<b>E27<\/b><\/p>\n<p>Tootja kood<br \/>\n<b>OS-SELVII-20-DETS<\/b><\/p>\n<\/div>","protected":false},"featured_media":10873,"comment_status":"open","ping_status":"closed","template":"","meta":{"_monsterinsights_skip_tracking":false,"_monsterinsights_sitenote_active":false,"_monsterinsights_sitenote_note":"","_monsterinsights_sitenote_category":0,"jetpack_publicize_message":"","jetpack_publicize_feature_enabled":true,"jetpack_social_post_already_shared":true,"jetpack_social_options":{"image_generator_settings":{"template":"highway","default_image_id":0,"font":"","enabled":false},"version":2}},"product_brand":[],"product_cat":[206],"product_tag":[],"class_list":{"0":"post-10872","1":"product","2":"type-product","3":"status-publish","4":"has-post-thumbnail","6":"product_cat-lamps","8":"first","9":"instock","10":"sale","11":"shipping-taxable","12":"purchasable","13":"product-type-simple"},"aioseo_notices":[],"jetpack_publicize_connections":[],"jetpack_sharing_enabled":true,"_links":{"self":[{"href":"https:\/\/amazingmarket.ee\/et\/wp-json\/wp\/v2\/product\/10872","targetHints":{"allow":["GET"]}}],"collection":[{"href":"https:\/\/amazingmarket.ee\/et\/wp-json\/wp\/v2\/product"}],"about":[{"href":"https:\/\/amazingmarket.ee\/et\/wp-json\/wp\/v2\/types\/product"}],"replies":[{"embeddable":true,"href":"https:\/\/amazingmarket.ee\/et\/wp-json\/wp\/v2\/comments?post=10872"}],"wp:featuredmedia":[{"embeddable":true,"href":"https:\/\/amazingmarket.ee\/et\/wp-json\/wp\/v2\/media\/10873"}],"wp:attachment":[{"href":"https:\/\/amazingmarket.ee\/et\/wp-json\/wp\/v2\/media?parent=10872"}],"wp:term":[{"taxonomy":"product_brand","embeddable":true,"href":"https:\/\/amazingmarket.ee\/et\/wp-json\/wp\/v2\/product_brand?post=10872"},{"taxonomy":"product_cat","embeddable":true,"href":"https:\/\/amazingmarket.ee\/et\/wp-json\/wp\/v2\/product_cat?post=10872"},{"taxonomy":"product_tag","embeddable":true,"href":"https:\/\/amazingmarket.ee\/et\/wp-json\/wp\/v2\/product_tag?post=10872"}],"curies":[{"name":"wp","href":"https:\/\/api.w.org\/{rel}","templated":true}]}}