{"id":10860,"date":"2025-03-25T17:26:41","date_gmt":"2025-03-25T15:26:41","guid":{"rendered":"https:\/\/amazingmarket.ee\/?post_type=product&#038;p=10860"},"modified":"2026-03-14T11:15:20","modified_gmt":"2026-03-14T09:15:20","slug":"gtv-decor-os-dem-10-dec","status":"publish","type":"product","link":"https:\/\/amazingmarket.ee\/et\/toode\/gtv-decor-os-dem-10-dec\/","title":{"rendered":"gtv decor os dem 10 dets"},"content":{"rendered":"<h2 class=\"text-heading-3 mb-36 font-serif\">Toote kirjeldus<\/h2>\n<div class=\"grid grid-cols-1 gap-x-20 gap-y-40 lg:grid-cols-10\">\n<div class=\"lg:col-span-4 lg:col-start-1\">\n<div class=\"p-product__about-desc mce-content-body links-primary links-underline-hover text-body-large\">\n<p>Loft-stiil koos modernse stiiliga v\u00f5imaldab luua interj\u00f6\u00f6rides \u00e4\u00e4rmiselt huvitavaid kompositsioone. See on ideaalne lahendus neile, kes eelistavad praktilisi ja efektseid esemeid \u2013 see loob ilmekad, l\u00e4bipaistvad ja minimalistlikud interj\u00f6\u00f6rid. Laevalgusti DEMIR sobib ideaalselt kaasaegsesse, modernsesse, t\u00f6\u00f6stuslikku ja loft-stiili. Seda saab kasutada elutoa, k\u00f6\u00f6gi, s\u00f6\u00f6gitoa ja isegi lastetoa korraldamisel. See sobib suurep\u00e4raselt igasse interj\u00f6\u00f6ri, mis on viimistletud s\u00f5bralikult ja soojalt.<\/p>\n<p>R\u00f6\u00f6bastele paigaldatavaid DEMIR-lampe saab kasutada ka \u00e4ripindades, nt restoranides ja kohvikutes. Valgusti DEMIR iseloomulik tunnus on selle klassikaline ja elegantne v\u00e4limus. Valgustil on valgusvihu nurga reguleerimiseks \u00fcks lambivari, millega saab valitud ala valgustada.<\/p>\n<\/div>\n<\/div>\n<\/div>","protected":false},"excerpt":{"rendered":"<p>Product specifications<\/p>\n<table class=\"p-product__attributes-table\">\n<tbody>\n<tr class=\"p-product__attributes-row\">\n<th class=\"p-product__attributes-label\">Place of installation<\/th>\n<td class=\"p-product__attributes-values\">ceiling<\/td>\n<\/tr>\n<tr class=\"p-product__attributes-row\">\n<th class=\"p-product__attributes-label\">Colour<\/th>\n<td class=\"p-product__attributes-values\">black\/white<\/td>\n<\/tr>\n<tr class=\"p-product__attributes-row\">\n<th class=\"p-product__attributes-label\">Base type<\/th>\n<td class=\"p-product__attributes-values\">E27<\/td>\n<\/tr>\n<tr class=\"p-product__attributes-row\">\n<th class=\"p-product__attributes-label\">Length [mm]<\/th>\n<td class=\"p-product__attributes-values\">150<\/td>\n<\/tr>\n<tr class=\"p-product__attributes-row\">\n<th class=\"p-product__attributes-label\">Width [mm]<\/th>\n<td class=\"p-product__attributes-values\">120<\/td>\n<\/tr>\n<tr class=\"p-product__attributes-row\">\n<th class=\"p-product__attributes-label\">Material<\/th>\n<td class=\"p-product__attributes-values\">metal<\/td>\n<\/tr>\n<tr class=\"p-product__attributes-row\">\n<th class=\"p-product__attributes-label\">Power of light source or device [W]<\/th>\n<td class=\"p-product__attributes-values\">max.40 W<\/td>\n<\/tr>\n<tr class=\"p-product__attributes-row\">\n<th class=\"p-product__attributes-label\">Weight [g]<\/th>\n<td class=\"p-product__attributes-values\">800<\/td>\n<\/tr>\n<tr class=\"p-product__attributes-row\">\n<th class=\"p-product__attributes-label\">Voltage [V]<\/th>\n<td class=\"p-product__attributes-values\">220-240<\/td>\n<\/tr>\n<\/tbody>\n<\/table>\n","protected":false},"featured_media":10861,"comment_status":"open","ping_status":"closed","template":"","meta":{"_monsterinsights_skip_tracking":false,"_monsterinsights_sitenote_active":false,"_monsterinsights_sitenote_note":"","_monsterinsights_sitenote_category":0,"jetpack_publicize_message":"","jetpack_publicize_feature_enabled":true,"jetpack_social_post_already_shared":true,"jetpack_social_options":{"image_generator_settings":{"template":"highway","default_image_id":0,"font":"","enabled":false},"version":2}},"product_brand":[],"product_cat":[206],"product_tag":[],"class_list":{"0":"post-10860","1":"product","2":"type-product","3":"status-publish","4":"has-post-thumbnail","6":"product_cat-lamps","8":"first","9":"instock","10":"sale","11":"shipping-taxable","12":"purchasable","13":"product-type-simple"},"aioseo_notices":[],"jetpack_publicize_connections":[],"jetpack_sharing_enabled":true,"_links":{"self":[{"href":"https:\/\/amazingmarket.ee\/et\/wp-json\/wp\/v2\/product\/10860","targetHints":{"allow":["GET"]}}],"collection":[{"href":"https:\/\/amazingmarket.ee\/et\/wp-json\/wp\/v2\/product"}],"about":[{"href":"https:\/\/amazingmarket.ee\/et\/wp-json\/wp\/v2\/types\/product"}],"replies":[{"embeddable":true,"href":"https:\/\/amazingmarket.ee\/et\/wp-json\/wp\/v2\/comments?post=10860"}],"wp:featuredmedia":[{"embeddable":true,"href":"https:\/\/amazingmarket.ee\/et\/wp-json\/wp\/v2\/media\/10861"}],"wp:attachment":[{"href":"https:\/\/amazingmarket.ee\/et\/wp-json\/wp\/v2\/media?parent=10860"}],"wp:term":[{"taxonomy":"product_brand","embeddable":true,"href":"https:\/\/amazingmarket.ee\/et\/wp-json\/wp\/v2\/product_brand?post=10860"},{"taxonomy":"product_cat","embeddable":true,"href":"https:\/\/amazingmarket.ee\/et\/wp-json\/wp\/v2\/product_cat?post=10860"},{"taxonomy":"product_tag","embeddable":true,"href":"https:\/\/amazingmarket.ee\/et\/wp-json\/wp\/v2\/product_tag?post=10860"}],"curies":[{"name":"wp","href":"https:\/\/api.w.org\/{rel}","templated":true}]}}