{"id":10854,"date":"2025-03-25T15:50:14","date_gmt":"2025-03-25T13:50:14","guid":{"rendered":"https:\/\/amazingmarket.ee\/?post_type=product&#038;p=10854"},"modified":"2026-03-14T11:15:20","modified_gmt":"2026-03-14T09:15:20","slug":"gtv-decor-os-eto-l-e27-10-dec","status":"publish","type":"product","link":"https:\/\/amazingmarket.ee\/et\/toode\/gtv-decor-os-eto-l-e27-10-dec\/","title":{"rendered":"gtv decor os eto l e27 10 dets"},"content":{"rendered":"<div class=\"nagl\"><span>KIRJELDUS<\/span><\/div>\n<div><span><span class=\"VIpgJd-yAWNEb-VIpgJd-fmcmS-sn54Q\">ETORE lamp on ideaalne seinakinnitus modernse ja skandinaavia stiili austajatele. See paistab silma oma lihtsuse, elegantsi ja esteetikaga. ETORE sobib ideaalselt elutoa, k\u00f6\u00f6gi, s\u00f6\u00f6gitoa v\u00f5i noortetoa kaunistamiseks. Lambivarju must v\u00e4rv on universaalne ja sobib suurep\u00e4raselt lisandiks, nt kontrastiks heledatele seintele. Tasub mainida, et lambi sisemus on valge, t\u00e4nu millele on kiiratav valgus ere ja sobivalt hajutatud. Lisaks on lambi k\u00f5rguse reguleerimise v\u00f5imalus, mis muudab selle h\u00f5lpsaks kohandamise igas suuruses ruumiga. Ripplambi juhe on disainitud musta v\u00e4rviga. ETORE valgustile on iseloomulik kaasaegne v\u00e4limus \u2013 sellest \u00f5hkub lihtsust ja puhast joont. See Skandinaavia mudel on v\u00e4ga esteetiline laekinnitus, mis sobib ideaalselt meie korterisse. Neid kasutatakse v\u00e4ga meelsasti, sest need sobivad ideaalselt ruumi peamiseks valguspunktiks. Need pakuvad hajutatud meeldivat valgust, mis soodustab l\u00f5\u00f5gastumist v\u00f5i kodut\u00f6\u00f6de tegemist. Tavaliselt valitakse korteritesse sooja v\u00e4rviga valgusallikad, mis loovad meeldiva atmosf\u00e4\u00e4ri.<\/span><\/span><\/div>","protected":false},"excerpt":{"rendered":"<table class=\"table table-specyfikacja\">\n<tbody>\n<tr class=\"tr-nagl\">\n<th colspan=\"2\"><span>P\u00f5hiteave<\/span><\/th>\n<\/tr>\n<tr>\n<td><span>S\u00fcmbol:<\/span><\/td>\n<td><span>OS-ETO-L-E27-10-DEC<\/span><\/td>\n<\/tr>\n<tr>\n<td><span>Seeria:<\/span><\/td>\n<td><span>ETER<\/span><\/td>\n<\/tr>\n<tr>\n<td><span>Tootja v\u00e4rv:<\/span><\/td>\n<td><span>Must<\/span><\/td>\n<\/tr>\n<tr>\n<td><span>Saatus:<\/span><\/td>\n<td><span>Elutuba, s\u00f6\u00f6gituba, k\u00f6\u00f6k, kontor, esik, magamistuba<\/span><\/td>\n<\/tr>\n<tr>\n<td><span>Stiil:<\/span><\/td>\n<td><span>Kaasaegne<\/span><\/td>\n<\/tr>\n<tr>\n<td><span>T\u00fc\u00fcp:<\/span><\/td>\n<td><span>Rippuvad lambid<\/span><\/td>\n<\/tr>\n<tr>\n<td><span>Domineeriv materjal:<\/span><\/td>\n<td><span>Metallist<\/span><\/td>\n<\/tr>\n<tr>\n<td><span>Toiteallikas (V):<\/span><\/td>\n<td><span>220-240<\/span><\/td>\n<\/tr>\n<tr>\n<td><span>Toite t\u00fc\u00fcp:<\/span><\/td>\n<td><span>V\u00f5rk<\/span><\/td>\n<\/tr>\n<tr>\n<td><span>Kaitseaste:<\/span><\/td>\n<td><span>IP20<\/span><\/td>\n<\/tr>\n<tr>\n<td><span>K\u00f5rguse muutmine:<\/span><\/td>\n<td><span>Jah<\/span><\/td>\n<\/tr>\n<tr>\n<td><span>Sagedus (Hz):<\/span><\/td>\n<td><span>50-60<\/span><\/td>\n<\/tr>\n<tr class=\"tr-nagl\">\n<th colspan=\"2\"><span>Valgusallikas<\/span><\/th>\n<\/tr>\n<tr>\n<td><span>L\u00f5ime t\u00fc\u00fcp:<\/span><\/td>\n<td><span>E27<\/span><\/td>\n<\/tr>\n<tr>\n<td><span>Valgusallikate arv:<\/span><\/td>\n<td><span>1<\/span><\/td>\n<\/tr>\n<tr>\n<td><span>Pirni maksimaalne v\u00f5imsus (W):<\/span><\/td>\n<td><span>25<\/span><\/td>\n<\/tr>\n<tr>\n<td><span>Komplektis valgusallikas:<\/span><\/td>\n<td><span>EI<\/span><\/td>\n<\/tr>\n<tr class=\"tr-nagl\">\n<th colspan=\"2\"><span>M\u00f5\u00f5tmed<\/span><\/th>\n<\/tr>\n<tr>\n<td><span>K\u00f5rgus (cm):<\/span><\/td>\n<td><span>170<\/span><\/td>\n<\/tr>\n<tr>\n<td><span>Lambivari\/lambivarju k\u00f5rgus (cm):<\/span><\/td>\n<td><span>16.9<\/span><\/td>\n<\/tr>\n<tr>\n<td><span>Lambivarju\/varju l\u00e4bim\u00f5\u00f5t\/laius (cm):<\/span><\/td>\n<td><span>12.8<\/span><\/td>\n<\/tr>\n<tr>\n<td><span>Peakatte laius (cm):<\/span><\/td>\n<td><span>10<\/span><\/td>\n<\/tr>\n<tr>\n<td><span>L\u00e4bim\u00f5\u00f5t (cm):<\/span><\/td>\n<td><span>12.8<\/span><\/td>\n<\/tr>\n<\/tbody>\n<\/table>","protected":false},"featured_media":10855,"comment_status":"open","ping_status":"closed","template":"","meta":{"_monsterinsights_skip_tracking":false,"_monsterinsights_sitenote_active":false,"_monsterinsights_sitenote_note":"","_monsterinsights_sitenote_category":0,"jetpack_publicize_message":"","jetpack_publicize_feature_enabled":true,"jetpack_social_post_already_shared":true,"jetpack_social_options":{"image_generator_settings":{"template":"highway","default_image_id":0,"font":"","enabled":false},"version":2}},"product_brand":[],"product_cat":[206],"product_tag":[],"class_list":{"0":"post-10854","1":"product","2":"type-product","3":"status-publish","4":"has-post-thumbnail","6":"product_cat-lamps","8":"first","9":"instock","10":"sale","11":"shipping-taxable","12":"purchasable","13":"product-type-simple"},"aioseo_notices":[],"jetpack_publicize_connections":[],"jetpack_sharing_enabled":true,"_links":{"self":[{"href":"https:\/\/amazingmarket.ee\/et\/wp-json\/wp\/v2\/product\/10854","targetHints":{"allow":["GET"]}}],"collection":[{"href":"https:\/\/amazingmarket.ee\/et\/wp-json\/wp\/v2\/product"}],"about":[{"href":"https:\/\/amazingmarket.ee\/et\/wp-json\/wp\/v2\/types\/product"}],"replies":[{"embeddable":true,"href":"https:\/\/amazingmarket.ee\/et\/wp-json\/wp\/v2\/comments?post=10854"}],"wp:featuredmedia":[{"embeddable":true,"href":"https:\/\/amazingmarket.ee\/et\/wp-json\/wp\/v2\/media\/10855"}],"wp:attachment":[{"href":"https:\/\/amazingmarket.ee\/et\/wp-json\/wp\/v2\/media?parent=10854"}],"wp:term":[{"taxonomy":"product_brand","embeddable":true,"href":"https:\/\/amazingmarket.ee\/et\/wp-json\/wp\/v2\/product_brand?post=10854"},{"taxonomy":"product_cat","embeddable":true,"href":"https:\/\/amazingmarket.ee\/et\/wp-json\/wp\/v2\/product_cat?post=10854"},{"taxonomy":"product_tag","embeddable":true,"href":"https:\/\/amazingmarket.ee\/et\/wp-json\/wp\/v2\/product_tag?post=10854"}],"curies":[{"name":"wp","href":"https:\/\/api.w.org\/{rel}","templated":true}]}}