{"id":10848,"date":"2025-03-25T14:32:08","date_gmt":"2025-03-25T12:32:08","guid":{"rendered":"https:\/\/amazingmarket.ee\/?post_type=product&#038;p=10848"},"modified":"2026-03-14T11:15:20","modified_gmt":"2026-03-14T09:15:20","slug":"gtv-decor-os-skan2-10-dec","status":"publish","type":"product","link":"https:\/\/amazingmarket.ee\/et\/toode\/gtv-decor-os-skan2-10-dec\/","title":{"rendered":"gtv decor os skan2 10. dets"},"content":{"rendered":"<h2 class=\"text-heading-3 mb-36 font-serif\">Toote kirjeldus<\/h2>\n<div class=\"grid grid-cols-1 gap-x-20 gap-y-40 lg:grid-cols-10\">\n<div class=\"lg:col-span-4 lg:col-start-1\">\n<div class=\"p-product__about-desc mce-content-body links-primary links-underline-hover text-body-large\">\n<p>Moodne SKANDI valgusti on ideaalne lahendus neile, kes soovivad oma interj\u00f6\u00f6ri kujundada skandinaavialikus ja minimalistlikus vaimus. Valgusti \u00fchendab endas loft- ja modernse stiili omadused.<\/p>\n<p>SKANDI lamp on n\u00e4ide funktsionaalsest sisekujundusest, kus kasutatakse vaid m\u00f5nda dekoratsiooni. M\u00f5nikord on \u00fcks detail parem kui mitu dekoratsiooni \u2013 ja see on ka antud juhul nii.<\/p>\n<p>GTV Decori kollektsiooni moodne valgusti sobib ideaalselt s\u00f6\u00f6gitoa laua kohale v\u00f5i avatud elutuppa. See n\u00e4eb eriti huvitav v\u00e4lja \u201er\u00e4baldunud\u201c dekoratiivtellise taustal, mida v\u00f5ib \u00fcha sagedamini leida pubides ja kontorites. See sobib suurep\u00e4raselt interj\u00f6\u00f6ridesse, mis on varustatud tumedate, toorete elementidega, nagu metallriiulid v\u00f5i juuksen\u00f5eljalgadega lauad. Sellistes industriaalsetes ruumides domineerivad halli, musta ja valge toonid.<\/p>\n<p>Paigaldust SKANDI valgustiga t\u00e4iendab h\u00f5\u00f5gniitidega valgusallikate kasutamine, eriti suitsuses variandis. Selles stiilis pirnide moodsad vormid on dekoratiivsed elemendid isegi v\u00e4ljal\u00fclitatud tulede korral.<\/p>\n<\/div>\n<\/div>\n<\/div>","protected":false},"excerpt":{"rendered":"<p>Product specifications<\/p>\n<table class=\"p-product__attributes-table\">\n<tbody>\n<tr class=\"p-product__attributes-row\">\n<th class=\"p-product__attributes-label\">Place of installation<\/th>\n<td class=\"p-product__attributes-values\">ceiling<\/td>\n<\/tr>\n<tr class=\"p-product__attributes-row\">\n<th class=\"p-product__attributes-label\">Colour<\/th>\n<td class=\"p-product__attributes-values\">black\/white<\/td>\n<\/tr>\n<tr class=\"p-product__attributes-row\">\n<th class=\"p-product__attributes-label\">Base type<\/th>\n<td class=\"p-product__attributes-values\">E27<\/td>\n<\/tr>\n<tr class=\"p-product__attributes-row\">\n<th class=\"p-product__attributes-label\">Material<\/th>\n<td class=\"p-product__attributes-values\">metal + wood<\/td>\n<\/tr>\n<tr class=\"p-product__attributes-row\">\n<th class=\"p-product__attributes-label\">Power of light source or device [W]<\/th>\n<td class=\"p-product__attributes-values\">max.40 W<\/td>\n<\/tr>\n<tr class=\"p-product__attributes-row\">\n<th class=\"p-product__attributes-label\">Voltage [V]<\/th>\n<td class=\"p-product__attributes-values\">220-240<\/td>\n<\/tr>\n<tr class=\"p-product__attributes-row\">\n<th class=\"p-product__attributes-label\">Hertz [Hz]<\/th>\n<td class=\"p-product__attributes-values\">50-60<\/td>\n<\/tr>\n<tr class=\"p-product__attributes-row\">\n<th class=\"p-product__attributes-label\">Protection class IP<\/th>\n<td class=\"p-product__attributes-values\">20<\/td>\n<\/tr>\n<tr class=\"p-product__attributes-row\">\n<th class=\"p-product__attributes-label\">Protection class against electric shock<\/th>\n<td class=\"p-product__attributes-values\">I<\/td>\n<\/tr>\n<\/tbody>\n<\/table>\n","protected":false},"featured_media":10849,"comment_status":"open","ping_status":"closed","template":"","meta":{"_monsterinsights_skip_tracking":false,"_monsterinsights_sitenote_active":false,"_monsterinsights_sitenote_note":"","_monsterinsights_sitenote_category":0,"jetpack_publicize_message":"","jetpack_publicize_feature_enabled":true,"jetpack_social_post_already_shared":true,"jetpack_social_options":{"image_generator_settings":{"template":"highway","default_image_id":0,"font":"","enabled":false},"version":2}},"product_brand":[],"product_cat":[206],"product_tag":[],"class_list":{"0":"post-10848","1":"product","2":"type-product","3":"status-publish","4":"has-post-thumbnail","6":"product_cat-lamps","8":"first","9":"instock","10":"sale","11":"shipping-taxable","12":"purchasable","13":"product-type-simple"},"aioseo_notices":[],"jetpack_publicize_connections":[],"jetpack_sharing_enabled":true,"_links":{"self":[{"href":"https:\/\/amazingmarket.ee\/et\/wp-json\/wp\/v2\/product\/10848","targetHints":{"allow":["GET"]}}],"collection":[{"href":"https:\/\/amazingmarket.ee\/et\/wp-json\/wp\/v2\/product"}],"about":[{"href":"https:\/\/amazingmarket.ee\/et\/wp-json\/wp\/v2\/types\/product"}],"replies":[{"embeddable":true,"href":"https:\/\/amazingmarket.ee\/et\/wp-json\/wp\/v2\/comments?post=10848"}],"wp:featuredmedia":[{"embeddable":true,"href":"https:\/\/amazingmarket.ee\/et\/wp-json\/wp\/v2\/media\/10849"}],"wp:attachment":[{"href":"https:\/\/amazingmarket.ee\/et\/wp-json\/wp\/v2\/media?parent=10848"}],"wp:term":[{"taxonomy":"product_brand","embeddable":true,"href":"https:\/\/amazingmarket.ee\/et\/wp-json\/wp\/v2\/product_brand?post=10848"},{"taxonomy":"product_cat","embeddable":true,"href":"https:\/\/amazingmarket.ee\/et\/wp-json\/wp\/v2\/product_cat?post=10848"},{"taxonomy":"product_tag","embeddable":true,"href":"https:\/\/amazingmarket.ee\/et\/wp-json\/wp\/v2\/product_tag?post=10848"}],"curies":[{"name":"wp","href":"https:\/\/api.w.org\/{rel}","templated":true}]}}