{"id":10835,"date":"2025-03-25T12:05:05","date_gmt":"2025-03-25T10:05:05","guid":{"rendered":"https:\/\/amazingmarket.ee\/?post_type=product&#038;p=10835"},"modified":"2026-03-14T11:15:21","modified_gmt":"2026-03-14T09:15:21","slug":"gtv-decor-os-reto1-10-dec","status":"publish","type":"product","link":"https:\/\/amazingmarket.ee\/et\/toode\/gtv-decor-os-reto1-10-dec\/","title":{"rendered":"gtv decor os reto1 10. dets"},"content":{"rendered":"<h2 class=\"text-heading-3 mb-36 font-serif\">Toote kirjeldus<\/h2>\n<div class=\"grid grid-cols-1 gap-x-20 gap-y-40 lg:grid-cols-10\">\n<div class=\"lg:col-span-4 lg:col-start-1\">\n<div class=\"p-product__about-desc mce-content-body links-primary links-underline-hover text-body-large\">\n<p>Moodne ja dekoratiivne rippvalgusti, mis \u00fchendab loft- ja vintage-stiili. See on originaalne ja efektne, p\u00fc\u00fcab kohe pilku ja loob erilise atmosf\u00e4\u00e4ri. Muljetavaldav RETO traatvarju on \u00fcks moodsamaid turul saadaolevaid disaine ja sisearhitektide seas \u00e4\u00e4rmiselt populaarne.<\/p>\n<p>RETO valgusti on ideaalne dekoratiivne element, mis t\u00e4iendab elutoa, k\u00f6\u00f6gi v\u00f5i s\u00f6\u00f6gitoa kujundust. See sobib suurep\u00e4raselt eriti minimalistlikku interj\u00f6\u00f6ri, kus on vaid m\u00f5ned dekoratsioonid. Sellel on reguleeritav k\u00f5rgus, nii et seda saab kohandada nii k\u00f5rgetesse kui ka madalatesse ruumidesse.<\/p>\n<p>Lambi a\u017euurne struktuur paljastab pirni, seega sobib dekoratiivsete h\u00f5\u00f5gniitidega LED-valgusallika mudel sellele suurep\u00e4raselt. Selle stiili pirnide moodsad mustrid on dekoratiivseks elemendiks isegi siis, kui tuled on v\u00e4lja l\u00fclitatud.<\/p>\n<\/div>\n<\/div>\n<\/div>","protected":false},"excerpt":{"rendered":"<p>Product specifications<\/p>\n<table class=\"p-product__attributes-table\">\n<tbody>\n<tr class=\"p-product__attributes-row\">\n<th class=\"p-product__attributes-label\">Place of installation<\/th>\n<td class=\"p-product__attributes-values\">ceiling<\/td>\n<\/tr>\n<tr class=\"p-product__attributes-row\">\n<th class=\"p-product__attributes-label\">Colour<\/th>\n<td class=\"p-product__attributes-values\">black\/white<\/td>\n<\/tr>\n<tr class=\"p-product__attributes-row\">\n<th class=\"p-product__attributes-label\">Base type<\/th>\n<td class=\"p-product__attributes-values\">E27<\/td>\n<\/tr>\n<tr class=\"p-product__attributes-row\">\n<th class=\"p-product__attributes-label\">Length [mm]<\/th>\n<td class=\"p-product__attributes-values\">330<\/td>\n<\/tr>\n<tr class=\"p-product__attributes-row\">\n<th class=\"p-product__attributes-label\">Material<\/th>\n<td class=\"p-product__attributes-values\">metal<\/td>\n<\/tr>\n<tr class=\"p-product__attributes-row\">\n<th class=\"p-product__attributes-label\">Power of light source or device [W]<\/th>\n<td class=\"p-product__attributes-values\">max.40 W<\/td>\n<\/tr>\n<tr class=\"p-product__attributes-row\">\n<th class=\"p-product__attributes-label\">Weight [g]<\/th>\n<td class=\"p-product__attributes-values\">800<\/td>\n<\/tr>\n<tr class=\"p-product__attributes-row\">\n<th class=\"p-product__attributes-label\">Voltage [V]<\/th>\n<td class=\"p-product__attributes-values\">220-240<\/td>\n<\/tr>\n<tr class=\"p-product__attributes-row\">\n<th class=\"p-product__attributes-label\">Hertz [Hz]<\/th>\n<td class=\"p-product__attributes-values\">50-60<\/td>\n<\/tr>\n<\/tbody>\n<\/table>\n","protected":false},"featured_media":10836,"comment_status":"open","ping_status":"closed","template":"","meta":{"_monsterinsights_skip_tracking":false,"_monsterinsights_sitenote_active":false,"_monsterinsights_sitenote_note":"","_monsterinsights_sitenote_category":0,"jetpack_publicize_message":"","jetpack_publicize_feature_enabled":true,"jetpack_social_post_already_shared":true,"jetpack_social_options":{"image_generator_settings":{"template":"highway","default_image_id":0,"font":"","enabled":false},"version":2}},"product_brand":[],"product_cat":[206],"product_tag":[],"class_list":{"0":"post-10835","1":"product","2":"type-product","3":"status-publish","4":"has-post-thumbnail","6":"product_cat-lamps","8":"first","9":"instock","10":"sale","11":"shipping-taxable","12":"purchasable","13":"product-type-simple"},"aioseo_notices":[],"jetpack_publicize_connections":[],"jetpack_sharing_enabled":true,"_links":{"self":[{"href":"https:\/\/amazingmarket.ee\/et\/wp-json\/wp\/v2\/product\/10835","targetHints":{"allow":["GET"]}}],"collection":[{"href":"https:\/\/amazingmarket.ee\/et\/wp-json\/wp\/v2\/product"}],"about":[{"href":"https:\/\/amazingmarket.ee\/et\/wp-json\/wp\/v2\/types\/product"}],"replies":[{"embeddable":true,"href":"https:\/\/amazingmarket.ee\/et\/wp-json\/wp\/v2\/comments?post=10835"}],"wp:featuredmedia":[{"embeddable":true,"href":"https:\/\/amazingmarket.ee\/et\/wp-json\/wp\/v2\/media\/10836"}],"wp:attachment":[{"href":"https:\/\/amazingmarket.ee\/et\/wp-json\/wp\/v2\/media?parent=10835"}],"wp:term":[{"taxonomy":"product_brand","embeddable":true,"href":"https:\/\/amazingmarket.ee\/et\/wp-json\/wp\/v2\/product_brand?post=10835"},{"taxonomy":"product_cat","embeddable":true,"href":"https:\/\/amazingmarket.ee\/et\/wp-json\/wp\/v2\/product_cat?post=10835"},{"taxonomy":"product_tag","embeddable":true,"href":"https:\/\/amazingmarket.ee\/et\/wp-json\/wp\/v2\/product_tag?post=10835"}],"curies":[{"name":"wp","href":"https:\/\/api.w.org\/{rel}","templated":true}]}}