{"id":10833,"date":"2025-03-25T11:39:56","date_gmt":"2025-03-25T09:39:56","guid":{"rendered":"https:\/\/amazingmarket.ee\/?post_type=product&#038;p=10833"},"modified":"2026-03-14T11:15:21","modified_gmt":"2026-03-14T09:15:21","slug":"gtv-decor-os-marc-00-dec","status":"publish","type":"product","link":"https:\/\/amazingmarket.ee\/et\/toode\/gtv-decor-os-marc-00-dec\/","title":{"rendered":"gtv decor os marc 00 dets"},"content":{"rendered":"<div class=\"nagl\"><span class=\"VIpgJd-yAWNEb-VIpgJd-fmcmS-sn54Q\">KIRJELDUS<\/span><\/div>\n<div>Moodsas stiilis rippvalgusti. T\u00e4nu peentele puidulisanditele sobib see h\u00e4sti ka Skandinaavia interj\u00f6\u00f6ridesse, mida iseloomustab lahenduste funktsionaalsus, lihtsus ja looduslike materjalide kasutamine. See sobib ideaalselt valge m\u00f6\u00f6bli, puitp\u00f5randate ja dekoratiivsete aksessuaaridega, nagu puuvill, lina, paksu koega tekid. Lamp on valmistatud kvaliteetsetest materjalidest. S\u00fcgav valge matt metallist lambivari loob sooja valgusallikaga kasutamisel s\u00f5braliku pere atmosf\u00e4\u00e4ri. MARGUS on suurep\u00e4rane lisa moodsasse k\u00f6\u00f6ki v\u00f5i s\u00f6\u00f6gituppa. Need on v\u00e4ga populaarsed, kuna sobivad ideaalselt ruumi peamiseks valguspunktiks. Need pakuvad hajutatud meeldivat valgust, mis soodustab l\u00f5\u00f5gastumist v\u00f5i kodut\u00f6\u00f6de tegemist. Tavaliselt valitakse korteritesse sooja v\u00e4rviga valgusallikad, mis loovad meeldiva atmosf\u00e4\u00e4ri.<\/div>","protected":false},"excerpt":{"rendered":"<table class=\"table table-specyfikacja\">\n<tbody>\n<tr class=\"tr-nagl\">\n<th colspan=\"2\">P\u00f5hiteave<\/th>\n<\/tr>\n<tr>\n<td>S\u00fcmbol:<\/td>\n<td>OS-MARG-00-DEC<\/td>\n<\/tr>\n<tr>\n<td>Seeria:<\/td>\n<td>MARGUS<\/td>\n<\/tr>\n<tr>\n<td>Tootja v\u00e4rv:<\/td>\n<td>Valge<\/td>\n<\/tr>\n<tr>\n<td>Saatus:<\/td>\n<td>Elutuba, s\u00f6\u00f6gituba, k\u00f6\u00f6k, kontor, esik, magamistuba<\/td>\n<\/tr>\n<tr>\n<td>Stiil:<\/td>\n<td>Kaasaegne<\/td>\n<\/tr>\n<tr>\n<td>T\u00fc\u00fcp:<\/td>\n<td>Rippuvad lambid<\/td>\n<\/tr>\n<tr>\n<td>Domineeriv materjal:<\/td>\n<td>Metallist<\/td>\n<\/tr>\n<tr>\n<td>Toiteallikas (V):<\/td>\n<td>220-240<\/td>\n<\/tr>\n<tr>\n<td>Toite t\u00fc\u00fcp:<\/td>\n<td>V\u00f5rk<\/td>\n<\/tr>\n<tr>\n<td>Kaitseaste:<\/td>\n<td>IP20<\/td>\n<\/tr>\n<tr>\n<td>K\u00f5rguse muutmine:<\/td>\n<td>Jah<\/td>\n<\/tr>\n<tr>\n<td>Sagedus (Hz):<\/td>\n<td>50-60<\/td>\n<\/tr>\n<tr class=\"tr-nagl\">\n<th colspan=\"2\">Valgusallikas<\/th>\n<\/tr>\n<tr>\n<td>L\u00f5ime t\u00fc\u00fcp:<\/td>\n<td>E27<\/td>\n<\/tr>\n<tr>\n<td>Valgusallikate arv:<\/td>\n<td>1<\/td>\n<\/tr>\n<tr>\n<td>Pirni maksimaalne v\u00f5imsus (W):<\/td>\n<td>40<\/td>\n<\/tr>\n<tr>\n<td>Komplektis valgusallikas:<\/td>\n<td>EI<\/td>\n<\/tr>\n<tr class=\"tr-nagl\">\n<th colspan=\"2\">M\u00f5\u00f5tmed<\/th>\n<\/tr>\n<tr>\n<td>K\u00f5rgus (cm):<\/td>\n<td>125.5<\/td>\n<\/tr>\n<tr>\n<td><span class=\"\">Lambivarju\/varju l\u00e4bim\u00f5\u00f5t\/laius (cm):<\/span><\/td>\n<td>30<\/td>\n<\/tr>\n<\/tbody>\n<\/table>","protected":false},"featured_media":10834,"comment_status":"open","ping_status":"closed","template":"","meta":{"_monsterinsights_skip_tracking":false,"_monsterinsights_sitenote_active":false,"_monsterinsights_sitenote_note":"","_monsterinsights_sitenote_category":0,"jetpack_publicize_message":"","jetpack_publicize_feature_enabled":true,"jetpack_social_post_already_shared":true,"jetpack_social_options":{"image_generator_settings":{"template":"highway","default_image_id":0,"font":"","enabled":false},"version":2}},"product_brand":[],"product_cat":[206],"product_tag":[],"class_list":{"0":"post-10833","1":"product","2":"type-product","3":"status-publish","4":"has-post-thumbnail","6":"product_cat-lamps","8":"first","9":"instock","10":"sale","11":"shipping-taxable","12":"purchasable","13":"product-type-simple"},"aioseo_notices":[],"jetpack_publicize_connections":[],"jetpack_sharing_enabled":true,"_links":{"self":[{"href":"https:\/\/amazingmarket.ee\/et\/wp-json\/wp\/v2\/product\/10833","targetHints":{"allow":["GET"]}}],"collection":[{"href":"https:\/\/amazingmarket.ee\/et\/wp-json\/wp\/v2\/product"}],"about":[{"href":"https:\/\/amazingmarket.ee\/et\/wp-json\/wp\/v2\/types\/product"}],"replies":[{"embeddable":true,"href":"https:\/\/amazingmarket.ee\/et\/wp-json\/wp\/v2\/comments?post=10833"}],"wp:featuredmedia":[{"embeddable":true,"href":"https:\/\/amazingmarket.ee\/et\/wp-json\/wp\/v2\/media\/10834"}],"wp:attachment":[{"href":"https:\/\/amazingmarket.ee\/et\/wp-json\/wp\/v2\/media?parent=10833"}],"wp:term":[{"taxonomy":"product_brand","embeddable":true,"href":"https:\/\/amazingmarket.ee\/et\/wp-json\/wp\/v2\/product_brand?post=10833"},{"taxonomy":"product_cat","embeddable":true,"href":"https:\/\/amazingmarket.ee\/et\/wp-json\/wp\/v2\/product_cat?post=10833"},{"taxonomy":"product_tag","embeddable":true,"href":"https:\/\/amazingmarket.ee\/et\/wp-json\/wp\/v2\/product_tag?post=10833"}],"curies":[{"name":"wp","href":"https:\/\/api.w.org\/{rel}","templated":true}]}}