{"id":10789,"date":"2025-03-18T12:31:49","date_gmt":"2025-03-18T10:31:49","guid":{"rendered":"https:\/\/amazingmarket.ee\/?post_type=product&#038;p=10789"},"modified":"2026-03-14T11:15:21","modified_gmt":"2026-03-14T09:15:21","slug":"gtv-decor-os-mouse-27-dec","status":"publish","type":"product","link":"https:\/\/amazingmarket.ee\/et\/toode\/gtv-decor-os-mouse-27-dec\/","title":{"rendered":"gtv decor os hiir 27. dets"},"content":{"rendered":"<div class=\"wpb_text_column wpb_content_element\">\n<div class=\"wpb_wrapper\">\n<h3>KIRJELDUS<\/h3>\n<\/div>\n<\/div>\n<div class=\"wpb_text_column wpb_content_element\">\n<div class=\"wpb_wrapper\">\n<p>Hiire seinavalgusti on ideaalne t\u00e4iendus lastetubade paigutusele. See on praktiline, mugav ja visuaalselt kohandatud v\u00e4ikekasutajate vajadustele. See sobib suurep\u00e4raselt paljude rakenduste jaoks, pakkudes kena visuaalset lisa.<\/p>\n<p>Laste seinalamp on loodud laste erilisi ootusi silmas pidades. Lihtne, \u201chiire\u201d k\u00f5rvadega kaunistatud kujund on idee, mis muudab iga n\u00e4o s\u00e4ravaks. Hiire seinavalgusti sobib suurep\u00e4raselt voodi k\u00f5rvale, kus see muudab raamatute lugemise lihtsamaks, leiab rakendust ka m\u00e4ngunurgas, sest v\u00f5imaldab suunata valguskiire sinna, kuhu vaja.<\/p>\n<p>Hiire seinavalgusti on osa suuremast sarjast \u2013 valgustitoodete r\u00fchmast, mille hulgast leiad k\u00f5ik vajaliku k\u00f5ige v\u00e4iksemate hubaste ruumide valgustamiseks. Viimistletud disainis on kasutatud v\u00e4rve, millest iga laps leiab oma lemmikv\u00e4rvi. Valikus: kombinatsioon s\u00e4delevast kullast mustaga, ergutavast kollasest punase ja tumesinise v\u00e4rviga, pastelne roosa kombinatsioon sinisega ja sinine energilise kollasega.<\/p>\n<\/div>\n<\/div>","protected":false},"excerpt":{"rendered":"<h1 class=\"product_title entry-title nectar-inherit-default\">MOUSE seinavalgusti sisse l\u00fclitatud, 3063, max250V, 50\/60Hz, 1*E27, max.25 W, IP20, dia.8 cm, tumesinine\/kollane<\/h1>","protected":false},"featured_media":10790,"comment_status":"open","ping_status":"closed","template":"","meta":{"_monsterinsights_skip_tracking":false,"_monsterinsights_sitenote_active":false,"_monsterinsights_sitenote_note":"","_monsterinsights_sitenote_category":0,"jetpack_publicize_message":"","jetpack_publicize_feature_enabled":true,"jetpack_social_post_already_shared":true,"jetpack_social_options":{"image_generator_settings":{"template":"highway","default_image_id":0,"font":"","enabled":false},"version":2}},"product_brand":[],"product_cat":[206],"product_tag":[],"class_list":{"0":"post-10789","1":"product","2":"type-product","3":"status-publish","4":"has-post-thumbnail","6":"product_cat-lamps","8":"first","9":"instock","10":"sale","11":"shipping-taxable","12":"purchasable","13":"product-type-simple"},"aioseo_notices":[],"jetpack_publicize_connections":[],"jetpack_sharing_enabled":true,"_links":{"self":[{"href":"https:\/\/amazingmarket.ee\/et\/wp-json\/wp\/v2\/product\/10789","targetHints":{"allow":["GET"]}}],"collection":[{"href":"https:\/\/amazingmarket.ee\/et\/wp-json\/wp\/v2\/product"}],"about":[{"href":"https:\/\/amazingmarket.ee\/et\/wp-json\/wp\/v2\/types\/product"}],"replies":[{"embeddable":true,"href":"https:\/\/amazingmarket.ee\/et\/wp-json\/wp\/v2\/comments?post=10789"}],"wp:featuredmedia":[{"embeddable":true,"href":"https:\/\/amazingmarket.ee\/et\/wp-json\/wp\/v2\/media\/10790"}],"wp:attachment":[{"href":"https:\/\/amazingmarket.ee\/et\/wp-json\/wp\/v2\/media?parent=10789"}],"wp:term":[{"taxonomy":"product_brand","embeddable":true,"href":"https:\/\/amazingmarket.ee\/et\/wp-json\/wp\/v2\/product_brand?post=10789"},{"taxonomy":"product_cat","embeddable":true,"href":"https:\/\/amazingmarket.ee\/et\/wp-json\/wp\/v2\/product_cat?post=10789"},{"taxonomy":"product_tag","embeddable":true,"href":"https:\/\/amazingmarket.ee\/et\/wp-json\/wp\/v2\/product_tag?post=10789"}],"curies":[{"name":"wp","href":"https:\/\/api.w.org\/{rel}","templated":true}]}}