{"id":10768,"date":"2025-03-18T12:02:01","date_gmt":"2025-03-18T10:02:01","guid":{"rendered":"https:\/\/amazingmarket.ee\/?post_type=product&#038;p=10768"},"modified":"2026-03-14T11:15:21","modified_gmt":"2026-03-14T09:15:21","slug":"gtv-decor-os-mani1-11-dec","status":"publish","type":"product","link":"https:\/\/amazingmarket.ee\/et\/toode\/gtv-decor-os-mani1-11-dec\/","title":{"rendered":"gtv decor os mani1 11. dets"},"content":{"rendered":"<h2 class=\"text-heading-3 mb-36 font-serif\">Toote kirjeldus<\/h2>\n<div class=\"grid grid-cols-1 gap-x-20 gap-y-40 lg:grid-cols-10\">\n<div class=\"lg:col-span-4 lg:col-start-1\">\n<div class=\"p-product__about-desc mce-content-body links-primary links-underline-hover text-body-large\">\n<p>Mehhiko linna Chichen Itza hoonetest inspireeritud lamp \u00fchendab endas vintage-, retro- ja loft-stiili. Seda saab kasutada lisavalgusallikana elutubades, esikutes ja koridorides. Ideaalne lugemislambina diivani v\u00f5i voodi k\u00f5rvale riputatuna. See ei tohiks puududa hotellides, kontorites ja trepikodades.<\/p>\n<p>Varre harmoonilised kujud ja toores, minimalistlik vari muudavad MANI valgusti v\u00e4limuse ajatuks. Kogu lamp on valmistatud metallist. V\u00e4ljastpoolt on lambivarjul matt must viimistlus, mis lisab interj\u00f6\u00f6rile rafineeritud elegantsi. Valgusti kullatud sisemus aga soojendab lambist v\u00e4ljuvat valgust lisaks.<\/p>\n<p>Must ja kuldne on kaks v\u00e4rvi, mis harmoneeruvad ideaalselt, \u00fchendades jaheda elegantsi koduse hubasusega.<\/p>\n<\/div>\n<\/div>\n<\/div>","protected":false},"excerpt":{"rendered":"<p>Product specifications<\/p>\n<table class=\"p-product__attributes-table\">\n<tbody>\n<tr class=\"p-product__attributes-row\">\n<th class=\"p-product__attributes-label\">Place of installation<\/th>\n<td class=\"p-product__attributes-values\">ceiling<\/td>\n<\/tr>\n<tr class=\"p-product__attributes-row\">\n<th class=\"p-product__attributes-label\">Colour<\/th>\n<td class=\"p-product__attributes-values\">black\/gold<\/td>\n<\/tr>\n<tr class=\"p-product__attributes-row\">\n<th class=\"p-product__attributes-label\">Base type<\/th>\n<td class=\"p-product__attributes-values\">E27<\/td>\n<\/tr>\n<tr class=\"p-product__attributes-row\">\n<th class=\"p-product__attributes-label\">Width [mm]<\/th>\n<td class=\"p-product__attributes-values\">220<\/td>\n<\/tr>\n<tr class=\"p-product__attributes-row\">\n<th class=\"p-product__attributes-label\">Material<\/th>\n<td class=\"p-product__attributes-values\">metal + aluminum<\/td>\n<\/tr>\n<tr class=\"p-product__attributes-row\">\n<th class=\"p-product__attributes-label\">Power of light source or device [W]<\/th>\n<td class=\"p-product__attributes-values\">max.40 W<\/td>\n<\/tr>\n<tr class=\"p-product__attributes-row\">\n<th class=\"p-product__attributes-label\">Weight [g]<\/th>\n<td class=\"p-product__attributes-values\">800<\/td>\n<\/tr>\n<tr class=\"p-product__attributes-row\">\n<th class=\"p-product__attributes-label\">Voltage [V]<\/th>\n<td class=\"p-product__attributes-values\">220-240<\/td>\n<\/tr>\n<tr class=\"p-product__attributes-row\">\n<th class=\"p-product__attributes-label\">Hertz [Hz]<\/th>\n<td class=\"p-product__attributes-values\">50-60<\/td>\n<\/tr>\n<\/tbody>\n<\/table>\n","protected":false},"featured_media":10769,"comment_status":"open","ping_status":"closed","template":"","meta":{"_monsterinsights_skip_tracking":false,"_monsterinsights_sitenote_active":false,"_monsterinsights_sitenote_note":"","_monsterinsights_sitenote_category":0,"jetpack_publicize_message":"","jetpack_publicize_feature_enabled":true,"jetpack_social_post_already_shared":true,"jetpack_social_options":{"image_generator_settings":{"template":"highway","default_image_id":0,"font":"","enabled":false},"version":2}},"product_brand":[],"product_cat":[206],"product_tag":[],"class_list":{"0":"post-10768","1":"product","2":"type-product","3":"status-publish","4":"has-post-thumbnail","6":"product_cat-lamps","8":"first","9":"instock","10":"sale","11":"shipping-taxable","12":"purchasable","13":"product-type-simple"},"aioseo_notices":[],"jetpack_publicize_connections":[],"jetpack_sharing_enabled":true,"_links":{"self":[{"href":"https:\/\/amazingmarket.ee\/et\/wp-json\/wp\/v2\/product\/10768","targetHints":{"allow":["GET"]}}],"collection":[{"href":"https:\/\/amazingmarket.ee\/et\/wp-json\/wp\/v2\/product"}],"about":[{"href":"https:\/\/amazingmarket.ee\/et\/wp-json\/wp\/v2\/types\/product"}],"replies":[{"embeddable":true,"href":"https:\/\/amazingmarket.ee\/et\/wp-json\/wp\/v2\/comments?post=10768"}],"wp:featuredmedia":[{"embeddable":true,"href":"https:\/\/amazingmarket.ee\/et\/wp-json\/wp\/v2\/media\/10769"}],"wp:attachment":[{"href":"https:\/\/amazingmarket.ee\/et\/wp-json\/wp\/v2\/media?parent=10768"}],"wp:term":[{"taxonomy":"product_brand","embeddable":true,"href":"https:\/\/amazingmarket.ee\/et\/wp-json\/wp\/v2\/product_brand?post=10768"},{"taxonomy":"product_cat","embeddable":true,"href":"https:\/\/amazingmarket.ee\/et\/wp-json\/wp\/v2\/product_cat?post=10768"},{"taxonomy":"product_tag","embeddable":true,"href":"https:\/\/amazingmarket.ee\/et\/wp-json\/wp\/v2\/product_tag?post=10768"}],"curies":[{"name":"wp","href":"https:\/\/api.w.org\/{rel}","templated":true}]}}