{"id":10762,"date":"2025-03-18T11:50:27","date_gmt":"2025-03-18T09:50:27","guid":{"rendered":"https:\/\/amazingmarket.ee\/?post_type=product&#038;p=10762"},"modified":"2026-03-14T11:15:21","modified_gmt":"2026-03-14T09:15:21","slug":"gtv-decor-os-gian-e27-11-dec","status":"publish","type":"product","link":"https:\/\/amazingmarket.ee\/et\/toode\/gtv-decor-os-gian-e27-11-dec\/","title":{"rendered":"gtv decor os gian e27 11. dets"},"content":{"rendered":"<h2 class=\"text-heading-3 mb-36 font-serif\">Toote kirjeldus<\/h2>\n<div class=\"grid grid-cols-1 gap-x-20 gap-y-40 lg:grid-cols-10\">\n<div class=\"lg:col-span-4 lg:col-start-1\">\n<div class=\"p-product__about-desc mce-content-body links-primary links-underline-hover text-body-large\">\n<p>GIANNI on klassikaline, n\u00e4htavate t\u00f6\u00f6stusdisaini m\u00f5judega valgusti, mis t\u00e4iendab skandinaavialikes ja modernsetes stiilides sisustatud interj\u00f6\u00f6re. See on stiilne element, mis on pilkup\u00fc\u00fcdev, kuid mitte \u00fcle j\u00f5u k\u00e4iv.<\/p>\n<p>Antratsiidist lambivarju ja vasest kinnitusega variant v\u00f5ib olla iga interj\u00f6\u00f6ri keskpunktiks. Kui seda kasutatakse s\u00f6\u00f6gilaua kohal, on soovitatav paigaldada 2 t\u00fckki \u00fcksteise l\u00e4hedale.<\/p>\n<p>22 cm l\u00e4bim\u00f5\u00f5duga lambivari on riputatud reguleeritava kaabli k\u00fclge. Seda lahendust hindavad eriti madalate interj\u00f6\u00f6ride omanikud.<\/p>\n<p>Lamp kasutab valgusallika h\u00f5lpsaks reguleerimiseks turu populaarseimat pesa \u2013 E27.<\/p>\n<\/div>\n<\/div>\n<\/div>","protected":false},"excerpt":{"rendered":"<h1 class=\"p-product__header-title text-heading-3 font-serif\">Laekinnitus GIANNI,9974,AC220-240V,50\/60Hz,1*E27,max.40W,IP20,l\u00e4bim\u00f5\u00f5t 22cm,\u00fcksik,must\/kuldne<\/h1>","protected":false},"featured_media":10763,"comment_status":"open","ping_status":"closed","template":"","meta":{"_monsterinsights_skip_tracking":false,"_monsterinsights_sitenote_active":false,"_monsterinsights_sitenote_note":"","_monsterinsights_sitenote_category":0,"jetpack_publicize_message":"","jetpack_publicize_feature_enabled":true,"jetpack_social_post_already_shared":true,"jetpack_social_options":{"image_generator_settings":{"template":"highway","default_image_id":0,"font":"","enabled":false},"version":2}},"product_brand":[],"product_cat":[206],"product_tag":[],"class_list":{"0":"post-10762","1":"product","2":"type-product","3":"status-publish","4":"has-post-thumbnail","6":"product_cat-lamps","8":"first","9":"instock","10":"sale","11":"shipping-taxable","12":"purchasable","13":"product-type-simple"},"aioseo_notices":[],"jetpack_publicize_connections":[],"jetpack_sharing_enabled":true,"_links":{"self":[{"href":"https:\/\/amazingmarket.ee\/et\/wp-json\/wp\/v2\/product\/10762","targetHints":{"allow":["GET"]}}],"collection":[{"href":"https:\/\/amazingmarket.ee\/et\/wp-json\/wp\/v2\/product"}],"about":[{"href":"https:\/\/amazingmarket.ee\/et\/wp-json\/wp\/v2\/types\/product"}],"replies":[{"embeddable":true,"href":"https:\/\/amazingmarket.ee\/et\/wp-json\/wp\/v2\/comments?post=10762"}],"wp:featuredmedia":[{"embeddable":true,"href":"https:\/\/amazingmarket.ee\/et\/wp-json\/wp\/v2\/media\/10763"}],"wp:attachment":[{"href":"https:\/\/amazingmarket.ee\/et\/wp-json\/wp\/v2\/media?parent=10762"}],"wp:term":[{"taxonomy":"product_brand","embeddable":true,"href":"https:\/\/amazingmarket.ee\/et\/wp-json\/wp\/v2\/product_brand?post=10762"},{"taxonomy":"product_cat","embeddable":true,"href":"https:\/\/amazingmarket.ee\/et\/wp-json\/wp\/v2\/product_cat?post=10762"},{"taxonomy":"product_tag","embeddable":true,"href":"https:\/\/amazingmarket.ee\/et\/wp-json\/wp\/v2\/product_tag?post=10762"}],"curies":[{"name":"wp","href":"https:\/\/api.w.org\/{rel}","templated":true}]}}