{"id":10737,"date":"2025-03-17T14:48:50","date_gmt":"2025-03-17T12:48:50","guid":{"rendered":"https:\/\/amazingmarket.ee\/?post_type=product&#038;p=10737"},"modified":"2026-03-14T11:15:21","modified_gmt":"2026-03-14T09:15:21","slug":"gtv-decor-os-abra-2-05-dec","status":"publish","type":"product","link":"https:\/\/amazingmarket.ee\/et\/toode\/gtv-decor-os-abra-2-05-dec\/","title":{"rendered":"gtv decor os abra 2 05 dets"},"content":{"rendered":"<h2 class=\"text-heading-3 mb-36 font-serif\">Toote kirjeldus<\/h2>\n<div class=\"grid grid-cols-1 gap-x-20 gap-y-40 lg:grid-cols-10\">\n<div class=\"lg:col-span-4 lg:col-start-1\">\n<div class=\"p-product__about-desc mce-content-body links-primary links-underline-hover text-body-large\">\n<p>ABRA lampide seeria \u2013 BOHO stiil oma puhtaimal kujul.<\/p>\n<p>ABRA lampide kollektsioon on ainulaadne valgustite seeria, mis sobib praeguste sisekujundustrendidega, mis \u00fchendavad boheemlasliku stiili loomulikkuse ja kerguse keeruka disainiga.<\/p>\n<p>ABRA kolmekordne ripplamp on ettepanek inimestele, kes soovivad oma interj\u00f6\u00f6ri rohkem valgust tuua. Selline mudel sobib ideaalselt s\u00f6\u00f6gitoa laua kohale v\u00f5i elutoa keskpunkti. Lambivarjud on valmistatud kangast ja rotangist, t\u00e4nu millele jaotub valgus \u00f5rnalt ja \u00fchtlaselt \u00fcle ruumi.<\/p>\n<p>ABRA kollektsiooni inspiratsiooniks oli boheemlaslik stiil, mida iseloomustavad looduslikud materjalid ja peened vormid. Kangast lambivarju ja rotangi kombinatsioon loob \u00fchtse ja sidusa terviku, mis lisab interj\u00f6\u00f6rile soojust ja loomulikku elegantsi. ABRA lampidega stiliseerimine on ainulaadse ja moodsa interj\u00f6\u00f6ri garantii.<\/p>\n<\/div>\n<\/div>\n<\/div>","protected":false},"excerpt":{"rendered":"<p>Product specifications<\/p>\n<table class=\"p-product__attributes-table\">\n<tbody>\n<tr class=\"p-product__attributes-row\">\n<th class=\"p-product__attributes-label\">Power supply [V, Hz]<\/th>\n<td class=\"p-product__attributes-values\">5, DC<\/td>\n<\/tr>\n<tr class=\"p-product__attributes-row\">\n<th class=\"p-product__attributes-label\">Colour<\/th>\n<td class=\"p-product__attributes-values\">Creamy<\/td>\n<\/tr>\n<tr class=\"p-product__attributes-row\">\n<th class=\"p-product__attributes-label\">Power of light source or device [W]<\/th>\n<td class=\"p-product__attributes-values\">max.40 W<\/td>\n<\/tr>\n<tr class=\"p-product__attributes-row\">\n<th class=\"p-product__attributes-label\">Protection class IP<\/th>\n<td class=\"p-product__attributes-values\">20<\/td>\n<\/tr>\n<tr class=\"p-product__attributes-row\">\n<th class=\"p-product__attributes-label\">Place of installation<\/th>\n<td class=\"p-product__attributes-values\">ceiling<\/td>\n<\/tr>\n<tr class=\"p-product__attributes-row\">\n<th class=\"p-product__attributes-label\">Producer<\/th>\n<td class=\"p-product__attributes-values\">GTV Poland S.A., ul. Przejazdowa 21, 05-800 Pruszk\u00f3w, Poland, info@gtv.com.pl +48 22 444 75 00<\/td>\n<\/tr>\n<\/tbody>\n<\/table>\n","protected":false},"featured_media":10738,"comment_status":"open","ping_status":"closed","template":"","meta":{"_monsterinsights_skip_tracking":false,"_monsterinsights_sitenote_active":false,"_monsterinsights_sitenote_note":"","_monsterinsights_sitenote_category":0,"jetpack_publicize_message":"","jetpack_publicize_feature_enabled":true,"jetpack_social_post_already_shared":true,"jetpack_social_options":{"image_generator_settings":{"template":"highway","default_image_id":0,"font":"","enabled":false},"version":2}},"product_brand":[],"product_cat":[206],"product_tag":[],"class_list":{"0":"post-10737","1":"product","2":"type-product","3":"status-publish","4":"has-post-thumbnail","6":"product_cat-lamps","8":"first","9":"instock","10":"sale","11":"shipping-taxable","12":"purchasable","13":"product-type-simple"},"aioseo_notices":[],"jetpack_publicize_connections":[],"jetpack_sharing_enabled":true,"_links":{"self":[{"href":"https:\/\/amazingmarket.ee\/et\/wp-json\/wp\/v2\/product\/10737","targetHints":{"allow":["GET"]}}],"collection":[{"href":"https:\/\/amazingmarket.ee\/et\/wp-json\/wp\/v2\/product"}],"about":[{"href":"https:\/\/amazingmarket.ee\/et\/wp-json\/wp\/v2\/types\/product"}],"replies":[{"embeddable":true,"href":"https:\/\/amazingmarket.ee\/et\/wp-json\/wp\/v2\/comments?post=10737"}],"wp:featuredmedia":[{"embeddable":true,"href":"https:\/\/amazingmarket.ee\/et\/wp-json\/wp\/v2\/media\/10738"}],"wp:attachment":[{"href":"https:\/\/amazingmarket.ee\/et\/wp-json\/wp\/v2\/media?parent=10737"}],"wp:term":[{"taxonomy":"product_brand","embeddable":true,"href":"https:\/\/amazingmarket.ee\/et\/wp-json\/wp\/v2\/product_brand?post=10737"},{"taxonomy":"product_cat","embeddable":true,"href":"https:\/\/amazingmarket.ee\/et\/wp-json\/wp\/v2\/product_cat?post=10737"},{"taxonomy":"product_tag","embeddable":true,"href":"https:\/\/amazingmarket.ee\/et\/wp-json\/wp\/v2\/product_tag?post=10737"}],"curies":[{"name":"wp","href":"https:\/\/api.w.org\/{rel}","templated":true}]}}