{"id":10726,"date":"2025-03-17T12:24:34","date_gmt":"2025-03-17T10:24:34","guid":{"rendered":"https:\/\/amazingmarket.ee\/?post_type=product&#038;p=10726"},"modified":"2026-03-14T11:15:21","modified_gmt":"2026-03-14T09:15:21","slug":"gtv-decor-os-noor-00-dec","status":"publish","type":"product","link":"https:\/\/amazingmarket.ee\/et\/toode\/gtv-decor-os-noor-00-dec\/","title":{"rendered":"gtv decor os noor 00 dets"},"content":{"rendered":"<h2 class=\"text-heading-3 mb-36 font-serif\">Toote kirjeldus<\/h2>\n<div class=\"grid grid-cols-1 gap-x-20 gap-y-40 lg:grid-cols-10\">\n<div class=\"lg:col-span-4 lg:col-start-1\">\n<div class=\"p-product__about-desc mce-content-body links-primary links-underline-hover text-body-large\">\n<p>NOOR lamp on ideaalne laevalgusti loft-stiilis inimestele. Sellises interj\u00f6\u00f6ris m\u00e4ngivad otsustavat rolli lihtsus ja rangus. Samas ei puudu ka moodsatest loft-stiilis ruumidest eredad elemendid, mis interj\u00f6\u00f6ri soojendavad. Seega on NOOR suurep\u00e4rane valik industriaalses stiilis korterisse v\u00f5i kontorisse \u2013 see \u00fchendab stiilse loft-stiili valge viimistlusega, mis muudab ruumi heledamaks ja annab sellele v\u00e4hem range ilme.<\/p>\n<p>NOOR lamp sobib h\u00e4sti k\u00f6\u00f6giruumi ja on originaalseks kaunistuseks laua kohal k\u00f6\u00f6gis v\u00f5i s\u00f6\u00f6gitoas. V\u00e4ga huvitav lahendus on seda kasutada loft- v\u00f5i vintage-stiilis kohvikutes v\u00f5i restoranides.<\/p>\n<p>NOOR valgusti iseloomulikuks tunnuseks on selle moodne v\u00e4limus. Selle vorm viitab postindustriaalsele valgustusele, kuid uues, ajakohastatud vormis. Industriaalse ranguse ja Skandinaavia lihtsuse kombinatsioon loob v\u00e4ga esteetilise laelambi, mis sobib ideaalselt meie korterisse. Tasub m\u00e4rkida, et vaskne element koos klassikalise ja elegantse valge varjuga on selle hooaja \u00fcks trendikamaid v\u00e4rvikombinatsioone interj\u00f6\u00f6ris.<\/p>\n<\/div>\n<\/div>\n<\/div>","protected":false},"excerpt":{"rendered":"<h1 class=\"p-product__header-title text-heading-3 font-serif\">Laevalgusti NOOR, 6934, AC220-240V, 50\/60Hz, 1*E27, IP20, l\u00e4bim\u00f5\u00f5t 22 CM, \u00fchekordne, valge<\/h1>","protected":false},"featured_media":10727,"comment_status":"open","ping_status":"closed","template":"","meta":{"_monsterinsights_skip_tracking":false,"_monsterinsights_sitenote_active":false,"_monsterinsights_sitenote_note":"","_monsterinsights_sitenote_category":0,"jetpack_publicize_message":"","jetpack_publicize_feature_enabled":true,"jetpack_social_post_already_shared":true,"jetpack_social_options":{"image_generator_settings":{"template":"highway","default_image_id":0,"font":"","enabled":false},"version":2}},"product_brand":[],"product_cat":[206],"product_tag":[],"class_list":{"0":"post-10726","1":"product","2":"type-product","3":"status-publish","4":"has-post-thumbnail","6":"product_cat-lamps","8":"first","9":"instock","10":"sale","11":"shipping-taxable","12":"purchasable","13":"product-type-simple"},"aioseo_notices":[],"jetpack_publicize_connections":[],"jetpack_sharing_enabled":true,"_links":{"self":[{"href":"https:\/\/amazingmarket.ee\/et\/wp-json\/wp\/v2\/product\/10726","targetHints":{"allow":["GET"]}}],"collection":[{"href":"https:\/\/amazingmarket.ee\/et\/wp-json\/wp\/v2\/product"}],"about":[{"href":"https:\/\/amazingmarket.ee\/et\/wp-json\/wp\/v2\/types\/product"}],"replies":[{"embeddable":true,"href":"https:\/\/amazingmarket.ee\/et\/wp-json\/wp\/v2\/comments?post=10726"}],"wp:featuredmedia":[{"embeddable":true,"href":"https:\/\/amazingmarket.ee\/et\/wp-json\/wp\/v2\/media\/10727"}],"wp:attachment":[{"href":"https:\/\/amazingmarket.ee\/et\/wp-json\/wp\/v2\/media?parent=10726"}],"wp:term":[{"taxonomy":"product_brand","embeddable":true,"href":"https:\/\/amazingmarket.ee\/et\/wp-json\/wp\/v2\/product_brand?post=10726"},{"taxonomy":"product_cat","embeddable":true,"href":"https:\/\/amazingmarket.ee\/et\/wp-json\/wp\/v2\/product_cat?post=10726"},{"taxonomy":"product_tag","embeddable":true,"href":"https:\/\/amazingmarket.ee\/et\/wp-json\/wp\/v2\/product_tag?post=10726"}],"curies":[{"name":"wp","href":"https:\/\/api.w.org\/{rel}","templated":true}]}}