{"id":10722,"date":"2025-03-17T12:20:47","date_gmt":"2025-03-17T10:20:47","guid":{"rendered":"https:\/\/amazingmarket.ee\/?post_type=product&#038;p=10722"},"modified":"2026-03-14T11:15:21","modified_gmt":"2026-03-14T09:15:21","slug":"gtv-decor-os-nes-05-dec","status":"publish","type":"product","link":"https:\/\/amazingmarket.ee\/et\/toode\/gtv-decor-os-nes-05-dec\/","title":{"rendered":"gtv decor os nes 05. dets"},"content":{"rendered":"<h2 class=\"text-heading-3 mb-36 font-serif\">Toote kirjeldus<\/h2>\n<div class=\"grid grid-cols-1 gap-x-20 gap-y-40 lg:grid-cols-10\">\n<div class=\"lg:col-span-4 lg:col-start-1\">\n<div class=\"p-product__about-desc mce-content-body links-primary links-underline-hover text-body-large\">\n<p>NESTO lampide seeria \u2013 elegants igas tollis.<\/p>\n<p>NESTO lambiseeria on ainulaadne valgustikomplekt, mis toob interj\u00f6\u00f6ri elegantsi ja luksuse noodi. NESTO kollektsioon on inspireeritud glamuuri stiili keerukast esteetikast, mis on kaasaegse disaini p\u00f5hiolemus.<\/p>\n<p>NESTO rippvalgusti on glamuuri stiili t\u00f5eline kvintessents. Saadaval kolmes v\u00e4rvivariandis: must\/kuldne, kreemjas ja pruun, v\u00f5imaldab kohandada erinevate interj\u00f6\u00f6ridega. Selle peen kuju sobib ideaalselt igasse ruumi, NESTO lamp lisab ruumile rafineeritust ja prestii\u017ei. Kristallide kasutamine annab kauni peegelduse, mis lisab lambile ainulaadset s\u00e4ra. NESTO rippvalgusti sobib ideaalselt kasutamiseks elu- v\u00f5i magamistoas, pakkudes \u00fchtlast ja elegantset valgustust.<\/p>\n<p>Iga NESTO seeria element on loodud \u00fchtse ja harmoonilise terviku loomiseks. T\u00e4nu oma mitmek\u00fclgsusele v\u00f5ib NESTO saada iga ruumi keskpunktiks, lisades elegantsi ja luksust.<\/p>\n<\/div>\n<\/div>\n<\/div>","protected":false},"excerpt":{"rendered":"<p>Product specifications<\/p>\n<table class=\"p-product__attributes-table\">\n<tbody>\n<tr class=\"p-product__attributes-row\">\n<th class=\"p-product__attributes-label\">Place of installation<\/th>\n<td class=\"p-product__attributes-values\">ceiling<\/td>\n<\/tr>\n<tr class=\"p-product__attributes-row\">\n<th class=\"p-product__attributes-label\">Base type<\/th>\n<td class=\"p-product__attributes-values\">E27<\/td>\n<\/tr>\n<tr class=\"p-product__attributes-row\">\n<th class=\"p-product__attributes-label\">Power of light source or device [W]<\/th>\n<td class=\"p-product__attributes-values\">max.40 W<\/td>\n<\/tr>\n<tr class=\"p-product__attributes-row\">\n<th class=\"p-product__attributes-label\">Voltage [V]<\/th>\n<td class=\"p-product__attributes-values\">220-240<\/td>\n<\/tr>\n<tr class=\"p-product__attributes-row\">\n<th class=\"p-product__attributes-label\">Hertz [Hz]<\/th>\n<td class=\"p-product__attributes-values\">50-60<\/td>\n<\/tr>\n<tr class=\"p-product__attributes-row\">\n<th class=\"p-product__attributes-label\">Protection class IP<\/th>\n<td class=\"p-product__attributes-values\">20<\/td>\n<\/tr>\n<tr class=\"p-product__attributes-row\">\n<th class=\"p-product__attributes-label\">Protection class against electric shock<\/th>\n<td class=\"p-product__attributes-values\">I<\/td>\n<\/tr>\n<tr class=\"p-product__attributes-row\">\n<th class=\"p-product__attributes-label\">CE certificate<\/th>\n<td class=\"p-product__attributes-values\">yes<\/td>\n<\/tr>\n<tr class=\"p-product__attributes-row\">\n<th class=\"p-product__attributes-label\">EAC certificate<\/th>\n<td class=\"p-product__attributes-values\">yes<\/td>\n<\/tr>\n<\/tbody>\n<\/table>\n","protected":false},"featured_media":10723,"comment_status":"open","ping_status":"closed","template":"","meta":{"_monsterinsights_skip_tracking":false,"_monsterinsights_sitenote_active":false,"_monsterinsights_sitenote_note":"","_monsterinsights_sitenote_category":0,"jetpack_publicize_message":"","jetpack_publicize_feature_enabled":true,"jetpack_social_post_already_shared":true,"jetpack_social_options":{"image_generator_settings":{"template":"highway","default_image_id":0,"font":"","enabled":false},"version":2}},"product_brand":[],"product_cat":[206],"product_tag":[],"class_list":{"0":"post-10722","1":"product","2":"type-product","3":"status-publish","4":"has-post-thumbnail","6":"product_cat-lamps","8":"first","9":"instock","10":"sale","11":"shipping-taxable","12":"purchasable","13":"product-type-simple"},"aioseo_notices":[],"jetpack_publicize_connections":[],"jetpack_sharing_enabled":true,"_links":{"self":[{"href":"https:\/\/amazingmarket.ee\/et\/wp-json\/wp\/v2\/product\/10722","targetHints":{"allow":["GET"]}}],"collection":[{"href":"https:\/\/amazingmarket.ee\/et\/wp-json\/wp\/v2\/product"}],"about":[{"href":"https:\/\/amazingmarket.ee\/et\/wp-json\/wp\/v2\/types\/product"}],"replies":[{"embeddable":true,"href":"https:\/\/amazingmarket.ee\/et\/wp-json\/wp\/v2\/comments?post=10722"}],"wp:featuredmedia":[{"embeddable":true,"href":"https:\/\/amazingmarket.ee\/et\/wp-json\/wp\/v2\/media\/10723"}],"wp:attachment":[{"href":"https:\/\/amazingmarket.ee\/et\/wp-json\/wp\/v2\/media?parent=10722"}],"wp:term":[{"taxonomy":"product_brand","embeddable":true,"href":"https:\/\/amazingmarket.ee\/et\/wp-json\/wp\/v2\/product_brand?post=10722"},{"taxonomy":"product_cat","embeddable":true,"href":"https:\/\/amazingmarket.ee\/et\/wp-json\/wp\/v2\/product_cat?post=10722"},{"taxonomy":"product_tag","embeddable":true,"href":"https:\/\/amazingmarket.ee\/et\/wp-json\/wp\/v2\/product_tag?post=10722"}],"curies":[{"name":"wp","href":"https:\/\/api.w.org\/{rel}","templated":true}]}}