{"id":10706,"date":"2025-03-17T11:55:37","date_gmt":"2025-03-17T09:55:37","guid":{"rendered":"https:\/\/amazingmarket.ee\/?post_type=product&#038;p=10706"},"modified":"2026-03-14T11:15:22","modified_gmt":"2026-03-14T09:15:22","slug":"pro-ject-automat-a1-record-player-fully-automatic-turntable-system","status":"publish","type":"product","link":"https:\/\/amazingmarket.ee\/et\/toode\/pro-ject-automat-a1-record-player-fully-automatic-turntable-system\/","title":{"rendered":"Pro-Ject Automat A1 plaadim\u00e4ngija, t\u00e4isautomaatne plaadim\u00e4ngija"},"content":{"rendered":"<h1 class=\"a-size-base-plus a-text-bold\">Selle \u00fcksuse kohta<\/h1>\n<ul class=\"a-unordered-list a-vertical a-spacing-mini\">\n<li class=\"a-spacing-mini\"><span class=\"a-list-item\">Tipptasemel Pro-Ject plaadim\u00e4ngija: rihm\u00fclekandega A1 plaadim\u00e4ngija tutvustab meie Automat Line&#039;i \u2013 toob teie koju automaatse HiFi stereomuusika erakordse selgusega, OM10 helipeaga ja 33\/45 p\/min.<\/span><\/li>\n<li class=\"a-spacing-mini\"><span class=\"a-list-item\">Retrost inspireeritud plaadim\u00e4ngija: 8,3-tolline \u00fclikerge alumiiniumist helihoov s\u00fcsinikkiust peakorgiga, sisseehitatud l\u00fclitatav Moving Magnet (MM) fonolava koos kullatud RCA-v\u00e4ljundi pistikutega, mis tagavad konkurentsitu heli<\/span><\/li>\n<li class=\"a-spacing-mini\"><span class=\"a-list-item\">Stiilsed vin\u00fc\u00fclplaadim\u00e4ngijad: see ainulaadne Pro-Jecti plaadim\u00e4ngija on audiofiilide unistus, summutatud metallvaagnaga, mis v\u00e4hendab vau ja laperdamist; resonantssummutatud puidust \u0161assii klassikalise v\u00e4limuse jaoks<\/span><\/li>\n<li class=\"a-spacing-mini\"><span class=\"a-list-item\">K\u00e4sitsi valmistatud helipleier: kvaliteetsete komponentidega; fonoeelv\u00f5imendi, 7-tolline \u00fcksikadapter, Connect-IT E fonokaabel (eelfikseeritud), viltmatt ja eelreguleeritud OM10 kassett elliptilise pliiatsiprofiiliga<\/span><\/li>\n<li class=\"a-spacing-mini\"><span class=\"a-list-item\">Kingitused muusikutele ja muusikas\u00f5pradele: see tipptasemel plaadim\u00e4ngija on ideaalne kingitus muusikaf\u00e4nnidele \u2013 \u00e4rge enam otsige originaalseid kingitusi meestele v\u00f5i naistele. Komplektis tolmukate ja helikaabel<\/span><\/li>\n<\/ul>","protected":false},"excerpt":{"rendered":"<h2>Tooteteave<\/h2>\n<div class=\"a-row\">\n<div class=\"a-column a-span12 a-span-last\">\n<div class=\"a-row a-spacing-top-base\">\n<div class=\"a-column a-span6\">\n<div class=\"a-row a-spacing-base\">\n<div class=\"a-section table-padding\">\n<table id=\"productDetails_detailBullets_sections1\" class=\"a-keyvalue prodDetTable\" role=\"presentation\">\n<tbody>\n<tr>\n<th class=\"a-color-secondary a-size-base prodDetSectionEntry\">Toote m\u00f5\u00f5tmed<\/th>\n<td class=\"a-size-base prodDetAttrValue\">14,37 x 16,93 x 5,12 tolli<\/td>\n<\/tr>\n<tr>\n<th class=\"a-color-secondary a-size-base prodDetSectionEntry\">Kauba kaal<\/th>\n<td class=\"a-size-base prodDetAttrValue\">12,32 naela<\/td>\n<\/tr>\n<tr>\n<th class=\"a-color-secondary a-size-base prodDetSectionEntry\">ASIN<\/th>\n<td class=\"a-size-base prodDetAttrValue\">B09RKQGGWL<\/td>\n<\/tr>\n<tr>\n<th class=\"a-color-secondary a-size-base prodDetSectionEntry\">Kauba mudeli number<\/th>\n<td class=\"a-size-base prodDetAttrValue\">A1 (OM10) \u2013 MUST UNI<\/td>\n<\/tr>\n<\/tbody>\n<\/table>\n<\/div>\n<\/div>\n<\/div>\n<\/div>\n<\/div>\n<\/div>","protected":false},"featured_media":10709,"comment_status":"open","ping_status":"closed","template":"","meta":{"_monsterinsights_skip_tracking":false,"_monsterinsights_sitenote_active":false,"_monsterinsights_sitenote_note":"","_monsterinsights_sitenote_category":0,"jetpack_publicize_message":"","jetpack_publicize_feature_enabled":true,"jetpack_social_post_already_shared":true,"jetpack_social_options":{"image_generator_settings":{"template":"highway","default_image_id":0,"font":"","enabled":false},"version":2}},"product_brand":[],"product_cat":[198,197],"product_tag":[],"class_list":{"0":"post-10706","1":"product","2":"type-product","3":"status-publish","4":"has-post-thumbnail","6":"product_cat-it","7":"product_cat-vinyl-record-player","9":"first","10":"instock","11":"sale","12":"shipping-taxable","13":"purchasable","14":"product-type-simple"},"aioseo_notices":[],"jetpack_publicize_connections":[],"jetpack_sharing_enabled":true,"_links":{"self":[{"href":"https:\/\/amazingmarket.ee\/et\/wp-json\/wp\/v2\/product\/10706","targetHints":{"allow":["GET"]}}],"collection":[{"href":"https:\/\/amazingmarket.ee\/et\/wp-json\/wp\/v2\/product"}],"about":[{"href":"https:\/\/amazingmarket.ee\/et\/wp-json\/wp\/v2\/types\/product"}],"replies":[{"embeddable":true,"href":"https:\/\/amazingmarket.ee\/et\/wp-json\/wp\/v2\/comments?post=10706"}],"wp:featuredmedia":[{"embeddable":true,"href":"https:\/\/amazingmarket.ee\/et\/wp-json\/wp\/v2\/media\/10709"}],"wp:attachment":[{"href":"https:\/\/amazingmarket.ee\/et\/wp-json\/wp\/v2\/media?parent=10706"}],"wp:term":[{"taxonomy":"product_brand","embeddable":true,"href":"https:\/\/amazingmarket.ee\/et\/wp-json\/wp\/v2\/product_brand?post=10706"},{"taxonomy":"product_cat","embeddable":true,"href":"https:\/\/amazingmarket.ee\/et\/wp-json\/wp\/v2\/product_cat?post=10706"},{"taxonomy":"product_tag","embeddable":true,"href":"https:\/\/amazingmarket.ee\/et\/wp-json\/wp\/v2\/product_tag?post=10706"}],"curies":[{"name":"wp","href":"https:\/\/api.w.org\/{rel}","templated":true}]}}