{"id":10700,"date":"2025-03-17T11:51:38","date_gmt":"2025-03-17T09:51:38","guid":{"rendered":"https:\/\/amazingmarket.ee\/?post_type=product&#038;p=10700"},"modified":"2026-03-14T11:15:22","modified_gmt":"2026-03-14T09:15:22","slug":"epson-ecotank-et-1810-a4-single-function-wi-fi-ink-tank-printer","status":"publish","type":"product","link":"https:\/\/amazingmarket.ee\/et\/toode\/epson-ecotank-et-1810-a4-single-function-wi-fi-ink-tank-printer\/","title":{"rendered":"Epson EcoTank ET-1810 A4 \u00fche funktsiooniga Wi-Fi tindimahutiprinter"},"content":{"rendered":"<h1 class=\"a-size-base-plus a-text-bold\">Selle \u00fcksuse kohta<\/h1>\n<ul class=\"a-unordered-list a-vertical a-spacing-mini\">\n<li class=\"a-spacing-mini\"><span class=\"a-list-item\">\u00dclimalt soodne printimine S\u00e4\u00e4sta kuni 90% printimiskuludelt<\/span><\/li>\n<li class=\"a-spacing-mini\"><span class=\"a-list-item\">Kuni 72 tindikassetti \u00fches tindikomplektis. Printige kuni 4500 lehek\u00fclge mustvalgelt ja 7500 lehek\u00fclge v\u00e4rviliselt.<\/span><\/li>\n<li class=\"a-spacing-mini\"><span class=\"a-list-item\">Murevaba tindimahutite s\u00fcsteem Nautige segaduseta t\u00e4itmist v\u00f5tmega lukustatavate pudelite ja ettepoole suunatud mahutitega<\/span><\/li>\n<li class=\"a-spacing-mini\"><span class=\"a-list-item\">Epsoni Smart Paneli rakendus Seadistage, j\u00e4lgige, printige ja tehke palju muud \u2013 k\u00f5ik teie nutiseadmest<\/span><\/li>\n<li class=\"a-spacing-mini\"><span class=\"a-list-item\">Mobiilne printimine WiFi ja Wi-Fi Directi \u00fchenduvus<\/span><\/li>\n<\/ul>","protected":false},"excerpt":{"rendered":"<div class=\"a-row\">\n<div class=\"a-column a-span6\">\n<h1 class=\"a-size-medium a-spacing-small\">Tehnilised \u00fcksikasjad<\/h1>\n<\/div>\n<\/div>\n<div class=\"a-expander-content a-expander-extend-content\" data-expanded=\"true\">\n<div class=\"a-row a-expander-container a-expander-inline-container\">\n<div class=\"a-expander-content a-expander-section-content a-section-expander-inner\" data-expanded=\"true\">\n<table id=\"productDetails_techSpec_section_1\" class=\"a-keyvalue prodDetTable\" role=\"presentation\">\n<tbody>\n<tr>\n<th class=\"a-color-secondary a-size-base prodDetSectionEntry\">Toote m\u00f5\u00f5dud<\/th>\n<td class=\"a-size-base prodDetAttrValue\">37,5S x 16,9L x 34,7K sentimeetrit<\/td>\n<\/tr>\n<tr>\n<th class=\"a-color-secondary a-size-base prodDetSectionEntry\">Kontrolleri t\u00fc\u00fcp<\/th>\n<td class=\"a-size-base prodDetAttrValue\">Android<\/td>\n<\/tr>\n<tr>\n<th class=\"a-color-secondary a-size-base prodDetSectionEntry\">Maksimaalne printeri kandja suurus<\/th>\n<td class=\"a-size-base prodDetAttrValue\">A4<\/td>\n<\/tr>\n<tr>\n<th class=\"a-color-secondary a-size-base prodDetSectionEntry\">Kaasas olevad komponendid<\/th>\n<td class=\"a-size-base prodDetAttrValue\">Kasutusjuhend<\/td>\n<\/tr>\n<tr>\n<th class=\"a-color-secondary a-size-base prodDetSectionEntry\">Tr\u00fckikandjad<\/th>\n<td class=\"a-size-base prodDetAttrValue\">L\u00e4ikiv fotopaber<\/td>\n<\/tr>\n<tr>\n<th class=\"a-color-secondary a-size-base prodDetSectionEntry\">Sk\u00e4nneri t\u00fc\u00fcp<\/th>\n<td class=\"a-size-base prodDetAttrValue\">Foto<\/td>\n<\/tr>\n<tr>\n<th class=\"a-color-secondary a-size-base prodDetSectionEntry\">Maksimaalne sisendlehe maht<\/th>\n<td class=\"a-size-base prodDetAttrValue\">100<\/td>\n<\/tr>\n<tr>\n<th class=\"a-color-secondary a-size-base prodDetSectionEntry\">Maksimaalne kopeerimiskiirus (must-valge)<\/th>\n<td class=\"a-size-base prodDetAttrValue\">\u200e1E+1 ppm<\/td>\n<\/tr>\n<tr>\n<th class=\"a-color-secondary a-size-base prodDetSectionEntry\">Ekraani t\u00fc\u00fcp<\/th>\n<td class=\"a-size-base prodDetAttrValue\">LCD<\/td>\n<\/tr>\n<tr>\n<th class=\"a-color-secondary a-size-base prodDetSectionEntry\">\u00dchilduvad seadmed<\/th>\n<td class=\"a-size-base prodDetAttrValue\">Nutitelefonid<\/td>\n<\/tr>\n<tr>\n<th class=\"a-color-secondary a-size-base prodDetSectionEntry\">Maksimaalne v\u00e4rviprintimise eraldusv\u00f5ime<\/th>\n<td class=\"a-size-base prodDetAttrValue\">5760 x 1440 dpi<\/td>\n<\/tr>\n<tr>\n<th class=\"a-color-secondary a-size-base prodDetSectionEntry\">Lehe suurus<\/th>\n<td class=\"a-size-base prodDetAttrValue\">A4<\/td>\n<\/tr>\n<tr>\n<th class=\"a-color-secondary a-size-base prodDetSectionEntry\">Maksimaalne mustvalge prindi eraldusv\u00f5ime<\/th>\n<td class=\"a-size-base prodDetAttrValue\">1200 dpi v\u00f5i k\u00f5rgem<\/td>\n<\/tr>\n<tr>\n<th class=\"a-color-secondary a-size-base prodDetSectionEntry\">Garantii t\u00fc\u00fcp<\/th>\n<td class=\"a-size-base prodDetAttrValue\">pikendatud garantii<\/td>\n<\/tr>\n<tr>\n<th class=\"a-color-secondary a-size-base prodDetSectionEntry\">V\u00e4rvi s\u00fcgavus<\/th>\n<td class=\"a-size-base prodDetAttrValue\">24 bpp<\/td>\n<\/tr>\n<tr>\n<th class=\"a-color-secondary a-size-base prodDetSectionEntry\">Kahepoolne printimine<\/th>\n<td class=\"a-size-base prodDetAttrValue\">jah<\/td>\n<\/tr>\n<tr>\n<th class=\"a-color-secondary a-size-base prodDetSectionEntry\">Maksimaalne koopiate arv \u00fche ts\u00fckli kohta<\/th>\n<td class=\"a-size-base prodDetAttrValue\">100<\/td>\n<\/tr>\n<tr>\n<th class=\"a-color-secondary a-size-base prodDetSectionEntry\">Tootja<\/th>\n<td class=\"a-size-base prodDetAttrValue\">Epson<\/td>\n<\/tr>\n<tr>\n<th class=\"a-color-secondary a-size-base prodDetSectionEntry\">Mudeli number<\/th>\n<td class=\"a-size-base prodDetAttrValue\">C11CJ71401CA<\/td>\n<\/tr>\n<tr>\n<th class=\"a-color-secondary a-size-base prodDetSectionEntry\">Artiklite arv<\/th>\n<td class=\"a-size-base prodDetAttrValue\">1<\/td>\n<\/tr>\n<tr>\n<th class=\"a-color-secondary a-size-base prodDetSectionEntry\">Suurus<\/th>\n<td class=\"a-size-base prodDetAttrValue\">375 x 347 x 169 mm<\/td>\n<\/tr>\n<tr>\n<th class=\"a-color-secondary a-size-base prodDetSectionEntry\">Tindi v\u00e4rv<\/th>\n<td class=\"a-size-base prodDetAttrValue\">Must<\/td>\n<\/tr>\n<tr>\n<th class=\"a-color-secondary a-size-base prodDetSectionEntry\">Tootja osanumber<\/th>\n<td class=\"a-size-base prodDetAttrValue\">\u200e3915020001<\/td>\n<\/tr>\n<tr>\n<th class=\"a-color-secondary a-size-base prodDetSectionEntry\">Kauba kaal<\/th>\n<td class=\"a-size-base prodDetAttrValue\">907 g<\/td>\n<\/tr>\n<\/tbody>\n<\/table>\n<\/div>\n<\/div>\n<\/div>","protected":false},"featured_media":10705,"comment_status":"open","ping_status":"closed","template":"","meta":{"_monsterinsights_skip_tracking":false,"_monsterinsights_sitenote_active":false,"_monsterinsights_sitenote_note":"","_monsterinsights_sitenote_category":0,"jetpack_publicize_message":"","jetpack_publicize_feature_enabled":true,"jetpack_social_post_already_shared":true,"jetpack_social_options":{"image_generator_settings":{"template":"highway","default_image_id":0,"font":"","enabled":false},"version":2}},"product_brand":[],"product_cat":[198,200],"product_tag":[],"class_list":{"0":"post-10700","1":"product","2":"type-product","3":"status-publish","4":"has-post-thumbnail","6":"product_cat-it","7":"product_cat-printer","9":"first","10":"instock","11":"sale","12":"shipping-taxable","13":"purchasable","14":"product-type-simple"},"aioseo_notices":[],"jetpack_publicize_connections":[],"jetpack_sharing_enabled":true,"_links":{"self":[{"href":"https:\/\/amazingmarket.ee\/et\/wp-json\/wp\/v2\/product\/10700","targetHints":{"allow":["GET"]}}],"collection":[{"href":"https:\/\/amazingmarket.ee\/et\/wp-json\/wp\/v2\/product"}],"about":[{"href":"https:\/\/amazingmarket.ee\/et\/wp-json\/wp\/v2\/types\/product"}],"replies":[{"embeddable":true,"href":"https:\/\/amazingmarket.ee\/et\/wp-json\/wp\/v2\/comments?post=10700"}],"wp:featuredmedia":[{"embeddable":true,"href":"https:\/\/amazingmarket.ee\/et\/wp-json\/wp\/v2\/media\/10705"}],"wp:attachment":[{"href":"https:\/\/amazingmarket.ee\/et\/wp-json\/wp\/v2\/media?parent=10700"}],"wp:term":[{"taxonomy":"product_brand","embeddable":true,"href":"https:\/\/amazingmarket.ee\/et\/wp-json\/wp\/v2\/product_brand?post=10700"},{"taxonomy":"product_cat","embeddable":true,"href":"https:\/\/amazingmarket.ee\/et\/wp-json\/wp\/v2\/product_cat?post=10700"},{"taxonomy":"product_tag","embeddable":true,"href":"https:\/\/amazingmarket.ee\/et\/wp-json\/wp\/v2\/product_tag?post=10700"}],"curies":[{"name":"wp","href":"https:\/\/api.w.org\/{rel}","templated":true}]}}