{"id":10693,"date":"2025-03-17T11:48:13","date_gmt":"2025-03-17T09:48:13","guid":{"rendered":"https:\/\/amazingmarket.ee\/?post_type=product&#038;p=10693"},"modified":"2026-03-14T11:15:22","modified_gmt":"2026-03-14T09:15:22","slug":"turtle-beach-velocityone-flight-universal-control-system","status":"publish","type":"product","link":"https:\/\/amazingmarket.ee\/et\/toode\/turtle-beach-velocityone-flight-universal-control-system\/","title":{"rendered":"Turtle Beach VelocityOne Flight universaalne juhtimiss\u00fcsteem"},"content":{"rendered":"<h1 class=\"a-size-base-plus a-text-bold\">Selle \u00fcksuse kohta<\/h1>\n<ul class=\"a-unordered-list a-vertical a-spacing-mini\">\n<li class=\"a-spacing-mini\"><span class=\"a-list-item\">Universaalne, k\u00f5ik-\u00fches disain, mis sisaldab gaasihoovastiku kvadranti, trimmiratast ja harki<\/span><\/li>\n<li class=\"a-spacing-mini\"><span class=\"a-list-item\">Elutruu 180\u00b0 p\u00f6\u00f6rlev k\u00e4epide kontaktivaba Halli efekti anduriga<\/span><\/li>\n<li class=\"a-spacing-mini\"><span class=\"a-list-item\">Modulaarne gaasipedaali kvadrant kohandatavate kangide ja nuppudega<\/span><\/li>\n<li class=\"a-spacing-mini\"><span class=\"a-list-item\">Integreeritud rooli- ja pidurikontroll teie k\u00e4eulatuses<\/span><\/li>\n<li class=\"a-spacing-mini\"><span class=\"a-list-item\">T\u00e4isv\u00e4rviline lennuhalduse ekraan s\u00fcsteemi \u00f5ppimiseks ja seadistamiseks<\/span><\/li>\n<li class=\"a-spacing-mini\"><span class=\"a-list-item\">Autentsuse oleku indikaatorpaneel arvutile<\/span><\/li>\n<li class=\"a-spacing-mini\"><span class=\"a-list-item\">Varustatud 12 analoogtelje, kahe vaatenurga l\u00fcliti ja kahe neljasuunalise HAT-l\u00fclitiga<\/span><\/li>\n<\/ul>","protected":false},"excerpt":{"rendered":"<h2>Tooteteave<\/h2>\n<div class=\"a-row\">\n<div class=\"a-column a-span12 a-span-last\">\n<div class=\"a-row a-spacing-top-base\">\n<div class=\"a-column a-span6\">\n<div class=\"a-row a-spacing-base\">\n<div class=\"a-section table-padding\">\n<table id=\"productDetails_detailBullets_sections1\" class=\"a-keyvalue prodDetTable\" style=\"height: 312px;\" role=\"presentation\" width=\"391\">\n<tbody>\n<tr>\n<th class=\"a-color-secondary a-size-base prodDetSectionEntry\">ASIN<\/th>\n<td class=\"a-size-base prodDetAttrValue\">B09JM8SX8G<\/td>\n<\/tr>\n<tr>\n<th class=\"a-color-secondary a-size-base prodDetSectionEntry\">V\u00e4ljalaskekuup\u00e4ev<\/th>\n<td class=\"a-size-base prodDetAttrValue\">15. november 2021<\/td>\n<\/tr>\n<tr>\n<th class=\"a-color-secondary a-size-base prodDetSectionEntry\"><\/th>\n<td class=\"a-size-base\"><\/td>\n<\/tr>\n<tr>\n<th class=\"a-color-secondary a-size-base prodDetSectionEntry\"><\/th>\n<td><\/td>\n<\/tr>\n<tr>\n<th class=\"a-color-secondary a-size-base prodDetSectionEntry\">Toote m\u00f5\u00f5tmed<\/th>\n<td class=\"a-size-base prodDetAttrValue\">19,01 x 7,2 x 19,5 tolli; 10 naela<\/td>\n<\/tr>\n<tr>\n<th class=\"a-color-secondary a-size-base prodDetSectionEntry\">Kauba t\u00fc\u00fcp<\/th>\n<td class=\"a-size-base prodDetAttrValue\">Videom\u00e4ng<\/td>\n<\/tr>\n<tr>\n<th class=\"a-color-secondary a-size-base prodDetSectionEntry\">Keel<\/th>\n<td class=\"a-size-base prodDetAttrValue\">inglise keel<\/td>\n<\/tr>\n<tr>\n<th class=\"a-color-secondary a-size-base prodDetSectionEntry\">Kauba mudeli number<\/th>\n<td class=\"a-size-base prodDetAttrValue\">TBS-0715-02<\/td>\n<\/tr>\n<tr>\n<th class=\"a-color-secondary a-size-base prodDetSectionEntry\">Kauba kaal<\/th>\n<td class=\"a-size-base prodDetAttrValue\">10 naela<\/td>\n<\/tr>\n<tr>\n<th class=\"a-color-secondary a-size-base prodDetSectionEntry\">Tootja<\/th>\n<td class=\"a-size-base prodDetAttrValue\">Kilpkonnarand<\/td>\n<\/tr>\n<tr>\n<th class=\"a-color-secondary a-size-base prodDetSectionEntry\">P\u00e4ritoluriik<\/th>\n<td class=\"a-size-base prodDetAttrValue\">Hiina<\/td>\n<\/tr>\n<tr>\n<th class=\"a-color-secondary a-size-base prodDetSectionEntry\">Esmakordselt saadaval olev kuup\u00e4ev<\/th>\n<td class=\"a-size-base prodDetAttrValue\">3. november 2021<\/td>\n<\/tr>\n<\/tbody>\n<\/table>\n<\/div>\n<\/div>\n<\/div>\n<\/div>\n<\/div>\n<\/div>","protected":false},"featured_media":10699,"comment_status":"open","ping_status":"closed","template":"","meta":{"_monsterinsights_skip_tracking":false,"_monsterinsights_sitenote_active":false,"_monsterinsights_sitenote_note":"","_monsterinsights_sitenote_category":0,"jetpack_publicize_message":"","jetpack_publicize_feature_enabled":true,"jetpack_social_post_already_shared":true,"jetpack_social_options":{"image_generator_settings":{"template":"highway","default_image_id":0,"font":"","enabled":false},"version":2}},"product_brand":[],"product_cat":[199,198],"product_tag":[],"class_list":{"0":"post-10693","1":"product","2":"type-product","3":"status-publish","4":"has-post-thumbnail","6":"product_cat-gaming-steering-wheels-chairs","7":"product_cat-it","9":"first","10":"instock","11":"sale","12":"shipping-taxable","13":"purchasable","14":"product-type-simple"},"aioseo_notices":[],"jetpack_publicize_connections":[],"jetpack_sharing_enabled":true,"_links":{"self":[{"href":"https:\/\/amazingmarket.ee\/et\/wp-json\/wp\/v2\/product\/10693","targetHints":{"allow":["GET"]}}],"collection":[{"href":"https:\/\/amazingmarket.ee\/et\/wp-json\/wp\/v2\/product"}],"about":[{"href":"https:\/\/amazingmarket.ee\/et\/wp-json\/wp\/v2\/types\/product"}],"replies":[{"embeddable":true,"href":"https:\/\/amazingmarket.ee\/et\/wp-json\/wp\/v2\/comments?post=10693"}],"wp:featuredmedia":[{"embeddable":true,"href":"https:\/\/amazingmarket.ee\/et\/wp-json\/wp\/v2\/media\/10699"}],"wp:attachment":[{"href":"https:\/\/amazingmarket.ee\/et\/wp-json\/wp\/v2\/media?parent=10693"}],"wp:term":[{"taxonomy":"product_brand","embeddable":true,"href":"https:\/\/amazingmarket.ee\/et\/wp-json\/wp\/v2\/product_brand?post=10693"},{"taxonomy":"product_cat","embeddable":true,"href":"https:\/\/amazingmarket.ee\/et\/wp-json\/wp\/v2\/product_cat?post=10693"},{"taxonomy":"product_tag","embeddable":true,"href":"https:\/\/amazingmarket.ee\/et\/wp-json\/wp\/v2\/product_tag?post=10693"}],"curies":[{"name":"wp","href":"https:\/\/api.w.org\/{rel}","templated":true}]}}