{"id":10687,"date":"2025-03-17T11:18:43","date_gmt":"2025-03-17T09:18:43","guid":{"rendered":"https:\/\/amazingmarket.ee\/?post_type=product&#038;p=10687"},"modified":"2026-03-14T11:15:22","modified_gmt":"2026-03-14T09:15:22","slug":"brother-dcp-l2665dw-3-in-1-mono-laser-printer","status":"publish","type":"product","link":"https:\/\/amazingmarket.ee\/et\/toode\/brother-dcp-l2665dw-3-in-1-mono-laser-printer\/","title":{"rendered":"Brother DCP-L2665DW kolm-\u00fches monolaserprinter"},"content":{"rendered":"<h1>DEMO, POLE KASSETTE<\/h1>\n<h1 class=\"a-size-base-plus a-text-bold\">Selle \u00fcksuse kohta<\/h1>\n<ul class=\"a-unordered-list a-vertical a-spacing-mini\">\n<li class=\"a-spacing-mini\"><span class=\"a-list-item\">KUNI 34 lk\/min PRINTKIIRUS: kiire printimiskiirusega printige oma professionaalseid dokumente kiiresti, ilma kvaliteedis j\u00e4releandmisi tegemata.<\/span><\/li>\n<li class=\"a-spacing-mini\"><span class=\"a-list-item\">\u00dcHENDUS: muutke oma p\u00e4ev lihtsamaks ja printimine vaevatuks lihtsa seadistamise ja kiire Etherneti, 5 GHz WiFi- v\u00f5i USB-\u00fchendusega<\/span><\/li>\n<li class=\"a-spacing-mini\"><span class=\"a-list-item\">LCD JUHTPANEEL: 6,8 cm v\u00e4rviline puuteekraan, mis tagab kiire ja lihtsa navigeerimise printeri funktsioonides, teie k\u00e4eulatuses.<\/span><\/li>\n<li class=\"a-spacing-mini\"><span class=\"a-list-item\">SUUR PABERI MAHT: standardvarustuses on kuni 250 lehte paberisisestusmaht.<\/span><\/li>\n<li class=\"a-spacing-mini\"><span class=\"a-list-item\">BROTHER GENUINE TARVIKUD: Kaasas 1200 lehek\u00fclje saagisega tooner, saadaval on maksimaalselt 3000 lehek\u00fclge, nii et saate printida kauem, ilma et peaksite toonerit v\u00e4lja vahetama<\/span><\/li>\n<li class=\"a-spacing-mini\"><span class=\"a-list-item\">SISEM\u00c4LU: h\u00f5lpsasti juurdep\u00e4\u00e4setavate dokumentide jaoks salvestage kuni 256 MB otseandmeid seadme kohta.<\/span><\/li>\n<\/ul>","protected":false},"excerpt":{"rendered":"<div class=\"a-row\">\n<div class=\"a-column a-span6\">\n<h1 class=\"a-size-medium a-spacing-small\">Tehnilised \u00fcksikasjad<\/h1>\n<\/div>\n<\/div>\n<div class=\"a-expander-content a-expander-extend-content\" data-expanded=\"true\">\n<div class=\"a-row a-expander-container a-expander-inline-container\">\n<div class=\"a-expander-content a-expander-section-content a-section-expander-inner\" data-expanded=\"true\">\n<table id=\"productDetails_techSpec_section_1\" class=\"a-keyvalue prodDetTable\" role=\"presentation\">\n<tbody>\n<tr>\n<th class=\"a-color-secondary a-size-base prodDetSectionEntry\">Kontrolleri t\u00fc\u00fcp<\/th>\n<td class=\"a-size-base prodDetAttrValue\">Android<\/td>\n<\/tr>\n<tr>\n<th class=\"a-color-secondary a-size-base prodDetSectionEntry\">Maksimaalne printeri kandja suurus<\/th>\n<td class=\"a-size-base prodDetAttrValue\">A4<\/td>\n<\/tr>\n<tr>\n<th class=\"a-color-secondary a-size-base prodDetSectionEntry\">Kaasas olevad komponendid<\/th>\n<td class=\"a-size-base prodDetAttrValue\">Toonerikassetid, toitekaabel, printer, kasutusjuhend<\/td>\n<\/tr>\n<tr>\n<th class=\"a-color-secondary a-size-base prodDetSectionEntry\">Tr\u00fckikandjad<\/th>\n<td class=\"a-size-base prodDetAttrValue\">\u200e\u00dcmbrikud, paber (tavaline), sildid<\/td>\n<\/tr>\n<tr>\n<th class=\"a-color-secondary a-size-base prodDetSectionEntry\">Sk\u00e4nneri t\u00fc\u00fcp<\/th>\n<td class=\"a-size-base prodDetAttrValue\">Tasapinnaline voodi<\/td>\n<\/tr>\n<tr>\n<th class=\"a-color-secondary a-size-base prodDetSectionEntry\">Maksimaalne sisendlehe maht<\/th>\n<td class=\"a-size-base prodDetAttrValue\">250<\/td>\n<\/tr>\n<tr>\n<th class=\"a-color-secondary a-size-base prodDetSectionEntry\">Ekraani t\u00fc\u00fcp<\/th>\n<td class=\"a-size-base prodDetAttrValue\">LCD<\/td>\n<\/tr>\n<tr>\n<th class=\"a-color-secondary a-size-base prodDetSectionEntry\">\u00dchilduvad seadmed<\/th>\n<td class=\"a-size-base prodDetAttrValue\">Nutitelefonid<\/td>\n<\/tr>\n<tr>\n<th class=\"a-color-secondary a-size-base prodDetSectionEntry\">Maksimaalne v\u00e4rviprintimise eraldusv\u00f5ime<\/th>\n<td class=\"a-size-base prodDetAttrValue\">1200 x 1200 punkti tolli kohta<\/td>\n<\/tr>\n<tr>\n<th class=\"a-color-secondary a-size-base prodDetSectionEntry\">Lehe suurus<\/th>\n<td class=\"a-size-base prodDetAttrValue\">A4<\/td>\n<\/tr>\n<tr>\n<th class=\"a-color-secondary a-size-base prodDetSectionEntry\">Maksimaalne mustvalge prindi eraldusv\u00f5ime<\/th>\n<td class=\"a-size-base prodDetAttrValue\">1200 x 1200 punkti tolli kohta<\/td>\n<\/tr>\n<tr>\n<th class=\"a-color-secondary a-size-base prodDetSectionEntry\">Garantii t\u00fc\u00fcp<\/th>\n<td class=\"a-size-base prodDetAttrValue\">Piiratud<\/td>\n<\/tr>\n<tr>\n<th class=\"a-color-secondary a-size-base prodDetSectionEntry\">V\u00e4rvi s\u00fcgavus<\/th>\n<td class=\"a-size-base prodDetAttrValue\">1 bitti_piksli kohta<\/td>\n<\/tr>\n<tr>\n<th class=\"a-color-secondary a-size-base prodDetSectionEntry\">Kahepoolne printimine<\/th>\n<td class=\"a-size-base prodDetAttrValue\">jah<\/td>\n<\/tr>\n<tr>\n<th class=\"a-color-secondary a-size-base prodDetSectionEntry\">Toote m\u00f5\u00f5tmed<\/th>\n<td class=\"a-size-base prodDetAttrValue\">39,9 x 41 x 31,9 cm; 11,4 kg<\/td>\n<\/tr>\n<tr>\n<th class=\"a-color-secondary a-size-base prodDetSectionEntry\">Kauba mudeli number<\/th>\n<td class=\"a-size-base prodDetAttrValue\">DCPL2665DWZU1<\/td>\n<\/tr>\n<tr>\n<th class=\"a-color-secondary a-size-base prodDetSectionEntry\">Tootja<\/th>\n<td class=\"a-size-base prodDetAttrValue\">vend<\/td>\n<\/tr>\n<tr>\n<th class=\"a-color-secondary a-size-base prodDetSectionEntry\">Vormitegur<\/th>\n<td class=\"a-size-base prodDetAttrValue\">K\u00f5ik-\u00fches<\/td>\n<\/tr>\n<tr>\n<th class=\"a-color-secondary a-size-base prodDetSectionEntry\">\u00dchenduse t\u00fc\u00fcp<\/th>\n<td class=\"a-size-base prodDetAttrValue\">Wi-Fi<\/td>\n<\/tr>\n<tr>\n<th class=\"a-color-secondary a-size-base prodDetSectionEntry\">Kauba kaal<\/th>\n<td class=\"a-size-base prodDetAttrValue\">11,4 kg<\/td>\n<\/tr>\n<tr>\n<th class=\"a-color-secondary a-size-base prodDetSectionEntry\">Garanteeritud tarkvarauuendused kuni<\/th>\n<td class=\"a-size-base prodDetAttrValue\">teadmata<\/td>\n<\/tr>\n<\/tbody>\n<\/table>\n<\/div>\n<\/div>\n<\/div>","protected":false},"featured_media":10692,"comment_status":"open","ping_status":"closed","template":"","meta":{"_monsterinsights_skip_tracking":false,"_monsterinsights_sitenote_active":false,"_monsterinsights_sitenote_note":"","_monsterinsights_sitenote_category":0,"jetpack_publicize_message":"","jetpack_publicize_feature_enabled":true,"jetpack_social_post_already_shared":true,"jetpack_social_options":{"image_generator_settings":{"template":"highway","default_image_id":0,"font":"","enabled":false},"version":2}},"product_brand":[],"product_cat":[198,200],"product_tag":[],"class_list":{"0":"post-10687","1":"product","2":"type-product","3":"status-publish","4":"has-post-thumbnail","6":"product_cat-it","7":"product_cat-printer","9":"first","10":"instock","11":"sale","12":"shipping-taxable","13":"purchasable","14":"product-type-simple"},"aioseo_notices":[],"jetpack_publicize_connections":[],"jetpack_sharing_enabled":true,"_links":{"self":[{"href":"https:\/\/amazingmarket.ee\/et\/wp-json\/wp\/v2\/product\/10687","targetHints":{"allow":["GET"]}}],"collection":[{"href":"https:\/\/amazingmarket.ee\/et\/wp-json\/wp\/v2\/product"}],"about":[{"href":"https:\/\/amazingmarket.ee\/et\/wp-json\/wp\/v2\/types\/product"}],"replies":[{"embeddable":true,"href":"https:\/\/amazingmarket.ee\/et\/wp-json\/wp\/v2\/comments?post=10687"}],"wp:featuredmedia":[{"embeddable":true,"href":"https:\/\/amazingmarket.ee\/et\/wp-json\/wp\/v2\/media\/10692"}],"wp:attachment":[{"href":"https:\/\/amazingmarket.ee\/et\/wp-json\/wp\/v2\/media?parent=10687"}],"wp:term":[{"taxonomy":"product_brand","embeddable":true,"href":"https:\/\/amazingmarket.ee\/et\/wp-json\/wp\/v2\/product_brand?post=10687"},{"taxonomy":"product_cat","embeddable":true,"href":"https:\/\/amazingmarket.ee\/et\/wp-json\/wp\/v2\/product_cat?post=10687"},{"taxonomy":"product_tag","embeddable":true,"href":"https:\/\/amazingmarket.ee\/et\/wp-json\/wp\/v2\/product_tag?post=10687"}],"curies":[{"name":"wp","href":"https:\/\/api.w.org\/{rel}","templated":true}]}}