{"id":10266,"date":"2025-03-03T15:02:28","date_gmt":"2025-03-03T13:02:28","guid":{"rendered":"https:\/\/amazingmarket.ee\/?post_type=product&#038;p=10266"},"modified":"2026-03-14T11:15:22","modified_gmt":"2026-03-14T09:15:22","slug":"hp-smart-tank-7605","status":"publish","type":"product","link":"https:\/\/amazingmarket.ee\/et\/toode\/hp-smart-tank-7605\/","title":{"rendered":"HP Smart Tank 7605"},"content":{"rendered":"<h1>V\u00c4HE KASUTATUD, HEAS KORRAS<\/h1>\n<h1 class=\"a-size-base-plus a-text-bold\">Selle \u00fcksuse kohta<\/h1>\n<ul class=\"a-unordered-list a-vertical a-spacing-mini\">\n<li class=\"a-spacing-mini\"><span class=\"a-list-item\">PARIM H\u00c4RASELE PEREDELE \u2013 printige mitmesuguseid v\u00e4rvilisi dokumente suures mahus<\/span><\/li>\n<li class=\"a-spacing-mini\"><span class=\"a-list-item\">PEAMISED FUNKTSIOONID \u2013 printimine, kopeerimine ja skannimine, lisaks automaatne kahepoolne printimine, 35-lehek\u00fcljeline automaatne dokumendis\u00f6\u00f6tur, \u00e4\u00e4risteta prindid, mobiilne ja juhtmevaba printimine, printimine kuni 11 lk\/min mustvalgel ja 5 lk\/min v\u00e4rviline<\/span><\/li>\n<li class=\"a-spacing-mini\"><span class=\"a-list-item\">T\u00c4IELIK S\u00c4\u00c4STUGA \u2013 Ideaalne odavateks ja suuremahulisteks printimiseks \u2013 kuni 3-aastane originaal HP tindipudel annab kuni 8000 v\u00e4rvilist ja 12 000 musta lehte otse karbist v\u00e4lja v\u00f5ttes.<\/span><\/li>\n<li class=\"a-spacing-mini\"><span class=\"a-list-item\">ERAKORDNE HP KVALITEET \u2013 pakub k\u00f5ikidele teie v\u00e4ljatr\u00fckkidele j\u00e4rjepidevalt silmapaistvat v\u00e4rvigraafikat, fotosid ja teravat teksti<\/span><\/li>\n<li class=\"a-spacing-mini\"><span class=\"a-list-item\">LIHTNE, LOKEVABA T\u00c4ITMINE \u2013 t\u00e4itke tinti HP h\u00f5lpsasti ligip\u00e4\u00e4setava ja pritsmevaba t\u00e4ites\u00fcsteemiga. Lihtsalt \u00fchendage originaal HP 32XL must pudel v\u00f5i originaal HP 31 v\u00e4rvipudelid tindimahutisse ja laske neil t\u00fchjeneda \u2013 ei pigista, ei leki.<\/span><\/li>\n<li class=\"a-spacing-mini\"><span class=\"a-list-item\">LIHTNE KASUTADA \u2013 nutikalt juhitavad nupud s\u00fcttivad, et juhendada teid igap\u00e4evaste printimis-, skannimis- ja kopeerimistoimingute tegemisel<\/span><\/li>\n<li class=\"a-spacing-mini\"><span class=\"a-list-item\">OLULINE TURVALISUS \u2013 kaitseb viiruste ja pahavara eest ning aitab s\u00e4ilitada privaatsust ja kontrolli elementaarse kr\u00fcptimise ja paroolikaitsega<\/span><\/li>\n<\/ul>","protected":false},"excerpt":{"rendered":"<div class=\"a-row\">\n<div class=\"a-column a-span6\">\n<h1 class=\"a-size-medium a-spacing-small\">Tehnilised \u00fcksikasjad<\/h1>\n<\/div>\n<\/div>\n<div class=\"a-expander-content a-expander-extend-content\" data-expanded=\"true\">\n<div class=\"a-row a-expander-container a-expander-inline-container\">\n<div class=\"a-expander-content a-expander-section-content a-section-expander-inner\" data-expanded=\"true\">\n<table id=\"productDetails_techSpec_section_1\" class=\"a-keyvalue prodDetTable\" role=\"presentation\">\n<tbody>\n<tr>\n<th class=\"a-color-secondary a-size-base prodDetSectionEntry\">Toote m\u00f5\u00f5dud<\/th>\n<td class=\"a-size-base prodDetAttrValue\">3,64D x 4,28W x 2,4H meetrit<\/td>\n<\/tr>\n<tr>\n<th class=\"a-color-secondary a-size-base prodDetSectionEntry\">Kontrolleri t\u00fc\u00fcp<\/th>\n<td class=\"a-size-base prodDetAttrValue\">Android<\/td>\n<\/tr>\n<tr>\n<th class=\"a-color-secondary a-size-base prodDetSectionEntry\">Maksimaalne printeri kandja suurus<\/th>\n<td class=\"a-size-base prodDetAttrValue\">8,5 x 11 tolli<\/td>\n<\/tr>\n<tr>\n<th class=\"a-color-secondary a-size-base prodDetSectionEntry\">Kaasas olevad komponendid<\/th>\n<td class=\"a-size-base prodDetAttrValue\">HP Smart Tank 7605 k\u00f5ik-\u00fches, printimine, kopeerimine, skannimine, faksimine, ADF ja traadita \u00fchendus, 35-leheline ADF; Skannige PDF-faili; Kahepoolne printimine<\/td>\n<\/tr>\n<tr>\n<th class=\"a-color-secondary a-size-base prodDetSectionEntry\">Tr\u00fckikandjad<\/th>\n<td class=\"a-size-base prodDetAttrValue\">Paber (tavaline)<\/td>\n<\/tr>\n<tr>\n<th class=\"a-color-secondary a-size-base prodDetSectionEntry\">Sk\u00e4nneri t\u00fc\u00fcp<\/th>\n<td class=\"a-size-base prodDetAttrValue\">Lehtede s\u00f6\u00f6tmine<\/td>\n<\/tr>\n<tr>\n<th class=\"a-color-secondary a-size-base prodDetSectionEntry\">Maksimaalne sisendlehe maht<\/th>\n<td class=\"a-size-base prodDetAttrValue\">250<\/td>\n<\/tr>\n<tr>\n<th class=\"a-color-secondary a-size-base prodDetSectionEntry\">Maksimaalne kopeerimiskiirus (must-valge)<\/th>\n<td class=\"a-size-base prodDetAttrValue\">13 lehek\u00fclge sekundis<\/td>\n<\/tr>\n<tr>\n<th class=\"a-color-secondary a-size-base prodDetSectionEntry\">Ekraani t\u00fc\u00fcp<\/th>\n<td class=\"a-size-base prodDetAttrValue\">LCD<\/td>\n<\/tr>\n<tr>\n<th class=\"a-color-secondary a-size-base prodDetSectionEntry\">\u00dchilduvad seadmed<\/th>\n<td class=\"a-size-base prodDetAttrValue\">Printer<\/td>\n<\/tr>\n<tr>\n<th class=\"a-color-secondary a-size-base prodDetSectionEntry\">Maksimaalne v\u00e4rviprintimise eraldusv\u00f5ime<\/th>\n<td class=\"a-size-base prodDetAttrValue\">4800 x 1200<\/td>\n<\/tr>\n<tr>\n<th class=\"a-color-secondary a-size-base prodDetSectionEntry\">Lehe suurus<\/th>\n<td class=\"a-size-base prodDetAttrValue\">A4<\/td>\n<\/tr>\n<tr>\n<th class=\"a-color-secondary a-size-base prodDetSectionEntry\">Maksimaalne mustvalge prindi eraldusv\u00f5ime<\/th>\n<td class=\"a-size-base prodDetAttrValue\">1200 x 1200 dpi<\/td>\n<\/tr>\n<tr>\n<th class=\"a-color-secondary a-size-base prodDetSectionEntry\">Garantii t\u00fc\u00fcp<\/th>\n<td class=\"a-size-base prodDetAttrValue\">Eluaeg<\/td>\n<\/tr>\n<tr>\n<th class=\"a-color-secondary a-size-base prodDetSectionEntry\">V\u00e4rvi s\u00fcgavus<\/th>\n<td class=\"a-size-base prodDetAttrValue\">24<\/td>\n<\/tr>\n<tr>\n<th class=\"a-color-secondary a-size-base prodDetSectionEntry\">Kahepoolne printimine<\/th>\n<td class=\"a-size-base prodDetAttrValue\">jah<\/td>\n<\/tr>\n<tr>\n<th class=\"a-color-secondary a-size-base prodDetSectionEntry\">Maksimaalne koopiate arv \u00fche ts\u00fckli kohta<\/th>\n<td class=\"a-size-base prodDetAttrValue\">19 lehek\u00fclge<\/td>\n<\/tr>\n<tr>\n<th class=\"a-color-secondary a-size-base prodDetSectionEntry\">Tootja<\/th>\n<td class=\"a-size-base prodDetAttrValue\">HP<\/td>\n<\/tr>\n<tr>\n<th class=\"a-color-secondary a-size-base prodDetSectionEntry\">Mudeli number<\/th>\n<td class=\"a-size-base prodDetAttrValue\">28C02A#BHC<\/td>\n<\/tr>\n<tr>\n<th class=\"a-color-secondary a-size-base prodDetSectionEntry\">Artiklite arv<\/th>\n<td class=\"a-size-base prodDetAttrValue\">1<\/td>\n<\/tr>\n<tr>\n<th class=\"a-color-secondary a-size-base prodDetSectionEntry\">Suurus<\/th>\n<td class=\"a-size-base prodDetAttrValue\">\u00dcks suurus<\/td>\n<\/tr>\n<tr>\n<th class=\"a-color-secondary a-size-base prodDetSectionEntry\">Tindi v\u00e4rv<\/th>\n<td class=\"a-size-base prodDetAttrValue\">Must, ts\u00fcaan, magenta, kollane<\/td>\n<\/tr>\n<tr>\n<th class=\"a-color-secondary a-size-base prodDetSectionEntry\">Tootja osanumber<\/th>\n<td class=\"a-size-base prodDetAttrValue\">28C02A#BHC<\/td>\n<\/tr>\n<tr>\n<th class=\"a-color-secondary a-size-base prodDetSectionEntry\">Kauba kaal<\/th>\n<td class=\"a-size-base prodDetAttrValue\">7,7 kg<\/td>\n<\/tr>\n<\/tbody>\n<\/table>\n<\/div>\n<\/div>\n<\/div>","protected":false},"featured_media":10571,"comment_status":"open","ping_status":"closed","template":"","meta":{"_monsterinsights_skip_tracking":false,"_monsterinsights_sitenote_active":false,"_monsterinsights_sitenote_note":"","_monsterinsights_sitenote_category":0,"jetpack_publicize_message":"","jetpack_publicize_feature_enabled":true,"jetpack_social_post_already_shared":false,"jetpack_social_options":{"image_generator_settings":{"template":"highway","default_image_id":0,"font":"","enabled":false},"version":2}},"product_brand":[],"product_cat":[198,200],"product_tag":[],"class_list":{"0":"post-10266","1":"product","2":"type-product","3":"status-publish","4":"has-post-thumbnail","6":"product_cat-it","7":"product_cat-printer","9":"first","10":"instock","11":"sale","12":"shipping-taxable","13":"purchasable","14":"product-type-simple"},"aioseo_notices":[],"jetpack_publicize_connections":[],"jetpack_sharing_enabled":true,"_links":{"self":[{"href":"https:\/\/amazingmarket.ee\/et\/wp-json\/wp\/v2\/product\/10266","targetHints":{"allow":["GET"]}}],"collection":[{"href":"https:\/\/amazingmarket.ee\/et\/wp-json\/wp\/v2\/product"}],"about":[{"href":"https:\/\/amazingmarket.ee\/et\/wp-json\/wp\/v2\/types\/product"}],"replies":[{"embeddable":true,"href":"https:\/\/amazingmarket.ee\/et\/wp-json\/wp\/v2\/comments?post=10266"}],"wp:featuredmedia":[{"embeddable":true,"href":"https:\/\/amazingmarket.ee\/et\/wp-json\/wp\/v2\/media\/10571"}],"wp:attachment":[{"href":"https:\/\/amazingmarket.ee\/et\/wp-json\/wp\/v2\/media?parent=10266"}],"wp:term":[{"taxonomy":"product_brand","embeddable":true,"href":"https:\/\/amazingmarket.ee\/et\/wp-json\/wp\/v2\/product_brand?post=10266"},{"taxonomy":"product_cat","embeddable":true,"href":"https:\/\/amazingmarket.ee\/et\/wp-json\/wp\/v2\/product_cat?post=10266"},{"taxonomy":"product_tag","embeddable":true,"href":"https:\/\/amazingmarket.ee\/et\/wp-json\/wp\/v2\/product_tag?post=10266"}],"curies":[{"name":"wp","href":"https:\/\/api.w.org\/{rel}","templated":true}]}}