{"id":10178,"date":"2025-02-28T15:09:58","date_gmt":"2025-02-28T13:09:58","guid":{"rendered":"https:\/\/amazingmarket.ee\/?post_type=product&#038;p=10178"},"modified":"2026-03-14T11:15:22","modified_gmt":"2026-03-14T09:15:22","slug":"floor-lamp-vasalia8w450lmac220-240v","status":"publish","type":"product","link":"https:\/\/amazingmarket.ee\/et\/toode\/floor-lamp-vasalia8w450lmac220-240v\/","title":{"rendered":"P\u00f5randavalgusti Vasalia,8W,450lm,AC220-240V"},"content":{"rendered":"<div class=\"wpb_text_column wpb_content_element\">\n<div class=\"wpb_wrapper\">\n<h3>KIRJELDUS<\/h3>\n<\/div>\n<\/div>\n<div class=\"wpb_text_column wpb_content_element\">\n<div class=\"wpb_wrapper\">\n<p>Mouse&#039;i stiilis p\u00f5randalamp on ideaalne t\u00e4iendus lastetuppa, mille saab paigutada t\u00e4pselt sinna, kus on rohkem valgust vaja. Rafineeritud disain, mis ergutab kujutlusv\u00f5imet, kaunid v\u00e4rvid ja mugav funktsionaalsus.<\/p>\n<p>Mouse&#039;i kollektsiooni p\u00f5randalampi saab kasutada ka iseseisvalt, see t\u00e4iendab ideaalselt valitud koha tsoonivalgustust, lisab hubasust, hajutades valgust enda \u00fcmber. Seda saab kasutada ka koos teiste Mouse&#039;i sarja lampidega \u2013 k\u00f5ik koos loovad heleda ja v\u00e4rvika ruumi, mis on kohandatud k\u00f5ige pisematele.<\/p>\n<p>Hiire-t\u00fc\u00fcpi p\u00f5randalamp sobib ideaalselt nii noorematele kui ka vanematele lastele. Rafineeritud ja stiilne vorm, mille kaunistused on otse lemmikmuinasjuttudest, r\u00f5\u00f5mustab loomingulisi kasutajaid, kes leiavad r\u00f5\u00f5mu kaunitest vormidest ja v\u00e4rvidest. Valikus on s\u00e4tendava kulla ja musta, pastelse roosa ja sinise, tumesinise energilise punase ja kollase ning \u00f5rna sinise ja p\u00e4ikeselise kollase kombinatsioon.<\/p>\n<\/div>\n<\/div>","protected":false},"excerpt":{"rendered":"<p>DESCRIPTION Mouse standing floor lamp is a\u00a0perfect complement to a\u00a0children\u2019s room, which you can place exactly where more light is needed. Refined design that stimulates the imagination, beautiful colours and comfortable functionality. The floor lamp in the Mouse collection can stand alone, it perfectly complements the zonal lighting in the selected place, it adds a\u00a0sense [&#8230;]\n","protected":false},"featured_media":10179,"comment_status":"open","ping_status":"closed","template":"","meta":{"_monsterinsights_skip_tracking":false,"_monsterinsights_sitenote_active":false,"_monsterinsights_sitenote_note":"","_monsterinsights_sitenote_category":0,"jetpack_publicize_message":"","jetpack_publicize_feature_enabled":true,"jetpack_social_post_already_shared":false,"jetpack_social_options":{"image_generator_settings":{"template":"highway","default_image_id":0,"font":"","enabled":false},"version":2}},"product_brand":[],"product_cat":[206,84],"product_tag":[],"class_list":{"0":"post-10178","1":"product","2":"type-product","3":"status-publish","4":"has-post-thumbnail","6":"product_cat-lamps","7":"product_cat-furniture","9":"first","10":"instock","11":"sale","12":"shipping-taxable","13":"purchasable","14":"product-type-simple"},"aioseo_notices":[],"jetpack_publicize_connections":[],"jetpack_sharing_enabled":true,"_links":{"self":[{"href":"https:\/\/amazingmarket.ee\/et\/wp-json\/wp\/v2\/product\/10178","targetHints":{"allow":["GET"]}}],"collection":[{"href":"https:\/\/amazingmarket.ee\/et\/wp-json\/wp\/v2\/product"}],"about":[{"href":"https:\/\/amazingmarket.ee\/et\/wp-json\/wp\/v2\/types\/product"}],"replies":[{"embeddable":true,"href":"https:\/\/amazingmarket.ee\/et\/wp-json\/wp\/v2\/comments?post=10178"}],"wp:featuredmedia":[{"embeddable":true,"href":"https:\/\/amazingmarket.ee\/et\/wp-json\/wp\/v2\/media\/10179"}],"wp:attachment":[{"href":"https:\/\/amazingmarket.ee\/et\/wp-json\/wp\/v2\/media?parent=10178"}],"wp:term":[{"taxonomy":"product_brand","embeddable":true,"href":"https:\/\/amazingmarket.ee\/et\/wp-json\/wp\/v2\/product_brand?post=10178"},{"taxonomy":"product_cat","embeddable":true,"href":"https:\/\/amazingmarket.ee\/et\/wp-json\/wp\/v2\/product_cat?post=10178"},{"taxonomy":"product_tag","embeddable":true,"href":"https:\/\/amazingmarket.ee\/et\/wp-json\/wp\/v2\/product_tag?post=10178"}],"curies":[{"name":"wp","href":"https:\/\/api.w.org\/{rel}","templated":true}]}}