{"id":10175,"date":"2025-02-28T15:07:08","date_gmt":"2025-02-28T13:07:08","guid":{"rendered":"https:\/\/amazingmarket.ee\/?post_type=product&#038;p=10175"},"modified":"2026-03-14T11:15:22","modified_gmt":"2026-03-14T09:15:22","slug":"floor-lamp-york-10w900lmac220-240v3-step-dimmable","status":"publish","type":"product","link":"https:\/\/amazingmarket.ee\/et\/toode\/floor-lamp-york-10w900lmac220-240v3-step-dimmable\/","title":{"rendered":"P\u00f5randavalgusti YORK, 10W, 900lm, AC220-240V, 3 astmega h\u00e4mardatav"},"content":{"rendered":"<div id=\"fws_67c1b1a1d21e5\" class=\"wpb_row vc_row-fluid vc_row full-width-content vc_row-o-equal-height vc_row-flex vc_row-o-content-middle  right_padding_0px left_padding_0px\" data-column-margin=\"none\" data-midnight=\"dark\">\n<div class=\"row_col_wrap_12 col span_12 dark left\">\n<div class=\"vc_col-sm-6 wpb_column column_container vc_column_container col no-extra-padding inherit_tablet inherit_phone\" data-padding-pos=\"all\" data-has-bg-color=\"false\" data-bg-color=\"\" data-bg-opacity=\"1\" data-animation=\"\" data-delay=\"0\">\n<div class=\"vc_column-inner\">\n<div class=\"wpb_wrapper\">\n<div id=\"fws_67c1b1a1d3fc1\" class=\"wpb_row vc_row-fluid vc_row inner_row vc_row-o-equal-height vc_row-flex vc_row-o-content-middle right_padding_89px left_padding_89px\" data-midnight=\"\" data-column-margin=\"default\">\n<div class=\"row_col_wrap_12_inner col span_12  left\">\n<div class=\"vc_col-sm-12 wpb_column column_container vc_column_container col child_column no-extra-padding inherit_tablet inherit_phone\" data-padding-pos=\"all\" data-has-bg-color=\"false\" data-bg-color=\"\" data-bg-opacity=\"1\" data-animation=\"\" data-delay=\"0\">\n<div class=\"vc_column-inner\">\n<div class=\"wpb_wrapper\">\n<div class=\"wpb_text_column wpb_content_element\">\n<div class=\"wpb_wrapper\">\n<h3>KIRJELDUS<\/h3>\n<\/div>\n<\/div>\n<div class=\"wpb_text_column wpb_content_element\">\n<div class=\"wpb_wrapper\">\n<p>Modernne p\u00f5randalamp minimalistlikul kujul, selline on York. Selle sihvakas struktuur koos sujuva astmeteta reguleeritava k\u00e4epidemega on asetatud v\u00e4ga tugevale metallalusele, mis hoiab \u00e4ra lambi \u00fcmberkukkumise.<\/p>\n<p>Kasutaja mugavuse huvides juhitakse k\u00f5iki lambi funktsioone kaugjuhtimispuldiga ja neid on palju:<\/p>\n<p>Lambi v\u00e4ljal\u00fclitamise viivitus<\/p>\n<ul>\n<li>H\u00e4mardamise k\u00e4sitsi reguleerimine<\/li>\n<li>Kiirgava valguse v\u00e4rvitemperatuuri k\u00e4sitsi reguleerimine<\/li>\n<li>Viis eelseadistatud programmi, mis vastutavad h\u00e4mardamise ja v\u00e4rvitemperatuuri eest.<\/li>\n<\/ul>\n<p>Kasutajal on kuni viis h\u00e4mardamise astet ja kolm v\u00e4rvitemperatuuri:<\/p>\n<ul>\n<li>K\u00fclm \u2013 t\u00f6\u00f6le<\/li>\n<li>Neutraalne \u2013 \u00f5ppida ja lugeda<\/li>\n<li>Soe \u2013 l\u00f5\u00f5gastumiseks<\/li>\n<\/ul>\n<p>Lambi funktsioone saab juhtida ka lambi \u00fclemises osas asuva puutel\u00fclitiga. L\u00fchikesed puudutused v\u00f5imaldavad lampi sisse ja v\u00e4lja l\u00fclitada ning v\u00e4rvitemperatuuri muuta. Nupu pikem vajutus muudab lambi h\u00e4maraks ja heledamaks.<\/p>\n<p>Lamp t\u00f6\u00f6tab standardse v\u00f5rgupingega. Toitejuhtme pikkus on 200 cm. Kaugjuhtimispult t\u00f6\u00f6tab \u00fche AAA patareiga, mis ei kuulu komplekti.<\/p>\n<\/div>\n<\/div>\n<\/div>\n<\/div>\n<\/div>\n<\/div>\n<\/div>\n<\/div>\n<\/div>\n<\/div>\n<div class=\"vc_col-sm-6 wpb_column column_container vc_column_container col no-extra-padding inherit_tablet inherit_phone\" data-using-bg=\"true\" data-padding-pos=\"all\" data-has-bg-color=\"false\" data-bg-color=\"\" data-bg-opacity=\"1\" data-animation=\"\" data-delay=\"0\">\n<div class=\"vc_column-inner\">\n<div class=\"column-image-bg-wrap column-bg-layer viewport-desktop\" data-bg-pos=\"center center\" data-bg-animation=\"none\" data-bg-overlay=\"false\">\n<div class=\"inner-wrap\">\n<div class=\"column-image-bg\"><\/div>\n<\/div>\n<\/div>\n<div class=\"wpb_wrapper\">\n<div class=\"divider-wrap\" data-alignment=\"default\">\n<div class=\"divider\"><\/div>\n<\/div>\n<\/div>\n<\/div>\n<\/div>\n<\/div>\n<\/div>\n<div id=\"fws_67c1b1a1d4f01\" class=\"wpb_row vc_row-fluid vc_row full-width-content vc_row-o-equal-height vc_row-flex vc_row-o-content-middle  right_padding_0px left_padding_0px\" data-column-margin=\"none\" data-midnight=\"dark\">\n<div class=\"row-bg-wrap\" data-bg-animation=\"none\" data-bg-animation-delay=\"\" data-bg-overlay=\"false\">\n<div class=\"inner-wrap row-bg-layer\">\n<div class=\"row-bg viewport-desktop\"><\/div>\n<\/div>\n<\/div>\n<div class=\"row_col_wrap_12 col span_12 dark left\">\n<div class=\"vc_col-sm-4 wpb_column column_container vc_column_container col no-extra-padding inherit_tablet inherit_phone\" data-using-bg=\"true\" data-padding-pos=\"all\" data-has-bg-color=\"false\" data-bg-color=\"\" data-bg-opacity=\"1\" data-animation=\"\" data-delay=\"0\">\n<div class=\"vc_column-inner\">\n<div class=\"column-image-bg-wrap column-bg-layer viewport-desktop\" data-bg-pos=\"center center\" data-bg-animation=\"none\" data-bg-overlay=\"false\">\n<div class=\"inner-wrap\">\n<div class=\"column-image-bg\"><\/div>\n<\/div>\n<\/div>\n<div class=\"wpb_wrapper\">\n<div class=\"divider-wrap\" data-alignment=\"default\">\n<div class=\"divider\"><\/div>\n<\/div>\n<\/div>\n<\/div>\n<\/div>\n<div class=\"vc_col-sm-4 wpb_column column_container vc_column_container col no-extra-padding inherit_tablet inherit_phone instance-4\" data-using-bg=\"true\" data-padding-pos=\"all\" data-has-bg-color=\"true\" data-bg-color=\"#ffffff\" data-bg-opacity=\"1\" data-animation=\"\" data-delay=\"0\">\n<div class=\"vc_column-inner\">\n<div class=\"column-bg-overlay-wrap column-bg-layer\" data-bg-animation=\"none\">\n<div class=\"column-bg-overlay\"><\/div>\n<\/div>\n<div class=\"wpb_wrapper\">\n<div id=\"fws_67c1b1a1d5745\" class=\"wpb_row vc_row-fluid vc_row inner_row  right_padding_89px left_padding_89px\" data-midnight=\"\" data-column-margin=\"default\">\n<div class=\"row-bg-wrap\"><\/div>\n<\/div>\n<\/div>\n<\/div>\n<\/div>\n<\/div>\n<\/div>","protected":false},"excerpt":{"rendered":"<div class=\"wpb_text_column wpb_content_element\">\n<div class=\"wpb_wrapper\">\n<h3>SPETSIFIKATSIOON<\/h3>\n<\/div>\n<\/div>\n<div class=\"nectar-fancy-ul animated-in\" data-list-icon=\"icon-salient-thin-line\" data-animation=\"true\" data-animation-delay=\"0\" data-color=\"accent-color\" data-spacing=\"default\" data-alignment=\"left\">\n<ul>\n<li><i class=\"icon-default-style icon-salient-thin-line accent-color\"><\/i>Painduv vars v\u00f5imaldab reguleerida valguse langemisnurka;<\/li>\n<li><i class=\"icon-default-style icon-salient-thin-line accent-color\"><\/i>Taimeri funktsiooniga kaugjuhtimispult;<\/li>\n<li><i class=\"icon-default-style icon-salient-thin-line accent-color\"><\/i>Lampi saab juhtida lambivarju puudutades.<\/li>\n<li><i class=\"icon-default-style icon-salient-thin-line accent-color\"><\/i>Viis lambi eelseadistust.<\/li>\n<\/ul>\n<\/div>","protected":false},"featured_media":10176,"comment_status":"open","ping_status":"closed","template":"","meta":{"_monsterinsights_skip_tracking":false,"_monsterinsights_sitenote_active":false,"_monsterinsights_sitenote_note":"","_monsterinsights_sitenote_category":0,"jetpack_publicize_message":"","jetpack_publicize_feature_enabled":true,"jetpack_social_post_already_shared":false,"jetpack_social_options":{"image_generator_settings":{"template":"highway","default_image_id":0,"font":"","enabled":false},"version":2}},"product_brand":[],"product_cat":[206,84],"product_tag":[],"class_list":{"0":"post-10175","1":"product","2":"type-product","3":"status-publish","4":"has-post-thumbnail","6":"product_cat-lamps","7":"product_cat-furniture","9":"first","10":"instock","11":"sale","12":"shipping-taxable","13":"purchasable","14":"product-type-simple"},"aioseo_notices":[],"jetpack_publicize_connections":[],"jetpack_sharing_enabled":true,"_links":{"self":[{"href":"https:\/\/amazingmarket.ee\/et\/wp-json\/wp\/v2\/product\/10175","targetHints":{"allow":["GET"]}}],"collection":[{"href":"https:\/\/amazingmarket.ee\/et\/wp-json\/wp\/v2\/product"}],"about":[{"href":"https:\/\/amazingmarket.ee\/et\/wp-json\/wp\/v2\/types\/product"}],"replies":[{"embeddable":true,"href":"https:\/\/amazingmarket.ee\/et\/wp-json\/wp\/v2\/comments?post=10175"}],"wp:featuredmedia":[{"embeddable":true,"href":"https:\/\/amazingmarket.ee\/et\/wp-json\/wp\/v2\/media\/10176"}],"wp:attachment":[{"href":"https:\/\/amazingmarket.ee\/et\/wp-json\/wp\/v2\/media?parent=10175"}],"wp:term":[{"taxonomy":"product_brand","embeddable":true,"href":"https:\/\/amazingmarket.ee\/et\/wp-json\/wp\/v2\/product_brand?post=10175"},{"taxonomy":"product_cat","embeddable":true,"href":"https:\/\/amazingmarket.ee\/et\/wp-json\/wp\/v2\/product_cat?post=10175"},{"taxonomy":"product_tag","embeddable":true,"href":"https:\/\/amazingmarket.ee\/et\/wp-json\/wp\/v2\/product_tag?post=10175"}],"curies":[{"name":"wp","href":"https:\/\/api.w.org\/{rel}","templated":true}]}}