{"id":10171,"date":"2025-02-28T14:45:33","date_gmt":"2025-02-28T12:45:33","guid":{"rendered":"https:\/\/amazingmarket.ee\/?post_type=product&#038;p=10171"},"modified":"2026-03-14T11:15:22","modified_gmt":"2026-03-14T09:15:22","slug":"stay-music-slim-model-1100-02-black-keyboard-stand-type-2","status":"publish","type":"product","link":"https:\/\/amazingmarket.ee\/et\/toode\/stay-music-slim-model-1100-02-black-keyboard-stand-type-2\/","title":{"rendered":"Stay Music Slim mudel 1100\/02 must klaviatuurialus (t\u00fc\u00fcp 2)"},"content":{"rendered":"<h1 class=\"a-size-base-plus a-text-bold\">Selle \u00fcksuse kohta<\/h1>\n<ul class=\"a-unordered-list a-vertical a-spacing-mini\">\n<li class=\"a-spacing-mini\"><span class=\"a-list-item\">Rakenduste tugi klaviatuuridele\/v\u00e4lisseadmetele<\/span><\/li>\n<li class=\"a-spacing-mini\"><span class=\"a-list-item\">Kaasas: 02 Base Straight Slim + 02 paari Longarina 380mm + 03 jalga + 01 klamber l\u00f5ngast + transpordikott |<\/span><\/li>\n<li class=\"a-spacing-mini\"><span class=\"a-list-item\">Maksimaalne k\u00f5rgus: 1100 mm | Mahutavus: Toetab kuni 61 klahviga klaviatuure | Maksimaalne kandev\u00f5ime: 20 kg (mitte \u00fcletada 10,0 kg tugitala paari kohta) |<\/span><\/li>\n<li class=\"a-spacing-mini\"><span class=\"a-list-item\">Materjal: Alumiinium | Viimistlus: Eksklusiivne autov\u00e4rv | Kaal: 2,9 kg<\/span><\/li>\n<li class=\"a-spacing-mini\"><span class=\"a-list-item\">V\u00e4rv: h\u00f5bedane | Kaasas kott h\u00f5lpsaks transportimiseks.<\/span><\/li>\n<\/ul>","protected":false},"excerpt":{"rendered":"<div class=\"a-row\">\n<div class=\"a-column a-span6\">\n<h1 class=\"a-size-medium a-spacing-small\">Tehnilised \u00fcksikasjad<\/h1>\n<\/div>\n<\/div>\n<div class=\"a-expander-content a-expander-extend-content\" data-expanded=\"true\">\n<div class=\"a-row a-expander-container a-expander-inline-container\">\n<div class=\"a-expander-content a-expander-section-content a-section-expander-inner\" data-expanded=\"true\">\n<table id=\"productDetails_techSpec_section_1\" class=\"a-keyvalue prodDetTable\" role=\"presentation\">\n<tbody>\n<tr>\n<th class=\"a-color-secondary a-size-base prodDetSectionEntry\">Kokkupanek on vajalik<\/th>\n<td class=\"a-size-base prodDetAttrValue\">jah<\/td>\n<\/tr>\n<tr>\n<th class=\"a-color-secondary a-size-base prodDetSectionEntry\">Tasemete arv<\/th>\n<td class=\"a-size-base prodDetAttrValue\">2<\/td>\n<\/tr>\n<tr>\n<th class=\"a-color-secondary a-size-base prodDetSectionEntry\">Erifunktsioon<\/th>\n<td class=\"a-size-base prodDetAttrValue\">Kaasaskantav<\/td>\n<\/tr>\n<tr>\n<th class=\"a-color-secondary a-size-base prodDetSectionEntry\">UPC<\/th>\n<td class=\"a-size-base prodDetAttrValue\">\u200e074278169608<\/td>\n<\/tr>\n<tr>\n<th class=\"a-color-secondary a-size-base prodDetSectionEntry\"><\/th>\n<td class=\"a-size-base prodDetAttrValue\"><\/td>\n<\/tr>\n<tr>\n<th class=\"a-color-secondary a-size-base prodDetSectionEntry\">Saatmiskaal<\/th>\n<td class=\"a-size-base prodDetAttrValue\">3,9 kilogrammi<\/td>\n<\/tr>\n<tr>\n<th class=\"a-color-secondary a-size-base prodDetSectionEntry\">Toote mudelinumber<\/th>\n<td class=\"a-size-base prodDetAttrValue\">1100\/02<\/td>\n<\/tr>\n<tr>\n<th class=\"a-color-secondary a-size-base prodDetSectionEntry\">Toote osanumber<\/th>\n<td class=\"a-size-base prodDetAttrValue\">1100\/02<\/td>\n<\/tr>\n<tr>\n<th class=\"a-color-secondary a-size-base prodDetSectionEntry\">Esmane materjal<\/th>\n<td class=\"a-size-base prodDetAttrValue\">Alumiinium<\/td>\n<\/tr>\n<\/tbody>\n<\/table>\n<\/div>\n<\/div>\n<\/div>","protected":false},"featured_media":10563,"comment_status":"open","ping_status":"closed","template":"","meta":{"_monsterinsights_skip_tracking":false,"_monsterinsights_sitenote_active":false,"_monsterinsights_sitenote_note":"","_monsterinsights_sitenote_category":0,"jetpack_publicize_message":"","jetpack_publicize_feature_enabled":true,"jetpack_social_post_already_shared":false,"jetpack_social_options":{"image_generator_settings":{"template":"highway","default_image_id":0,"font":"","enabled":false},"version":2}},"product_brand":[],"product_cat":[204,202],"product_tag":[],"class_list":{"0":"post-10171","1":"product","2":"type-product","3":"status-publish","4":"has-post-thumbnail","6":"product_cat-music-stand","7":"product_cat-musical-instruments","9":"first","10":"instock","11":"sale","12":"shipping-taxable","13":"purchasable","14":"product-type-simple"},"aioseo_notices":[],"jetpack_publicize_connections":[],"jetpack_sharing_enabled":true,"_links":{"self":[{"href":"https:\/\/amazingmarket.ee\/et\/wp-json\/wp\/v2\/product\/10171","targetHints":{"allow":["GET"]}}],"collection":[{"href":"https:\/\/amazingmarket.ee\/et\/wp-json\/wp\/v2\/product"}],"about":[{"href":"https:\/\/amazingmarket.ee\/et\/wp-json\/wp\/v2\/types\/product"}],"replies":[{"embeddable":true,"href":"https:\/\/amazingmarket.ee\/et\/wp-json\/wp\/v2\/comments?post=10171"}],"wp:featuredmedia":[{"embeddable":true,"href":"https:\/\/amazingmarket.ee\/et\/wp-json\/wp\/v2\/media\/10563"}],"wp:attachment":[{"href":"https:\/\/amazingmarket.ee\/et\/wp-json\/wp\/v2\/media?parent=10171"}],"wp:term":[{"taxonomy":"product_brand","embeddable":true,"href":"https:\/\/amazingmarket.ee\/et\/wp-json\/wp\/v2\/product_brand?post=10171"},{"taxonomy":"product_cat","embeddable":true,"href":"https:\/\/amazingmarket.ee\/et\/wp-json\/wp\/v2\/product_cat?post=10171"},{"taxonomy":"product_tag","embeddable":true,"href":"https:\/\/amazingmarket.ee\/et\/wp-json\/wp\/v2\/product_tag?post=10171"}],"curies":[{"name":"wp","href":"https:\/\/api.w.org\/{rel}","templated":true}]}}