{"id":10167,"date":"2025-02-28T14:41:07","date_gmt":"2025-02-28T12:41:07","guid":{"rendered":"https:\/\/amazingmarket.ee\/?post_type=product&#038;p=10167"},"modified":"2026-03-14T11:15:22","modified_gmt":"2026-03-14T09:15:22","slug":"alesis-drums-nitro-max-expansion-pack-electric-drum-set-expansion-for-nitro-max-kit-with-mesh-tom-pad","status":"publish","type":"product","link":"https:\/\/amazingmarket.ee\/et\/toode\/alesis-drums-nitro-max-expansion-pack-electric-drum-set-expansion-for-nitro-max-kit-with-mesh-tom-pad\/","title":{"rendered":"Alesise trummide laienduspakett Nitro Max \u2013 elektriline trumlikomplekti laiendus Nitro Maxi komplektile koos Mesh Tom Padiga"},"content":{"rendered":"<ul class=\"a-unordered-list a-vertical a-spacing-mini\">\n<li class=\"a-spacing-mini\"><span class=\"a-list-item\">Laienda oma trummim\u00e4ngukogemust \u2013 muuda oma Alesis Nitro Max komplekt kaheksaosalisest elektroonilisest trummikomplektist \u00fclimalt tugevaks k\u00fcmneosaliseks konfiguratsiooniks.<\/span><\/li>\n<li class=\"a-spacing-mini\"><span class=\"a-list-item\">Akustilise trummitunnetuse tunne ilma m\u00fcrata \u2013 T\u00e4isv\u00f5rgust trummipadjad pakuvad k\u00f5ige tundlikumat ja nauditavamat m\u00e4ngukogemust minimaalse v\u00e4lise m\u00fcraga, nii et saate harjutada millal iganes soovite.<\/span><\/li>\n<li class=\"a-spacing-mini\"><span class=\"a-list-item\">Professionaalne taldrikute tundlikkus \u2013 esmaklassiline taldrikupadi pakub loomulikku tunnetust ja \u00fclivaikset reageeringut \u2013 ideaalne esinemiseks ja harjutamiseks mis tahes muusikastiiliga<\/span><\/li>\n<li class=\"a-spacing-mini\"><span class=\"a-list-item\">Vaevatu \u00fchenduvus t\u00e4iustatud trummimooduliga \u2013 seadistamisega pole probleeme, lihtsalt \u00fchendage tom ja taldrik Nitro Maxi racki k\u00fclge ja oletegi valmis improviseerima.<\/span><\/li>\n<li class=\"a-spacing-mini\"><span class=\"a-list-item\">Kohe karbist v\u00f5ttes \u2013 (1) 10\u201d taldrik drosseliga; (1) 8\u201d v\u00f5rktom-trummel; (2) 6,25 jala pikkused TRS-kaablid; k\u00f5ik vajalikud statiivid ja kinnitusdetailid<\/span><\/li>\n<\/ul>","protected":false},"excerpt":{"rendered":"<h2>Tooteteave<\/h2>\n<div class=\"a-row a-spacing-top-base\">\n<div class=\"a-column a-span6\">\n<div class=\"a-row a-spacing-base\">\n<div class=\"a-section table-padding\">\n<table id=\"productDetails_detailBullets_sections1\" class=\"a-keyvalue prodDetTable\" role=\"presentation\">\n<tbody>\n<tr>\n<th class=\"a-color-secondary a-size-base prodDetSectionEntry\">Kauba kaal<\/th>\n<td class=\"a-size-base prodDetAttrValue\">3,97 naela<\/td>\n<\/tr>\n<tr>\n<th class=\"a-color-secondary a-size-base prodDetSectionEntry\">Toote m\u00f5\u00f5tmed<\/th>\n<td class=\"a-size-base prodDetAttrValue\">5,52 x 10,8 x 24,84 tolli<\/td>\n<\/tr>\n<tr>\n<th class=\"a-color-secondary a-size-base prodDetSectionEntry\">P\u00e4ritoluriik<\/th>\n<td class=\"a-size-base prodDetAttrValue\">Hiina<\/td>\n<\/tr>\n<tr>\n<th class=\"a-color-secondary a-size-base prodDetSectionEntry\">ASIN<\/th>\n<td class=\"a-size-base prodDetAttrValue\">B0CJRGSWKX<\/td>\n<\/tr>\n<tr>\n<th class=\"a-color-secondary a-size-base prodDetSectionEntry\">Kauba mudeli number<\/th>\n<td class=\"a-size-base prodDetAttrValue\">Nitro Maxi laienduspakett<\/td>\n<\/tr>\n<\/tbody>\n<\/table>\n<\/div>\n<\/div>\n<\/div>\n<\/div>","protected":false},"featured_media":10168,"comment_status":"open","ping_status":"closed","template":"","meta":{"_monsterinsights_skip_tracking":false,"_monsterinsights_sitenote_active":false,"_monsterinsights_sitenote_note":"","_monsterinsights_sitenote_category":0,"jetpack_publicize_message":"","jetpack_publicize_feature_enabled":true,"jetpack_social_post_already_shared":false,"jetpack_social_options":{"image_generator_settings":{"template":"highway","default_image_id":0,"font":"","enabled":false},"version":2}},"product_brand":[],"product_cat":[203,202],"product_tag":[],"class_list":{"0":"post-10167","1":"product","2":"type-product","3":"status-publish","4":"has-post-thumbnail","6":"product_cat-drums","7":"product_cat-musical-instruments","9":"first","10":"instock","11":"sale","12":"shipping-taxable","13":"purchasable","14":"product-type-simple"},"aioseo_notices":[],"jetpack_publicize_connections":[],"jetpack_sharing_enabled":true,"_links":{"self":[{"href":"https:\/\/amazingmarket.ee\/et\/wp-json\/wp\/v2\/product\/10167","targetHints":{"allow":["GET"]}}],"collection":[{"href":"https:\/\/amazingmarket.ee\/et\/wp-json\/wp\/v2\/product"}],"about":[{"href":"https:\/\/amazingmarket.ee\/et\/wp-json\/wp\/v2\/types\/product"}],"replies":[{"embeddable":true,"href":"https:\/\/amazingmarket.ee\/et\/wp-json\/wp\/v2\/comments?post=10167"}],"wp:featuredmedia":[{"embeddable":true,"href":"https:\/\/amazingmarket.ee\/et\/wp-json\/wp\/v2\/media\/10168"}],"wp:attachment":[{"href":"https:\/\/amazingmarket.ee\/et\/wp-json\/wp\/v2\/media?parent=10167"}],"wp:term":[{"taxonomy":"product_brand","embeddable":true,"href":"https:\/\/amazingmarket.ee\/et\/wp-json\/wp\/v2\/product_brand?post=10167"},{"taxonomy":"product_cat","embeddable":true,"href":"https:\/\/amazingmarket.ee\/et\/wp-json\/wp\/v2\/product_cat?post=10167"},{"taxonomy":"product_tag","embeddable":true,"href":"https:\/\/amazingmarket.ee\/et\/wp-json\/wp\/v2\/product_tag?post=10167"}],"curies":[{"name":"wp","href":"https:\/\/api.w.org\/{rel}","templated":true}]}}