{"id":10071,"date":"2025-03-05T13:07:35","date_gmt":"2025-03-05T11:07:35","guid":{"rendered":"https:\/\/amazingmarket.ee\/?post_type=product&#038;p=10071"},"modified":"2026-03-14T11:15:22","modified_gmt":"2026-03-14T09:15:22","slug":"thrustmaster-t80-ferrari-488-gtb-edition-game-racing-wheel","status":"publish","type":"product","link":"https:\/\/amazingmarket.ee\/et\/toode\/thrustmaster-t80-ferrari-488-gtb-edition-game-racing-wheel\/","title":{"rendered":"Thrustmaster T80 Ferrari 488 GTB Editioni v\u00f5idus\u00f5iduratas"},"content":{"rendered":"<h1>DEMO<\/h1>\n<h1 class=\"a-size-base-plus a-text-bold\">Selle \u00fcksuse kohta<\/h1>\n<ul class=\"a-unordered-list a-vertical a-spacing-mini\">\n<li class=\"a-spacing-mini\"><span class=\"a-list-item\">T\u00f6\u00f6tab PS5 m\u00e4ngudega<\/span><\/li>\n<li class=\"a-spacing-mini\"><span class=\"a-list-item\">Sisseehitatud nupud \u201ePS\u201d, \u201eSHARE\u201d ja \u201eOPTIONS\u201d h\u00f5lpsaks navigeerimiseks PS4 s\u00fcsteemis ja m\u00e4ngusiseses men\u00fc\u00fcs.<\/span><\/li>\n<li class=\"a-spacing-mini\"><span class=\"a-list-item\">Ergonoomilise disainiga rool, mis on optimeeritud igat t\u00fc\u00fcpi v\u00f5idus\u00f5idum\u00e4ngude jaoks PlayStation 4 s\u00fcsteemil (GT, F1, Stock car, Rally, Arcade jne).<\/span><\/li>\n<li class=\"a-spacing-mini\"><span class=\"a-list-item\">Realistlik lineaarne ratta takistus automaatse tsentreerimisega (eksklusiivne Thrustmasteri &quot;Bungee Cord&quot; s\u00fcsteem).<\/span><\/li>\n<li class=\"a-spacing-mini\"><span class=\"a-list-item\">Roolile kinnitatud j\u00e4rjestikused k\u00e4iguvahetuslabad: kaks \u00fcles ja alla suunatud digitaalset k\u00e4iguvahetuslaba v\u00f5imaldavad k\u00e4ike kiiremini vahetada.<\/span><\/li>\n<\/ul>","protected":false},"excerpt":{"rendered":"<h2>Tooteteave<\/h2>\n<div class=\"a-row a-spacing-top-base\">\n<div class=\"a-column a-span6\">\n<div class=\"a-row a-spacing-base\">\n<div class=\"a-section table-padding\">\n<table id=\"productDetails_detailBullets_sections1\" class=\"a-keyvalue prodDetTable\" role=\"presentation\">\n<tbody>\n<tr>\n<th class=\"a-color-secondary a-size-base prodDetSectionEntry\">ASIN<\/th>\n<td class=\"a-size-base prodDetAttrValue\">B077MT5XPP<\/td>\n<\/tr>\n<tr>\n<th class=\"a-color-secondary a-size-base prodDetSectionEntry\">V\u00e4ljalaskekuup\u00e4ev<\/th>\n<td class=\"a-size-base prodDetAttrValue\">20. m\u00e4rts 2018<\/td>\n<\/tr>\n<tr>\n<th class=\"a-color-secondary a-size-base prodDetSectionEntry\">Klientide \u00fclevaated<\/th>\n<td class=\"a-size-base\">\n<div id=\"averageCustomerReviews\" data-asin=\"B077MT5XPP\" data-ref=\"dpx_acr_pop_\"><span class=\"a-declarative\" data-action=\"acrStarsLink-click-metrics\" data-acrstarslink-click-metrics=\"{}\"><span id=\"acrPopover\" class=\"reviewCountTextLinkedHistogram noUnderline\" title=\"3,9 t\u00e4rni viiest\"><a class=\"a-popover-trigger a-declarative\" role=\"button\"><span class=\"a-size-base a-color-base\">3.9\u00a0<\/span><i class=\"a-icon a-icon-star a-star-4 cm-cr-review-stars-spacing-big\"><span class=\"a-icon-alt\">3,9 t\u00e4rni viiest<\/span><\/i>\u00a0<i class=\"a-icon a-icon-popover\"><\/i><\/a>\u00a0\u00a0<\/span><\/span><\/div>\n<\/td>\n<\/tr>\n<tr>\n<th class=\"a-color-secondary a-size-base prodDetSectionEntry\"><\/th>\n<td><\/td>\n<\/tr>\n<tr>\n<th class=\"a-color-secondary a-size-base prodDetSectionEntry\">Kauba t\u00fc\u00fcp<\/th>\n<td class=\"a-size-base prodDetAttrValue\">Videom\u00e4ng<\/td>\n<\/tr>\n<tr>\n<th class=\"a-color-secondary a-size-base prodDetSectionEntry\">Keel<\/th>\n<td class=\"a-size-base prodDetAttrValue\">Inglise, prantsuse<\/td>\n<\/tr>\n<tr>\n<th class=\"a-color-secondary a-size-base prodDetSectionEntry\">Kauba mudeli number<\/th>\n<td class=\"a-size-base prodDetAttrValue\">4169089<\/td>\n<\/tr>\n<tr>\n<th class=\"a-color-secondary a-size-base prodDetSectionEntry\">Tootja on katkestanud<\/th>\n<td class=\"a-size-base prodDetAttrValue\">Ei<\/td>\n<\/tr>\n<tr>\n<th class=\"a-color-secondary a-size-base prodDetSectionEntry\">Kauba kaal<\/th>\n<td class=\"a-size-base prodDetAttrValue\">8,59 naela<\/td>\n<\/tr>\n<tr>\n<th class=\"a-color-secondary a-size-base prodDetSectionEntry\">Tootja<\/th>\n<td class=\"a-size-base prodDetAttrValue\">Thrustmaster<\/td>\n<\/tr>\n<tr>\n<th class=\"a-color-secondary a-size-base prodDetSectionEntry\">Esmakordselt saadaval olev kuup\u00e4ev<\/th>\n<td class=\"a-size-base prodDetAttrValue\">27. november 2017<\/td>\n<\/tr>\n<\/tbody>\n<\/table>\n<\/div>\n<\/div>\n<\/div>\n<\/div>","protected":false},"featured_media":10569,"comment_status":"open","ping_status":"closed","template":"","meta":{"_monsterinsights_skip_tracking":false,"_monsterinsights_sitenote_active":false,"_monsterinsights_sitenote_note":"","_monsterinsights_sitenote_category":0,"jetpack_publicize_message":"","jetpack_publicize_feature_enabled":true,"jetpack_social_post_already_shared":false,"jetpack_social_options":{"image_generator_settings":{"template":"highway","default_image_id":0,"font":"","enabled":false},"version":2}},"product_brand":[],"product_cat":[199,198],"product_tag":[],"class_list":{"0":"post-10071","1":"product","2":"type-product","3":"status-publish","4":"has-post-thumbnail","6":"product_cat-gaming-steering-wheels-chairs","7":"product_cat-it","9":"first","10":"instock","11":"sale","12":"shipping-taxable","13":"purchasable","14":"product-type-simple"},"aioseo_notices":[],"jetpack_publicize_connections":[],"jetpack_sharing_enabled":true,"_links":{"self":[{"href":"https:\/\/amazingmarket.ee\/et\/wp-json\/wp\/v2\/product\/10071","targetHints":{"allow":["GET"]}}],"collection":[{"href":"https:\/\/amazingmarket.ee\/et\/wp-json\/wp\/v2\/product"}],"about":[{"href":"https:\/\/amazingmarket.ee\/et\/wp-json\/wp\/v2\/types\/product"}],"replies":[{"embeddable":true,"href":"https:\/\/amazingmarket.ee\/et\/wp-json\/wp\/v2\/comments?post=10071"}],"wp:featuredmedia":[{"embeddable":true,"href":"https:\/\/amazingmarket.ee\/et\/wp-json\/wp\/v2\/media\/10569"}],"wp:attachment":[{"href":"https:\/\/amazingmarket.ee\/et\/wp-json\/wp\/v2\/media?parent=10071"}],"wp:term":[{"taxonomy":"product_brand","embeddable":true,"href":"https:\/\/amazingmarket.ee\/et\/wp-json\/wp\/v2\/product_brand?post=10071"},{"taxonomy":"product_cat","embeddable":true,"href":"https:\/\/amazingmarket.ee\/et\/wp-json\/wp\/v2\/product_cat?post=10071"},{"taxonomy":"product_tag","embeddable":true,"href":"https:\/\/amazingmarket.ee\/et\/wp-json\/wp\/v2\/product_tag?post=10071"}],"curies":[{"name":"wp","href":"https:\/\/api.w.org\/{rel}","templated":true}]}}