{"id":10065,"date":"2025-03-05T13:08:10","date_gmt":"2025-03-05T11:08:10","guid":{"rendered":"https:\/\/amazingmarket.ee\/?post_type=product&#038;p=10065"},"modified":"2026-03-14T11:15:22","modified_gmt":"2026-03-14T09:15:22","slug":"dreame-l10-prime-robot-vacuum-and-mop","status":"publish","type":"product","link":"https:\/\/amazingmarket.ee\/et\/toode\/dreame-l10-prime-robot-vacuum-and-mop\/","title":{"rendered":"Dreame L10 Prime robottolmuimeja ja mop"},"content":{"rendered":"<h1>V\u00c4HE KASUTATUD, HEAS KORRAS<\/h1>\n<h1 class=\"a-size-base-plus a-text-bold\">Selle \u00fcksuse kohta<\/h1>\n<ul class=\"a-unordered-list a-vertical a-spacing-mini\">\n<li class=\"a-spacing-mini\"><span class=\"a-list-item\">T\u00e4iendage oma puhastuskogemust, L10 Prime&#039;i nutikas algoritm peseb mopid automaatselt p\u00e4rast iga puhastus\u00fcksust; Air Blow Dry funktsioon v\u00f5ib takistada hallituse v\u00f5i bakterite kasvu; Pingutuseta v\u00e4rskus<\/span><\/li>\n<li class=\"a-spacing-mini\"><span class=\"a-list-item\">7 mm mopit\u00f5ste abil ei pea te muretsema, et vaibad saavad m\u00e4rjaks ja v\u00e4ltige m\u00e4\u00e4rdunud mopilappide lohistamist tugijaama tagastamise ajal, v\u00e4ltides sekundaarset saastumist<\/span><\/li>\n<li class=\"a-spacing-mini\"><span class=\"a-list-item\">Kas soovite teada, kuidas k\u00f5ik need kastmed v\u00f5i koksi mahavoolamine p\u00f5randalt maha k\u00fc\u00fcrida? Meie kahe p\u00f6\u00f6rlemisega mop j\u00e4ljendab k\u00e4sitsi survega p\u00f6\u00f6rlemist, lahendades kiiresti majapidamises tekkinud segadused<\/span><\/li>\n<li class=\"a-spacing-mini\"><span class=\"a-list-item\">4000 Pa v\u00f5imsus tagab v\u00f5imsa ja lihtsa prahi, mustuse ja karvade \u00e4rakorjamise, reguleerides samal ajal oma imemisj\u00f5udu automaatselt mitmele pinnale, nt lehtpuup\u00f5randatele, pragudele, nurkadele v\u00f5i vaipadele.<\/span><\/li>\n<li class=\"a-spacing-mini\"><span class=\"a-list-item\">LDS-tehnoloogia planeerib marsruudi arukalt, et v\u00e4ltida korduvat puhastamist ja puhastada teie tuba k\u00f5ige t\u00f5husamalt; Rakenduse 3D-kaardid v\u00f5imaldavad teil seadistada m\u00f6\u00f6bli asukohti ja m\u00e4rkida kaardil puhastamiseks ala<\/span><\/li>\n<\/ul>","protected":false},"excerpt":{"rendered":"<div class=\"a-row\">\n<div class=\"a-column a-span6\">\n<h1 class=\"a-size-medium a-spacing-small\">Tehnilised \u00fcksikasjad<\/h1>\n<\/div>\n<\/div>\n<div class=\"a-expander-content a-expander-extend-content\" data-expanded=\"true\">\n<div class=\"a-row a-expander-container a-expander-inline-container\">\n<div class=\"a-expander-content a-expander-section-content a-section-expander-inner\" data-expanded=\"true\">\n<table id=\"productDetails_techSpec_section_1\" class=\"a-keyvalue prodDetTable\" role=\"presentation\">\n<tbody>\n<tr>\n<th class=\"a-color-secondary a-size-base prodDetSectionEntry\">Kaubam\u00e4rk<\/th>\n<td class=\"a-size-base prodDetAttrValue\">UNISTUS<\/td>\n<\/tr>\n<tr>\n<th class=\"a-color-secondary a-size-base prodDetSectionEntry\">Mudeli number<\/th>\n<td class=\"a-size-base prodDetAttrValue\">L10 Prime<\/td>\n<\/tr>\n<tr>\n<th class=\"a-color-secondary a-size-base prodDetSectionEntry\">V\u00e4rv<\/th>\n<td class=\"a-size-base prodDetAttrValue\">Valge<\/td>\n<\/tr>\n<tr>\n<th class=\"a-color-secondary a-size-base prodDetSectionEntry\">Mahutavus<\/th>\n<td class=\"a-size-base prodDetAttrValue\">3 liitrit<\/td>\n<\/tr>\n<tr>\n<th class=\"a-color-secondary a-size-base prodDetSectionEntry\">Pinge<\/th>\n<td class=\"a-size-base prodDetAttrValue\">14,4 volti (DC)<\/td>\n<\/tr>\n<tr>\n<th class=\"a-color-secondary a-size-base prodDetSectionEntry\">Eriomadused<\/th>\n<td class=\"a-size-base prodDetAttrValue\">m\u00e4rg, kuiv<\/td>\n<\/tr>\n<tr>\n<th class=\"a-color-secondary a-size-base prodDetSectionEntry\">Kauba kaal<\/th>\n<td class=\"a-size-base prodDetAttrValue\">9,4 kilogrammi<\/td>\n<\/tr>\n<\/tbody>\n<\/table>\n<\/div>\n<\/div>\n<\/div>","protected":false},"featured_media":10549,"comment_status":"open","ping_status":"closed","template":"","meta":{"_monsterinsights_skip_tracking":false,"_monsterinsights_sitenote_active":false,"_monsterinsights_sitenote_note":"","_monsterinsights_sitenote_category":0,"jetpack_publicize_message":"","jetpack_publicize_feature_enabled":true,"jetpack_social_post_already_shared":false,"jetpack_social_options":{"image_generator_settings":{"template":"highway","default_image_id":0,"font":"","enabled":false},"version":2}},"product_brand":[],"product_cat":[80,102],"product_tag":[],"class_list":{"0":"post-10065","1":"product","2":"type-product","3":"status-publish","4":"has-post-thumbnail","6":"product_cat-robot-vacuum-cleaners","7":"product_cat-vacuum-cleaners","9":"first","10":"instock","11":"sale","12":"shipping-taxable","13":"purchasable","14":"product-type-simple"},"aioseo_notices":[],"jetpack_publicize_connections":[],"jetpack_sharing_enabled":true,"_links":{"self":[{"href":"https:\/\/amazingmarket.ee\/et\/wp-json\/wp\/v2\/product\/10065","targetHints":{"allow":["GET"]}}],"collection":[{"href":"https:\/\/amazingmarket.ee\/et\/wp-json\/wp\/v2\/product"}],"about":[{"href":"https:\/\/amazingmarket.ee\/et\/wp-json\/wp\/v2\/types\/product"}],"replies":[{"embeddable":true,"href":"https:\/\/amazingmarket.ee\/et\/wp-json\/wp\/v2\/comments?post=10065"}],"wp:featuredmedia":[{"embeddable":true,"href":"https:\/\/amazingmarket.ee\/et\/wp-json\/wp\/v2\/media\/10549"}],"wp:attachment":[{"href":"https:\/\/amazingmarket.ee\/et\/wp-json\/wp\/v2\/media?parent=10065"}],"wp:term":[{"taxonomy":"product_brand","embeddable":true,"href":"https:\/\/amazingmarket.ee\/et\/wp-json\/wp\/v2\/product_brand?post=10065"},{"taxonomy":"product_cat","embeddable":true,"href":"https:\/\/amazingmarket.ee\/et\/wp-json\/wp\/v2\/product_cat?post=10065"},{"taxonomy":"product_tag","embeddable":true,"href":"https:\/\/amazingmarket.ee\/et\/wp-json\/wp\/v2\/product_tag?post=10065"}],"curies":[{"name":"wp","href":"https:\/\/api.w.org\/{rel}","templated":true}]}}