{"id":1006,"date":"2024-01-30T15:29:32","date_gmt":"2024-01-30T15:29:32","guid":{"rendered":"https:\/\/amazingmarket.ee\/?post_type=product&#038;p=1006"},"modified":"2026-03-14T11:15:31","modified_gmt":"2026-03-14T09:15:31","slug":"philips-hr-1855-70-centrifugal-juice","status":"publish","type":"product","link":"https:\/\/amazingmarket.ee\/et\/toode\/philips-hr-1855-70-centrifugal-juice\/","title":{"rendered":"Philips HR 1855\/70 tsentrifugaalmahl"},"content":{"rendered":"<pre id=\"tw-target-text\" class=\"tw-data-text tw-text-large tw-ta\" dir=\"ltr\" data-placeholder=\"\u041f\u0435\u0440\u0435\u0432\u043e\u0434\" data-ved=\"2ahUKEwjGkaWay5WJAxXlLRAIHf8EDdwQ3ewLegQIBxAU\" aria-label=\"\u041f\u0435\u0440\u0435\u0432\u0435\u0434\u0435\u043d\u043d\u044b\u0439 \u0442\u0435\u043a\u0441\u0442: Puuviljade l\u00fckkamiseks pole piisavalt pulka kasutusel\"><span class=\"Y2IQFc\" lang=\"en\" style=\"font-size: 120%;\">Puuviljade l\u00fckkamiseks pole piisavalt pulka kasutusel<\/span><\/pre>\n<p>Philipsi tsentrifugaalmahla ekstraktor HR 1855\/70 on esmaklassiline seade, mis on loodud pakkuma teile m\u00f5ne sekundiga v\u00e4rsket ja toitvat mahla. Varustatud v\u00f5imsa mootori ja uuendusliku tsentrifugaaltehnoloogiaga, ekstraheerib see t\u00f5husalt mahla puu- ja k\u00f6\u00f6giviljadest, tagades maksimaalse saagise ja minimaalse raiskamise. Selle eriti suur s\u00f6\u00f6tmistoru v\u00f5imaldab teil mahla teha tervetest puu- ja k\u00f6\u00f6giviljadest ilma eelneva l\u00f5ikamiseta, s\u00e4\u00e4stes teie aega ja vaeva. Ainulaadne disain sisaldab eelpuhastusfunktsiooni, mis h\u00f5lbustab loputamist ja puhastamist, samas kui elegantne ja kaasaegne esteetika lisab stiili igale k\u00f6\u00f6gilauale. Oma mitmek\u00fclgsuse ja kasutuslihtsusega on Philipsi tsentrifugaalmahlapress HR 1855\/70 ideaalne valik terviseteadlikele inimestele, kes otsivad mugavaid ja maitsvaid mahlapressimise lahendusi.<\/p>","protected":false},"excerpt":{"rendered":"<p>Philipsi tsentrifugaalmahlapress HR 1855\/70 pakub v\u00f5imsa mootori ja tsentrifugaaltehnoloogia abil kiiret ja t\u00f5husat mahlapressimist. Selle suur etteandetoru ja eelpuhastusfunktsioon muudavad mahlapressimise kiireks ja lihtsaks, samal ajal kui elegantne disain lisab teie k\u00f6\u00f6gile moodsat h\u00f5ngu.<\/p>","protected":false},"featured_media":1179,"comment_status":"open","ping_status":"closed","template":"","meta":{"_monsterinsights_skip_tracking":false,"_monsterinsights_sitenote_active":false,"_monsterinsights_sitenote_note":"","_monsterinsights_sitenote_category":0,"jetpack_publicize_message":"","jetpack_publicize_feature_enabled":true,"jetpack_social_post_already_shared":false,"jetpack_social_options":{"image_generator_settings":{"template":"highway","default_image_id":0,"font":"","enabled":false},"version":2}},"product_brand":[],"product_cat":[81],"product_tag":[],"class_list":{"0":"post-1006","1":"product","2":"type-product","3":"status-publish","4":"has-post-thumbnail","6":"product_cat-juice-extractors","8":"first","9":"instock","10":"sale","11":"shipping-taxable","12":"purchasable","13":"product-type-simple"},"aioseo_notices":[],"jetpack_publicize_connections":[],"jetpack_sharing_enabled":true,"_links":{"self":[{"href":"https:\/\/amazingmarket.ee\/et\/wp-json\/wp\/v2\/product\/1006","targetHints":{"allow":["GET"]}}],"collection":[{"href":"https:\/\/amazingmarket.ee\/et\/wp-json\/wp\/v2\/product"}],"about":[{"href":"https:\/\/amazingmarket.ee\/et\/wp-json\/wp\/v2\/types\/product"}],"replies":[{"embeddable":true,"href":"https:\/\/amazingmarket.ee\/et\/wp-json\/wp\/v2\/comments?post=1006"}],"wp:featuredmedia":[{"embeddable":true,"href":"https:\/\/amazingmarket.ee\/et\/wp-json\/wp\/v2\/media\/1179"}],"wp:attachment":[{"href":"https:\/\/amazingmarket.ee\/et\/wp-json\/wp\/v2\/media?parent=1006"}],"wp:term":[{"taxonomy":"product_brand","embeddable":true,"href":"https:\/\/amazingmarket.ee\/et\/wp-json\/wp\/v2\/product_brand?post=1006"},{"taxonomy":"product_cat","embeddable":true,"href":"https:\/\/amazingmarket.ee\/et\/wp-json\/wp\/v2\/product_cat?post=1006"},{"taxonomy":"product_tag","embeddable":true,"href":"https:\/\/amazingmarket.ee\/et\/wp-json\/wp\/v2\/product_tag?post=1006"}],"curies":[{"name":"wp","href":"https:\/\/api.w.org\/{rel}","templated":true}]}}