{"id":10042,"date":"2025-02-25T12:44:54","date_gmt":"2025-02-25T10:44:54","guid":{"rendered":"https:\/\/amazingmarket.ee\/?post_type=product&#038;p=10042"},"modified":"2026-03-14T11:15:22","modified_gmt":"2026-03-14T09:15:22","slug":"thomson-24ha2s13c-tv","status":"publish","type":"product","link":"https:\/\/amazingmarket.ee\/et\/toode\/thomson-24ha2s13c-tv\/","title":{"rendered":"Thomson 24HA2S13C teler"},"content":{"rendered":"<h1 class=\"a-size-base-plus a-text-bold\">Selle \u00fcksuse kohta<\/h1>\n<p>&nbsp;<\/p>\n<ul class=\"a-unordered-list a-vertical a-spacing-mini\">\n<li class=\"a-spacing-mini\"><span class=\"a-list-item\">Esmaklassiline taustvalgustusega kaugjuhtimispult: hoidke silm peal k\u00f5igil oma nuppudel isegi pimedas.<\/span><\/li>\n<li class=\"a-spacing-mini\"><span class=\"a-list-item\">Kolmekordne tuuner ja CI+: vaadake telerit DTT, kaabli v\u00f5i satelliidi kaudu ilma lisariistvarata.<\/span><\/li>\n<li class=\"a-spacing-mini\"><span class=\"a-list-item\">Thomsoni lubadus: 3-aastane tootja t\u00e4ielik garantii, usaldusv\u00e4\u00e4rsuse t\u00f5end. Ja toodete kokkupanek Euroopas, mis garanteerib meie telerite kvaliteedi.<\/span><\/li>\n<\/ul>","protected":false},"excerpt":{"rendered":"<div class=\"a-row\">\n<div class=\"a-column a-span6\">\n<h1 class=\"a-size-medium a-spacing-small\">Tehnilised \u00fcksikasjad<\/h1>\n<\/div>\n<\/div>\n<div class=\"a-expander-content a-expander-extend-content\" data-expanded=\"true\">\n<div class=\"a-row a-expander-container a-expander-inline-container\">\n<div class=\"a-expander-content a-expander-section-content a-section-expander-inner\" data-expanded=\"true\">\n<table id=\"productDetails_techSpec_section_1\" class=\"a-keyvalue prodDetTable\" role=\"presentation\">\n<tbody>\n<tr>\n<th class=\"a-color-secondary a-size-base prodDetSectionEntry\">Kaubam\u00e4rk<\/th>\n<td class=\"a-size-base prodDetAttrValue\">Thomson<\/td>\n<\/tr>\n<tr>\n<th class=\"a-color-secondary a-size-base prodDetSectionEntry\">V\u00e4rviline kaart<\/th>\n<td class=\"a-size-base prodDetAttrValue\">Must<\/td>\n<\/tr>\n<tr>\n<th class=\"a-color-secondary a-size-base prodDetSectionEntry\"><\/th>\n<td class=\"a-size-base prodDetAttrValue\"><\/td>\n<\/tr>\n<tr>\n<th class=\"a-color-secondary a-size-base prodDetSectionEntry\">Seisuva ekraani suurus<\/th>\n<td class=\"a-size-base prodDetAttrValue\">24<\/td>\n<\/tr>\n<tr>\n<th class=\"a-color-secondary a-size-base prodDetSectionEntry\">\u00dchendused<\/th>\n<td class=\"a-size-base prodDetAttrValue\">HDMI WiFi<\/td>\n<\/tr>\n<tr>\n<th class=\"a-color-secondary a-size-base prodDetSectionEntry\">Max fookuskaugus<\/th>\n<td class=\"a-size-base prodDetAttrValue\">HDMI<\/td>\n<\/tr>\n<tr>\n<th class=\"a-color-secondary a-size-base prodDetSectionEntry\">Eriomadused<\/th>\n<td class=\"a-size-base prodDetAttrValue\">Chromecasti<\/td>\n<\/tr>\n<tr>\n<th class=\"a-color-secondary a-size-base prodDetSectionEntry\">\u00dchilduvad seadmed<\/th>\n<td class=\"a-size-base prodDetAttrValue\">S\u00fclearvuti, M\u00e4ngukonsool, Kiiver, Televiisor, Mobiiltelefon, K\u00f5lar, M\u00e4ngukonsool<\/td>\n<\/tr>\n<tr>\n<th class=\"a-color-secondary a-size-base prodDetSectionEntry\">Varuosade saadavuse kestus<\/th>\n<td class=\"a-size-base prodDetAttrValue\">Teave varuosade kohta pole saadaval ega pakutud<\/td>\n<\/tr>\n<tr>\n<th class=\"a-color-secondary a-size-base prodDetSectionEntry\">Garanteeritud tarkvarauuendused kuni<\/th>\n<td class=\"a-size-base prodDetAttrValue\">teadmata<\/td>\n<\/tr>\n<\/tbody>\n<\/table>\n<\/div>\n<\/div>\n<\/div>","protected":false},"featured_media":13330,"comment_status":"open","ping_status":"closed","template":"","meta":{"_monsterinsights_skip_tracking":false,"_monsterinsights_sitenote_active":false,"_monsterinsights_sitenote_note":"","_monsterinsights_sitenote_category":0,"jetpack_publicize_message":"","jetpack_publicize_feature_enabled":true,"jetpack_social_post_already_shared":false,"jetpack_social_options":{"image_generator_settings":{"template":"highway","default_image_id":0,"font":"","enabled":false},"version":2}},"product_brand":[],"product_cat":[144],"product_tag":[],"class_list":{"0":"post-10042","1":"product","2":"type-product","3":"status-publish","4":"has-post-thumbnail","6":"product_cat-tvs","8":"first","9":"instock","10":"sale","11":"shipping-taxable","12":"purchasable","13":"product-type-simple"},"aioseo_notices":[],"jetpack_publicize_connections":[],"jetpack_sharing_enabled":true,"_links":{"self":[{"href":"https:\/\/amazingmarket.ee\/et\/wp-json\/wp\/v2\/product\/10042","targetHints":{"allow":["GET"]}}],"collection":[{"href":"https:\/\/amazingmarket.ee\/et\/wp-json\/wp\/v2\/product"}],"about":[{"href":"https:\/\/amazingmarket.ee\/et\/wp-json\/wp\/v2\/types\/product"}],"replies":[{"embeddable":true,"href":"https:\/\/amazingmarket.ee\/et\/wp-json\/wp\/v2\/comments?post=10042"}],"wp:featuredmedia":[{"embeddable":true,"href":"https:\/\/amazingmarket.ee\/et\/wp-json\/wp\/v2\/media\/13330"}],"wp:attachment":[{"href":"https:\/\/amazingmarket.ee\/et\/wp-json\/wp\/v2\/media?parent=10042"}],"wp:term":[{"taxonomy":"product_brand","embeddable":true,"href":"https:\/\/amazingmarket.ee\/et\/wp-json\/wp\/v2\/product_brand?post=10042"},{"taxonomy":"product_cat","embeddable":true,"href":"https:\/\/amazingmarket.ee\/et\/wp-json\/wp\/v2\/product_cat?post=10042"},{"taxonomy":"product_tag","embeddable":true,"href":"https:\/\/amazingmarket.ee\/et\/wp-json\/wp\/v2\/product_tag?post=10042"}],"curies":[{"name":"wp","href":"https:\/\/api.w.org\/{rel}","templated":true}]}}