{"id":10023,"date":"2025-02-25T11:59:30","date_gmt":"2025-02-25T09:59:30","guid":{"rendered":"https:\/\/amazingmarket.ee\/?post_type=product&#038;p=10023"},"modified":"2026-03-14T11:15:22","modified_gmt":"2026-03-14T09:15:22","slug":"samsung-qe43ls03d-hdr-smart-tv","status":"publish","type":"product","link":"https:\/\/amazingmarket.ee\/et\/toode\/samsung-qe43ls03d-hdr-smart-tv\/","title":{"rendered":"Samsung QE43LS03D HDR nutiteler"},"content":{"rendered":"<h1 class=\"a-size-base-plus a-text-bold\">Selle \u00fcksuse kohta<\/h1>\n<ul class=\"a-unordered-list a-vertical a-spacing-mini\">\n<li class=\"a-spacing-mini\"><span class=\"a-list-item\">JUURDEP\u00c4\u00c4S 2500+ KUNSTITEOSELE: Samsungi kunstipoe kaudu p\u00e4\u00e4sete juurde parimale telekunstikollektsioonile, kus on 2500+ teost maailmakuulsatelt muuseumitelt ja kunstnikelt, nagu The Met, MoMA, Basquiat, Salvador Dali ja palju muud *Tellimisteenusele kehtivad tasud.<\/span><\/li>\n<li class=\"a-spacing-mini\"><span class=\"a-list-item\">INTELLIGENTNE DISAIN: k\u00f5rvaldab juhtmete segaduse One Connect Box abil, mis toidab telerit ja \u00fchendab seadmeid \u00fche kaabliga. Kaasasolev Slim Fit seinakinnitus ripub The Frame&#039;i seina k\u00fcljes ja n\u00e4eb v\u00e4lja nagu t\u00f5eline raam.<\/span><\/li>\n<li class=\"a-spacing-mini\"><span class=\"a-list-item\">K\u00d5IGE KOHANDAMISE VALIKUD: Erinevate raamide, Deco TV Frame&#039;i eksklusiivsete raamide ja mitmesuguste digitaalsete mattide valikutega pakub The Frame k\u00f5ige rohkem isikup\u00e4rastamisv\u00f5imalusi.<\/span><\/li>\n<li class=\"a-spacing-mini\"><span class=\"a-list-item\">MITMESUGUSED SUURUSE VALIKUD: Saadaval paljudes suurustes, et need sobiksid ideaalselt teie ruumiga.<\/span><\/li>\n<li class=\"a-spacing-mini\"><span class=\"a-list-item\">EKSPERTI KINNITATUD V\u00c4RV: Saadaval ainult The Frame&#039;is, Pantone Validated ArtfulColor tagab, et kunstiteosed n\u00e4evad v\u00e4lja erksad ja elutruud, nagu see oleks muuseumis.<\/span><\/li>\n<li class=\"a-spacing-mini\"><span class=\"a-list-item\">SERTIFITSEERITUD P\u00c4RISTUVABA MATTEKRAAN: UL-sertifikaadiga matt ekraan tagab pimestamiseta viimistluse, mis j\u00e4tab ekraanile prinditud mulje.<\/span><\/li>\n<\/ul>","protected":false},"excerpt":{"rendered":"<div class=\"a-row\">\n<div class=\"a-column a-span6\">\n<h1 class=\"a-size-medium a-spacing-small\">Tehnilised \u00fcksikasjad<\/h1>\n<\/div>\n<\/div>\n<div class=\"a-expander-content a-expander-extend-content\" data-expanded=\"true\">\n<div class=\"a-row a-expander-container a-expander-inline-container\">\n<div class=\"a-expander-content a-expander-section-content a-section-expander-inner\" data-expanded=\"true\">\n<table id=\"productDetails_techSpec_section_1\" class=\"a-keyvalue prodDetTable\" role=\"presentation\">\n<tbody>\n<tr>\n<th class=\"a-color-secondary a-size-base prodDetSectionEntry\">Kaubam\u00e4rgi nimi<\/th>\n<td class=\"a-size-base prodDetAttrValue\">SAMSUNG<\/td>\n<\/tr>\n<tr>\n<th class=\"a-color-secondary a-size-base prodDetSectionEntry\">Kauba kaal<\/th>\n<td class=\"a-size-base prodDetAttrValue\">19,6 naela<\/td>\n<\/tr>\n<tr>\n<th class=\"a-color-secondary a-size-base prodDetSectionEntry\">Toote m\u00f5\u00f5tmed<\/th>\n<td class=\"a-size-base prodDetAttrValue\">7,7 x 38,2 x 23,3 tolli<\/td>\n<\/tr>\n<tr>\n<th class=\"a-color-secondary a-size-base prodDetSectionEntry\">Kauba mudeli number<\/th>\n<td class=\"a-size-base prodDetAttrValue\">E1SAMQN43LS03DARB<\/td>\n<\/tr>\n<tr>\n<th class=\"a-color-secondary a-size-base prodDetSectionEntry\">V\u00e4rvi nimi<\/th>\n<td class=\"a-size-base prodDetAttrValue\">Must<\/td>\n<\/tr>\n<tr>\n<th class=\"a-color-secondary a-size-base prodDetSectionEntry\">Eriomadused<\/th>\n<td class=\"a-size-base prodDetAttrValue\">Kunstire\u017eiim; Peegeldusvastane matt ekraan; Kohandatav raam, 100% v\u00e4rvimaht; Quantum HDR; T\u00f5eline s\u00fcgavuse suurendaja; Kvantprotsessor 4K<\/td>\n<\/tr>\n<tr>\n<th class=\"a-color-secondary a-size-base prodDetSectionEntry\">K\u00f5lari t\u00fc\u00fcp<\/th>\n<td class=\"a-size-base prodDetAttrValue\">2CH<\/td>\n<\/tr>\n<tr>\n<th class=\"a-color-secondary a-size-base prodDetSectionEntry\">Kauba kaal<\/th>\n<td class=\"a-size-base prodDetAttrValue\">19,6 naela<\/td>\n<\/tr>\n<tr>\n<th class=\"a-color-secondary a-size-base prodDetSectionEntry\">Seisuva ekraani suurus<\/th>\n<td class=\"a-size-base prodDetAttrValue\">43 tolli<\/td>\n<\/tr>\n<tr>\n<th class=\"a-color-secondary a-size-base prodDetSectionEntry\">Kuvasuhe<\/th>\n<td class=\"a-size-base prodDetAttrValue\">16:9<\/td>\n<\/tr>\n<tr>\n<th class=\"a-color-secondary a-size-base prodDetSectionEntry\">Pinge<\/th>\n<td class=\"a-size-base prodDetAttrValue\">2,2E+2 volti (AC)<\/td>\n<\/tr>\n<tr>\n<th class=\"a-color-secondary a-size-base prodDetSectionEntry\">V\u00f5imsus<\/th>\n<td class=\"a-size-base prodDetAttrValue\">53,47 vatti<\/td>\n<\/tr>\n<\/tbody>\n<\/table>\n<\/div>\n<\/div>\n<\/div>","protected":false},"featured_media":10441,"comment_status":"open","ping_status":"closed","template":"","meta":{"_monsterinsights_skip_tracking":false,"_monsterinsights_sitenote_active":false,"_monsterinsights_sitenote_note":"","_monsterinsights_sitenote_category":0,"jetpack_publicize_message":"","jetpack_publicize_feature_enabled":true,"jetpack_social_post_already_shared":false,"jetpack_social_options":{"image_generator_settings":{"template":"highway","default_image_id":0,"font":"","enabled":false},"version":2}},"product_brand":[],"product_cat":[144],"product_tag":[],"class_list":{"0":"post-10023","1":"product","2":"type-product","3":"status-publish","4":"has-post-thumbnail","6":"product_cat-tvs","8":"first","9":"instock","10":"sale","11":"shipping-taxable","12":"purchasable","13":"product-type-simple"},"aioseo_notices":[],"jetpack_publicize_connections":[],"jetpack_sharing_enabled":true,"_links":{"self":[{"href":"https:\/\/amazingmarket.ee\/et\/wp-json\/wp\/v2\/product\/10023","targetHints":{"allow":["GET"]}}],"collection":[{"href":"https:\/\/amazingmarket.ee\/et\/wp-json\/wp\/v2\/product"}],"about":[{"href":"https:\/\/amazingmarket.ee\/et\/wp-json\/wp\/v2\/types\/product"}],"replies":[{"embeddable":true,"href":"https:\/\/amazingmarket.ee\/et\/wp-json\/wp\/v2\/comments?post=10023"}],"wp:featuredmedia":[{"embeddable":true,"href":"https:\/\/amazingmarket.ee\/et\/wp-json\/wp\/v2\/media\/10441"}],"wp:attachment":[{"href":"https:\/\/amazingmarket.ee\/et\/wp-json\/wp\/v2\/media?parent=10023"}],"wp:term":[{"taxonomy":"product_brand","embeddable":true,"href":"https:\/\/amazingmarket.ee\/et\/wp-json\/wp\/v2\/product_brand?post=10023"},{"taxonomy":"product_cat","embeddable":true,"href":"https:\/\/amazingmarket.ee\/et\/wp-json\/wp\/v2\/product_cat?post=10023"},{"taxonomy":"product_tag","embeddable":true,"href":"https:\/\/amazingmarket.ee\/et\/wp-json\/wp\/v2\/product_tag?post=10023"}],"curies":[{"name":"wp","href":"https:\/\/api.w.org\/{rel}","templated":true}]}}