{"id":11126,"date":"2025-04-01T08:09:43","date_gmt":"2025-04-01T06:09:43","guid":{"rendered":"https:\/\/amazingmarket.ee\/?page_id=11126"},"modified":"2025-04-01T08:11:56","modified_gmt":"2025-04-01T06:11:56","slug":"about-us-amazing-market","status":"publish","type":"page","link":"https:\/\/amazingmarket.ee\/et\/about-us-amazing-market\/","title":{"rendered":"Meist \u2013 H\u00e4mmastav turg"},"content":{"rendered":"<div class=\"container section-title-container\" ><h3 class=\"section-title section-title-normal\"><b><\/b><span class=\"section-title-main\" >Meist \u2013 suurep\u00e4rane turg<\/span><b><\/b><\/h3><\/div>\n\n\n\n\n<p>Amazing Marketis oleme spetsialiseerunud kvaliteetse kasutatud ja demoelektroonika, muusikariistade, robottolmuimejate ja laia valiku kodutehnika pakkumisele. Meie eesm\u00e4rk on muuta arenenud tehnoloogia ja usaldusv\u00e4\u00e4rsed tooted k\u00e4ttesaadavamaks, edendades samal ajal j\u00e4tkusuutlikkust.<\/p>\n\n\n\n<p>Valime hoolikalt iga kauba oma laost, tagades selle vastavuse meie rangetele kvaliteedistandarditele. Keskendudes kasutatud ja demotoodetele, ei anna me mitte ainult oma klientidele m\u00e4rkimisv\u00e4\u00e4rset kokkuhoidu, vaid aitame kaasa ka elektroonikaj\u00e4\u00e4tmete v\u00e4hendamisele, toetades puhtamat ja j\u00e4tkusuutlikumat tulevikku.<\/p>\n\n\n\n<p>Keskkonnateadliku ettev\u00f5ttena oleme p\u00fchendunud planeedi positiivsele m\u00f5jule. Elektroonikat ja seadmeid taaskasutades ja taaskasutades aitame pikendada v\u00e4\u00e4rtuslike ressursside eluiga ja v\u00e4hendada uute toodete valmistamisega seotud s\u00fcsiniku jalaj\u00e4lge.<\/p>\n\n\n\n<p>Amazing Marketis usume, et pakume oma klientidele suurep\u00e4rast v\u00e4\u00e4rtust, suurep\u00e4rast teenindust ja p\u00fchendumist keskkonnavastutusele. Ostke meiega juba t\u00e4na ja liituge meiega, et muuta, \u00fcks ost korraga!<\/p>","protected":false},"excerpt":{"rendered":"<p>At Amazing Market, we specialize in offering high-quality used and demo electronics, musical instruments, robot vacuum cleaners, and a wide variety of home appliances. Our goal is to make advanced technology and reliable products more accessible while promoting sustainability. We carefully select each item in our inventory, ensuring that it meets our rigorous quality standards. [&#8230;]\n","protected":false},"author":1,"featured_media":0,"parent":0,"menu_order":0,"comment_status":"closed","ping_status":"closed","template":"","meta":{"_monsterinsights_skip_tracking":false,"_monsterinsights_sitenote_active":false,"_monsterinsights_sitenote_note":"","_monsterinsights_sitenote_category":0,"footnotes":""},"class_list":["post-11126","page","type-page","status-publish","hentry"],"aioseo_notices":[],"jetpack_sharing_enabled":true,"_links":{"self":[{"href":"https:\/\/amazingmarket.ee\/et\/wp-json\/wp\/v2\/pages\/11126","targetHints":{"allow":["GET"]}}],"collection":[{"href":"https:\/\/amazingmarket.ee\/et\/wp-json\/wp\/v2\/pages"}],"about":[{"href":"https:\/\/amazingmarket.ee\/et\/wp-json\/wp\/v2\/types\/page"}],"author":[{"embeddable":true,"href":"https:\/\/amazingmarket.ee\/et\/wp-json\/wp\/v2\/users\/1"}],"replies":[{"embeddable":true,"href":"https:\/\/amazingmarket.ee\/et\/wp-json\/wp\/v2\/comments?post=11126"}],"version-history":[{"count":2,"href":"https:\/\/amazingmarket.ee\/et\/wp-json\/wp\/v2\/pages\/11126\/revisions"}],"predecessor-version":[{"id":11130,"href":"https:\/\/amazingmarket.ee\/et\/wp-json\/wp\/v2\/pages\/11126\/revisions\/11130"}],"wp:attachment":[{"href":"https:\/\/amazingmarket.ee\/et\/wp-json\/wp\/v2\/media?parent=11126"}],"curies":[{"name":"wp","href":"https:\/\/api.w.org\/{rel}","templated":true}]}}